{"id":9797,"date":"2025-07-20T23:25:58","date_gmt":"2025-07-20T21:25:58","guid":{"rendered":"https:\/\/lumierediamonds.eu\/?post_type=product&#038;p=9797"},"modified":"2025-11-17T13:53:03","modified_gmt":"2025-11-17T12:53:03","slug":"kolczyki-kola-z-motywem-stokrotek","status":"publish","type":"product","link":"https:\/\/lumierediamonds.eu\/pl\/produkt\/kolczyki-kola-z-motywem-stokrotek\/","title":{"rendered":"Kolczyki ko\u0142a Daisy Eternity"},"content":{"rendered":"<p data-start=\"188\" data-end=\"511\">Odwa\u017cny, b\u0142yskotliwy i stworzony, by b\u0142yszcze\u0107 pod ka\u017cdym k\u0105tem.<\/p>\n<p data-start=\"188\" data-end=\"511\">The <strong>Kolczyki Daisy Hoop<\/strong> to b\u0142yszcz\u0105ca wersja klasycznych kolczyk\u00f3w w kszta\u0142cie k\u00f3\u0142ek, z rz\u0119dem okr\u0105g\u0142ych brylant\u00f3w wyhodowanych w laboratorium, osadzonych w p\u0142ynnej oprawie pav\u00e9. Zaprojektowane tak, aby odbija\u0107 \u015bwiat\u0142o przy ka\u017cdym ruchu, zapewniaj\u0105 maksymalny blask i ponadczasowy urok.<\/p>\n<p data-start=\"513\" data-end=\"728\">Wykonane z 18-karatowego \u017c\u00f3\u0142tego lub bia\u0142ego z\u0142ota i dost\u0119pne w wersjach o masie od 0,5 do 5 karat\u00f3w, te eleganckie dodatki sprawdzaj\u0105 si\u0119 zar\u00f3wno w ci\u0105gu dnia, jak i wieczorem \u2014 niezale\u017cnie od tego, czy ubierasz si\u0119 na co dzie\u0144, czy wybierasz si\u0119 na uroczyst\u0105 kolacj\u0119.<\/p>","protected":false},"excerpt":{"rendered":"<p data-start=\"188\" data-end=\"511\">Odwa\u017cny, b\u0142yskotliwy i stworzony, by b\u0142yszcze\u0107 pod ka\u017cdym k\u0105tem.<\/p>\n<p data-start=\"188\" data-end=\"511\">The <strong>Kolczyki Daisy Hoop<\/strong> to b\u0142yszcz\u0105ca wersja klasycznych kolczyk\u00f3w w kszta\u0142cie k\u00f3\u0142ek, z rz\u0119dem okr\u0105g\u0142ych brylant\u00f3w wyhodowanych w laboratorium, osadzonych w p\u0142ynnej oprawie pav\u00e9. Zaprojektowane tak, aby odbija\u0107 \u015bwiat\u0142o przy ka\u017cdym ruchu, zapewniaj\u0105 maksymalny blask i ponadczasowy urok.<\/p>\n<p data-start=\"513\" data-end=\"728\">Wykonane z 18-karatowego \u017c\u00f3\u0142tego lub bia\u0142ego z\u0142ota i dost\u0119pne w wersjach o masie od 0,5 do 5 karat\u00f3w, te eleganckie dodatki sprawdzaj\u0105 si\u0119 zar\u00f3wno w ci\u0105gu dnia, jak i wieczorem \u2014 niezale\u017cnie od tego, czy ubierasz si\u0119 na co dzie\u0144, czy wybierasz si\u0119 na uroczyst\u0105 kolacj\u0119.<\/p>","protected":false},"featured_media":9586,"template":"","meta":{"_acf_changed":false},"product_brand":[],"product_cat":[552,54,762],"product_tag":[785,783,784,790,397,786,789,787,788],"class_list":{"0":"post-9797","1":"product","2":"type-product","3":"status-publish","4":"has-post-thumbnail","6":"product_cat-diamond-essentials","7":"product_cat-earrings","8":"product_cat-hoop-earrings","9":"product_tag-18k-gold-hoops","10":"product_tag-diamond-hoop-earrings","11":"product_tag-eternity-hoop-earrings","12":"product_tag-everyday-diamond-hoops","13":"product_tag-lab-grown-diamond-earrings","14":"product_tag-luxury-diamond-jewelry","15":"product_tag-pave-set-earrings","16":"product_tag-white-gold-hoops","17":"product_tag-yellow-gold-diamond-earrings","18":"pa_metal-white-gold","19":"pa_metal-yellow-gold","21":"first","22":"instock","23":"taxable","24":"shipping-taxable","25":"purchasable","26":"product-type-variable"},"acf":[],"jetpack_sharing_enabled":true,"_links":{"self":[{"href":"https:\/\/lumierediamonds.eu\/pl\/wp-json\/wp\/v2\/product\/9797","targetHints":{"allow":["GET"]}}],"collection":[{"href":"https:\/\/lumierediamonds.eu\/pl\/wp-json\/wp\/v2\/product"}],"about":[{"href":"https:\/\/lumierediamonds.eu\/pl\/wp-json\/wp\/v2\/types\/product"}],"version-history":[{"count":3,"href":"https:\/\/lumierediamonds.eu\/pl\/wp-json\/wp\/v2\/product\/9797\/revisions"}],"predecessor-version":[{"id":9965,"href":"https:\/\/lumierediamonds.eu\/pl\/wp-json\/wp\/v2\/product\/9797\/revisions\/9965"}],"wp:featuredmedia":[{"embeddable":true,"href":"https:\/\/lumierediamonds.eu\/pl\/wp-json\/wp\/v2\/media\/9586"}],"wp:attachment":[{"href":"https:\/\/lumierediamonds.eu\/pl\/wp-json\/wp\/v2\/media?parent=9797"}],"wp:term":[{"taxonomy":"product_brand","embeddable":true,"href":"https:\/\/lumierediamonds.eu\/pl\/wp-json\/wp\/v2\/product_brand?post=9797"},{"taxonomy":"product_cat","embeddable":true,"href":"https:\/\/lumierediamonds.eu\/pl\/wp-json\/wp\/v2\/product_cat?post=9797"},{"taxonomy":"product_tag","embeddable":true,"href":"https:\/\/lumierediamonds.eu\/pl\/wp-json\/wp\/v2\/product_tag?post=9797"}],"curies":[{"name":"wp","href":"https:\/\/api.w.org\/{rel}","templated":true}]}}