{"id":9798,"date":"2025-07-20T23:25:58","date_gmt":"2025-07-20T21:25:58","guid":{"rendered":"https:\/\/lumierediamonds.eu\/product\/mini-rope-gold-band\/"},"modified":"2025-07-21T00:09:00","modified_gmt":"2025-07-20T22:09:00","slug":"mini-lina-zlota-opaska","status":"publish","type":"product","link":"https:\/\/lumierediamonds.eu\/pl\/produkt\/mini-lina-zlota-opaska\/","title":{"rendered":"Mini bransoletka ze z\u0142ota"},"content":{"rendered":"<p class=\"p1\">Mini Rope Gold Band to wyrafinowana wersja codziennej elegancji, charakteryzuj\u0105ca si\u0119 delikatnym skr\u0119conym wzorem, kt\u00f3ry l\u015bni w polerowanym 18-karatowym \u017c\u00f3\u0142tym z\u0142ocie. Dzi\u0119ki swojej lekko\u015bci i szeroko\u015bci 2 mm jest to idealny minimalistyczny element \u2014 idealny do \u0142\u0105czenia z innymi, na prezent lub do noszenia samodzielnie jako dyskretny luksusowy akcent. Wykonany z certyfikowanego przez LBMA 18-karatowego z\u0142ota, zapewnia trwa\u0142\u0105 jako\u015b\u0107 i ponadczasowy styl.<\/p>","protected":false},"excerpt":{"rendered":"<p class=\"p1\">Wyrafinowane podej\u015bcie do codziennej elegancji, Mini Rope Gold Band ma delikatny, skr\u0119cony design, kt\u00f3ry l\u015bni w polerowanym 18-karatowym \u017c\u00f3\u0142tym z\u0142ocie. Dzi\u0119ki swojej lekko\u015bci i szeroko\u015bci 2 mm, jest to idealny minimalistyczny element - idealny do uk\u0142adania w stosy, prezentowania lub noszenia solo jako ciche luksusowe o\u015bwiadczenie.<\/p>","protected":false},"featured_media":9498,"template":"","meta":{"_acf_changed":false},"product_brand":[],"product_cat":[752,52],"product_tag":[680,820,817,638,815,821,814,816,818,819],"class_list":{"0":"post-9798","1":"product","2":"type-product","3":"status-publish","4":"has-post-thumbnail","6":"product_cat-gold-essentials","7":"product_cat-rings","8":"product_tag-18k-gold-ring","9":"product_tag-delicate-gold-ring","10":"product_tag-everyday-gold-jewelry","11":"product_tag-fine-jewelry","12":"product_tag-minimalist-ring","13":"product_tag-quiet-luxury","14":"product_tag-rope-ring","15":"product_tag-stackable-gold-band","16":"product_tag-twisted-gold-band","17":"product_tag-yellow-gold-ring","18":"pa_metal-yellow-gold","20":"first","21":"instock","22":"taxable","23":"shipping-taxable","24":"purchasable","25":"product-type-simple"},"acf":[],"jetpack_sharing_enabled":true,"_links":{"self":[{"href":"https:\/\/lumierediamonds.eu\/pl\/wp-json\/wp\/v2\/product\/9798","targetHints":{"allow":["GET"]}}],"collection":[{"href":"https:\/\/lumierediamonds.eu\/pl\/wp-json\/wp\/v2\/product"}],"about":[{"href":"https:\/\/lumierediamonds.eu\/pl\/wp-json\/wp\/v2\/types\/product"}],"version-history":[{"count":1,"href":"https:\/\/lumierediamonds.eu\/pl\/wp-json\/wp\/v2\/product\/9798\/revisions"}],"predecessor-version":[{"id":9851,"href":"https:\/\/lumierediamonds.eu\/pl\/wp-json\/wp\/v2\/product\/9798\/revisions\/9851"}],"wp:featuredmedia":[{"embeddable":true,"href":"https:\/\/lumierediamonds.eu\/pl\/wp-json\/wp\/v2\/media\/9498"}],"wp:attachment":[{"href":"https:\/\/lumierediamonds.eu\/pl\/wp-json\/wp\/v2\/media?parent=9798"}],"wp:term":[{"taxonomy":"product_brand","embeddable":true,"href":"https:\/\/lumierediamonds.eu\/pl\/wp-json\/wp\/v2\/product_brand?post=9798"},{"taxonomy":"product_cat","embeddable":true,"href":"https:\/\/lumierediamonds.eu\/pl\/wp-json\/wp\/v2\/product_cat?post=9798"},{"taxonomy":"product_tag","embeddable":true,"href":"https:\/\/lumierediamonds.eu\/pl\/wp-json\/wp\/v2\/product_tag?post=9798"}],"curies":[{"name":"wp","href":"https:\/\/api.w.org\/{rel}","templated":true}]}}