{"id":9928,"date":"2025-07-21T16:24:40","date_gmt":"2025-07-21T14:24:40","guid":{"rendered":"https:\/\/lumierediamonds.eu\/?post_type=product&#038;p=9928"},"modified":"2025-08-06T10:53:34","modified_gmt":"2025-08-06T08:53:34","slug":"esme-pierscionek-z-brylantami-w-szlifie-markizowym-polwieczny","status":"publish","type":"product","link":"https:\/\/lumierediamonds.eu\/pl\/produkt\/esme-pierscionek-z-brylantami-w-szlifie-markizowym-polwieczny\/","title":{"rendered":"Esm\u00e9 Marquise-Cut Half Eternity Diamond Band"},"content":{"rendered":"<p>Kobieca i promienna, <strong>Esm\u00e9 Marquise-Cut Half Eternity Diamond Band<\/strong> nadaje ka\u017cdej kompozycji delikatny, pe\u0142en wdzi\u0119ku blask. Delikatny rz\u0105d diament\u00f3w o szlifie markizowym i okr\u0105g\u0142ym, wyhodowanych w laboratorium (0,33 karata \u0142\u0105cznie), biegnie wzd\u0142u\u017c obr\u0105czki w wyrafinowanym stylu p\u00f3\u0142wieczno\u015bci, dodaj\u0105c jej odpowiedni\u0105 ilo\u015b\u0107 blasku.<\/p>\n<p>Wykonana z 18-karatowego \u017c\u00f3\u0142tego, bia\u0142ego lub r\u00f3\u017cowego z\u0142ota, Esm\u00e9 \u0142\u0105czy w sobie detale inspirowane stylem vintage z nowoczesn\u0105 wra\u017cliwo\u015bci\u0105. No\u015b j\u0105 jako romantyczny akcent, wyj\u0105tkow\u0105 obr\u0105czk\u0119 \u015blubn\u0105 lub znacz\u0105cy dodatek do codziennych stylizacji.<\/p>","protected":false},"excerpt":{"rendered":"<p>Kobieca i promienna, <strong>Esm\u00e9 Marquise-Cut Half Eternity Diamond Band<\/strong> nadaje ka\u017cdej kompozycji delikatny, pe\u0142en wdzi\u0119ku blask. Delikatny rz\u0105d diament\u00f3w o szlifie markizowym i okr\u0105g\u0142ym, wyhodowanych w laboratorium (0,33 karata \u0142\u0105cznie), biegnie wzd\u0142u\u017c obr\u0105czki w wyrafinowanym stylu p\u00f3\u0142wieczno\u015bci, dodaj\u0105c jej odpowiedni\u0105 ilo\u015b\u0107 blasku.<\/p>\n<p>Wykonana z 18-karatowego \u017c\u00f3\u0142tego, bia\u0142ego lub r\u00f3\u017cowego z\u0142ota, Esm\u00e9 \u0142\u0105czy w sobie detale inspirowane stylem vintage z nowoczesn\u0105 wra\u017cliwo\u015bci\u0105. No\u015b j\u0105 jako romantyczny akcent, wyj\u0105tkow\u0105 obr\u0105czk\u0119 \u015blubn\u0105 lub znacz\u0105cy dodatek do codziennych stylizacji.<\/p>","protected":false},"featured_media":9897,"template":"","meta":{"_acf_changed":false},"product_brand":[],"product_cat":[58,552,251,52,763],"product_tag":[680,892,896,897,638,679,893,894,895],"class_list":{"0":"post-9928","1":"product","2":"type-product","3":"status-publish","4":"has-post-thumbnail","6":"product_cat-casual-rings","7":"product_cat-diamond-essentials","8":"product_cat-eternity-bands","9":"product_cat-rings","10":"product_cat-stackable-rings","11":"product_tag-18k-gold-ring","12":"product_tag-cluster-diamond-ring","13":"product_tag-elegant-gold-ring","14":"product_tag-esme-collection","15":"product_tag-fine-jewelry","16":"product_tag-lab-grown-diamond-ring-2","17":"product_tag-marquise-and-round-diamond-ring","18":"product_tag-stackable-ring","19":"product_tag-vintage-inspired-ring","20":"pa_metal-rose-gold","21":"pa_metal-white-gold","22":"pa_metal-yellow-gold","24":"first","25":"instock","26":"taxable","27":"shipping-taxable","28":"purchasable","29":"product-type-variable"},"acf":[],"jetpack_sharing_enabled":true,"_links":{"self":[{"href":"https:\/\/lumierediamonds.eu\/pl\/wp-json\/wp\/v2\/product\/9928","targetHints":{"allow":["GET"]}}],"collection":[{"href":"https:\/\/lumierediamonds.eu\/pl\/wp-json\/wp\/v2\/product"}],"about":[{"href":"https:\/\/lumierediamonds.eu\/pl\/wp-json\/wp\/v2\/types\/product"}],"version-history":[{"count":6,"href":"https:\/\/lumierediamonds.eu\/pl\/wp-json\/wp\/v2\/product\/9928\/revisions"}],"predecessor-version":[{"id":10212,"href":"https:\/\/lumierediamonds.eu\/pl\/wp-json\/wp\/v2\/product\/9928\/revisions\/10212"}],"wp:featuredmedia":[{"embeddable":true,"href":"https:\/\/lumierediamonds.eu\/pl\/wp-json\/wp\/v2\/media\/9897"}],"wp:attachment":[{"href":"https:\/\/lumierediamonds.eu\/pl\/wp-json\/wp\/v2\/media?parent=9928"}],"wp:term":[{"taxonomy":"product_brand","embeddable":true,"href":"https:\/\/lumierediamonds.eu\/pl\/wp-json\/wp\/v2\/product_brand?post=9928"},{"taxonomy":"product_cat","embeddable":true,"href":"https:\/\/lumierediamonds.eu\/pl\/wp-json\/wp\/v2\/product_cat?post=9928"},{"taxonomy":"product_tag","embeddable":true,"href":"https:\/\/lumierediamonds.eu\/pl\/wp-json\/wp\/v2\/product_tag?post=9928"}],"curies":[{"name":"wp","href":"https:\/\/api.w.org\/{rel}","templated":true}]}}