{"id":9933,"date":"2025-07-21T16:24:42","date_gmt":"2025-07-21T14:24:42","guid":{"rendered":"https:\/\/lumierediamonds.eu\/product\/eden-pave-diamond-hoop-earrings\/"},"modified":"2025-11-24T15:59:23","modified_gmt":"2025-11-24T14:59:23","slug":"kolczyki-kola-z-brylantami-eden-pave","status":"publish","type":"product","link":"https:\/\/lumierediamonds.eu\/pl\/produkt\/kolczyki-kola-z-brylantami-eden-pave\/","title":{"rendered":"Kolczyki ko\u0142a Eden Pav\u00e9 Diamond"},"content":{"rendered":"<p data-start=\"142\" data-end=\"490\">The <strong data-start=\"142\" data-end=\"206\">Kolczyki Eden<\/strong> to \u015bwie\u017ce spojrzenie na klasyczne z\u0142ote kolczyki w kszta\u0142cie k\u00f3\u0142ek.<br data-start=\"206\" data-end=\"209\" \/>Wykonane z 18-karatowego \u017c\u00f3\u0142tego z\u0142ota i ozdobione rz\u0119dem diament\u00f3w wyhodowanych w laboratorium, osadzonych w technice pav\u00e9, zapewniaj\u0105 wyrafinowan\u0105 r\u00f3wnowag\u0119 mi\u0119dzy elegancj\u0105 a blaskiem. Ich delikatnie zakrzywiony kszta\u0142t idealnie dopasowuje si\u0119 do ucha, zapewniaj\u0105c wygod\u0119 noszenia \u2014 idealne do podkre\u015blenia codziennego wygl\u0105du lub dodania wyko\u0144czenia wieczorowej stylizacji.<\/p>\n<p data-start=\"492\" data-end=\"532\">Bez wysi\u0142ku, ponadczasowe i stworzone, by b\u0142yszcze\u0107.<\/p>","protected":false},"excerpt":{"rendered":"<p data-start=\"142\" data-end=\"490\">The <strong data-start=\"142\" data-end=\"206\">Kolczyki Eden<\/strong> to \u015bwie\u017ce spojrzenie na klasyczne z\u0142ote kolczyki w kszta\u0142cie k\u00f3\u0142ek.<br data-start=\"206\" data-end=\"209\" \/>Wykonane z 18-karatowego \u017c\u00f3\u0142tego z\u0142ota i ozdobione rz\u0119dem diament\u00f3w wyhodowanych w laboratorium, osadzonych w technice pav\u00e9, zapewniaj\u0105 wyrafinowan\u0105 r\u00f3wnowag\u0119 mi\u0119dzy elegancj\u0105 a blaskiem. Ich delikatnie zakrzywiony kszta\u0142t idealnie dopasowuje si\u0119 do ucha, zapewniaj\u0105c wygod\u0119 noszenia \u2014 idealne do podkre\u015blenia codziennego wygl\u0105du lub dodania wyko\u0144czenia wieczorowej stylizacji.<\/p>\n<p data-start=\"492\" data-end=\"532\">Nowoczesny element garderoby o ponadczasowej elegancji.<\/p>","protected":false},"featured_media":9903,"template":"","meta":{"_acf_changed":false},"product_brand":[],"product_cat":[552,54,879],"product_tag":[881,883,798,412,225,498,880,882,834],"class_list":{"0":"post-9933","1":"product","2":"type-product","3":"status-publish","4":"has-post-thumbnail","6":"product_cat-diamond-essentials","7":"product_cat-earrings","8":"product_cat-huggies","9":"product_tag-18k-diamond-earrings","10":"product_tag-elegant-hoops","11":"product_tag-everyday-earrings","12":"product_tag-fine-jewelry-for-women","13":"product_tag-huggie-earrings","14":"product_tag-lab-grown-diamond-jewelry","15":"product_tag-pave-hoop-earrings","16":"product_tag-small-diamond-hoops","17":"product_tag-yellow-gold-earrings","18":"pa_metal-yellow-gold","20":"first","21":"instock","22":"taxable","23":"shipping-taxable","24":"purchasable","25":"product-type-simple"},"acf":[],"jetpack_sharing_enabled":true,"_links":{"self":[{"href":"https:\/\/lumierediamonds.eu\/pl\/wp-json\/wp\/v2\/product\/9933","targetHints":{"allow":["GET"]}}],"collection":[{"href":"https:\/\/lumierediamonds.eu\/pl\/wp-json\/wp\/v2\/product"}],"about":[{"href":"https:\/\/lumierediamonds.eu\/pl\/wp-json\/wp\/v2\/types\/product"}],"version-history":[{"count":2,"href":"https:\/\/lumierediamonds.eu\/pl\/wp-json\/wp\/v2\/product\/9933\/revisions"}],"predecessor-version":[{"id":9964,"href":"https:\/\/lumierediamonds.eu\/pl\/wp-json\/wp\/v2\/product\/9933\/revisions\/9964"}],"wp:featuredmedia":[{"embeddable":true,"href":"https:\/\/lumierediamonds.eu\/pl\/wp-json\/wp\/v2\/media\/9903"}],"wp:attachment":[{"href":"https:\/\/lumierediamonds.eu\/pl\/wp-json\/wp\/v2\/media?parent=9933"}],"wp:term":[{"taxonomy":"product_brand","embeddable":true,"href":"https:\/\/lumierediamonds.eu\/pl\/wp-json\/wp\/v2\/product_brand?post=9933"},{"taxonomy":"product_cat","embeddable":true,"href":"https:\/\/lumierediamonds.eu\/pl\/wp-json\/wp\/v2\/product_cat?post=9933"},{"taxonomy":"product_tag","embeddable":true,"href":"https:\/\/lumierediamonds.eu\/pl\/wp-json\/wp\/v2\/product_tag?post=9933"}],"curies":[{"name":"wp","href":"https:\/\/api.w.org\/{rel}","templated":true}]}}