{"id":9939,"date":"2025-07-21T16:24:43","date_gmt":"2025-07-21T14:24:43","guid":{"rendered":"https:\/\/lumierediamonds.eu\/product\/vita-interlocking-trinity-ring\/"},"modified":"2025-12-16T20:44:18","modified_gmt":"2025-12-16T19:44:18","slug":"pierscien-trojcy-z-blokada-vita","status":"publish","type":"product","link":"https:\/\/lumierediamonds.eu\/pl\/produkt\/pierscien-trojcy-z-blokada-vita\/","title":{"rendered":"Pier\u015bcionek Vita Interlocking Trinity"},"content":{"rendered":"<p class=\"p1\">Symbol jedno\u015bci i ruchu, pier\u015bcionek Vita Interlocking Trinity Ring sk\u0142ada si\u0119 z trzech przeplataj\u0105cych si\u0119 pask\u00f3w z 18-karatowego \u017c\u00f3\u0142tego, bia\u0142ego i r\u00f3\u017cowego z\u0142ota. Zaprojektowany, by p\u0142ynnie toczy\u0107 si\u0119 przy ka\u017cdym ruchu, ten kultowy styl oferuje nowoczesn\u0105 elegancj\u0119 i ponadczasowe znaczenie w jednym, p\u0142ynnym projekcie. Wykonany z 18-karatowego z\u0142ota z certyfikatem LBMA, jest znacz\u0105cym wyborem na wesela, rocznice lub codzienne wyrafinowanie.<\/p>","protected":false},"excerpt":{"rendered":"<p class=\"p1\">Symbol jedno\u015bci i ruchu, pier\u015bcionek Vita Interlocking Trinity Ring sk\u0142ada si\u0119 z trzech przeplataj\u0105cych si\u0119 pask\u00f3w z 18-karatowego \u017c\u00f3\u0142tego, bia\u0142ego i r\u00f3\u017cowego z\u0142ota. Zaprojektowany tak, aby p\u0142ynnie toczy\u0142 si\u0119 przy ka\u017cdym ruchu, ten kultowy styl oferuje nowoczesn\u0105 elegancj\u0119 i ponadczasowe znaczenie w jednym, p\u0142ynnym projekcie.<\/p>","protected":false},"featured_media":9878,"template":"","meta":{"_acf_changed":false},"product_brand":[],"product_cat":[52,898],"product_tag":[680,638,903,899,904,900,902,905,901],"class_list":{"0":"post-9939","1":"product","2":"type-product","3":"status-publish","4":"has-post-thumbnail","6":"product_cat-rings","7":"product_cat-statement-rings","8":"product_tag-18k-gold-ring","9":"product_tag-fine-jewelry","10":"product_tag-interlocking-bands","11":"product_tag-rolling-ring","12":"product_tag-symbolic-ring","13":"product_tag-trinity-gold-ring","14":"product_tag-unity-ring","15":"product_tag-wedding-ring-alternative","16":"product_tag-yellow-white-rose-gold-ring","17":"pa_metal-18k-tri-color-gold","19":"first","20":"instock","21":"taxable","22":"shipping-taxable","23":"purchasable","24":"product-type-simple"},"acf":[],"jetpack_sharing_enabled":true,"_links":{"self":[{"href":"https:\/\/lumierediamonds.eu\/pl\/wp-json\/wp\/v2\/product\/9939","targetHints":{"allow":["GET"]}}],"collection":[{"href":"https:\/\/lumierediamonds.eu\/pl\/wp-json\/wp\/v2\/product"}],"about":[{"href":"https:\/\/lumierediamonds.eu\/pl\/wp-json\/wp\/v2\/types\/product"}],"version-history":[{"count":2,"href":"https:\/\/lumierediamonds.eu\/pl\/wp-json\/wp\/v2\/product\/9939\/revisions"}],"predecessor-version":[{"id":14413,"href":"https:\/\/lumierediamonds.eu\/pl\/wp-json\/wp\/v2\/product\/9939\/revisions\/14413"}],"wp:featuredmedia":[{"embeddable":true,"href":"https:\/\/lumierediamonds.eu\/pl\/wp-json\/wp\/v2\/media\/9878"}],"wp:attachment":[{"href":"https:\/\/lumierediamonds.eu\/pl\/wp-json\/wp\/v2\/media?parent=9939"}],"wp:term":[{"taxonomy":"product_brand","embeddable":true,"href":"https:\/\/lumierediamonds.eu\/pl\/wp-json\/wp\/v2\/product_brand?post=9939"},{"taxonomy":"product_cat","embeddable":true,"href":"https:\/\/lumierediamonds.eu\/pl\/wp-json\/wp\/v2\/product_cat?post=9939"},{"taxonomy":"product_tag","embeddable":true,"href":"https:\/\/lumierediamonds.eu\/pl\/wp-json\/wp\/v2\/product_tag?post=9939"}],"curies":[{"name":"wp","href":"https:\/\/api.w.org\/{rel}","templated":true}]}}