{"id":22,"date":"2024-12-20T12:53:39","date_gmt":"2024-12-20T11:53:39","guid":{"rendered":"http:\/\/lumierediamonds.eu\/?page_id=22"},"modified":"2025-10-13T17:26:07","modified_gmt":"2025-10-13T15:26:07","slug":"politica-de-devolucoes","status":"publish","type":"page","link":"https:\/\/lumierediamonds.eu\/pt\/politica-de-devolucoes\/","title":{"rendered":"Pol\u00edtica de devolu\u00e7\u00f5es"},"content":{"rendered":"<div data-elementor-type=\"wp-page\" data-elementor-id=\"22\" class=\"elementor elementor-22\" data-elementor-post-type=\"page\">\n\t\t\t\t<div class=\"elementor-element elementor-element-35af5fe4 e-flex e-con-boxed e-con e-parent\" data-id=\"35af5fe4\" data-element_type=\"container\">\n\t\t\t\t\t<div class=\"e-con-inner\">\n\t\t\t\t<div class=\"elementor-element elementor-element-32107d45 elementor-widget elementor-widget-text-editor\" data-id=\"32107d45\" data-element_type=\"widget\" data-widget_type=\"text-editor.default\">\n\t\t\t\t<div class=\"elementor-widget-container\">\n\t\t\t\t\t\t\t<h1>Pol\u00edtica de devolu\u00e7\u00f5es<\/h1><p>\u00a0<\/p><p><strong>Introdu\u00e7\u00e3o<\/strong><\/p><p class=\"p1\">Na Lumi\u00e8re, queremos que adore cada pe\u00e7a que comprar connosco. Se algo n\u00e3o estiver certo, n\u00e3o se preocupe, estamos aqui para ajudar! Esta pol\u00edtica descreve tudo o que precisa de saber sobre devolu\u00e7\u00f5es, reembolsos ou cancelamentos de encomendas. Estamos empenhados em tornar a sua experi\u00eancia de compra o mais tranquila poss\u00edvel, ao mesmo tempo que cumprimos integralmente a <b>Diretiva da UE relativa aos direitos dos consumidores<\/b> para garantir que os seus direitos sejam protegidos.<\/p><p class=\"p1\">\u00a0<\/p><p class=\"p1\"><b>Elegibilidade para devolu\u00e7\u00f5es<\/b><\/p><p class=\"p1\">\u2022 Os produtos devem estar sem uso, sem vest\u00edgios de uso e ser devolvidos na embalagem original com toda a documenta\u00e7\u00e3o que os acompanha (por exemplo, certificados).<\/p><p class=\"p1\">\u2022 O <b>etiqueta de seguran\u00e7a<\/b> anexado ao produto deve permanecer intact.<\/p><p class=\"p1\">\u2022 Deve notificar-nos no prazo de <b>14 dias<\/b> de receber a sua encomenda para iniciar uma devolu\u00e7\u00e3o.<\/p><p>\u00a0<\/p><p class=\"p1\"><b>Exclus\u00f5es<\/b><\/p><p class=\"p4\">Os seguintes itens n\u00e3o s\u00e3o eleg\u00edveis para devolu\u00e7\u00e3o, a menos que estejam com defeito:<\/p><p class=\"p2\">\u2022 Produtos personalizados, como aqueles com grava\u00e7\u00f5es ou designs feitos sob encomenda.<\/p><p>\u00a0<\/p><p class=\"p1\"><b>Como devolver um artigo<\/b><\/p><p class=\"p1\">Se desejar devolver um produto eleg\u00edvel, siga estes passos:<\/p><p>\u00a0<\/p><p><b>1. Notifique-nos<\/b>:<\/p><p class=\"p1\">Entre em contacto connosco atrav\u00e9s do endere\u00e7o <a href=\"mailto:returns@lumierediamonds.eu\">returns@lumierediamonds.eu<\/a> no prazo de 14 dias ap\u00f3s a rece\u00e7\u00e3o da sua encomenda. Por favor, inclua:<\/p><p class=\"p3\">\u2022 O seu n\u00famero de encomenda.<\/p><p class=\"p3\">\u2022 O(s) artigo(s) que pretende devolver.<\/p><p class=\"p3\">\u2022 O motivo da devolu\u00e7\u00e3o.<\/p><p>\u00a0<\/p><p class=\"p2\"><strong>2.<\/strong> <b>Devolva o artigo<\/b>:<\/p><p>Assim que a sua devolu\u00e7\u00e3o for aprovada:<\/p><p class=\"p3\">\u2022 Certifique-se de que o produto est\u00e1 embalado de forma segura para evitar danos durante o transporte.<\/p><p class=\"p3\">\u2022 Inclua o recibo original ou comprovativo de compra.<\/p><p class=\"p3\">\u2022 Envie o item para n\u00f3s para o endere\u00e7o abaixo dentro de <b>14 dias<\/b> de nos notificar sobre a devolu\u00e7\u00e3o.<\/p><p>\u00a0<\/p><p class=\"p1\"><b>Endere\u00e7o para devolu\u00e7\u00e3o:<\/b><b><\/b><\/p><p class=\"p2\">Utilize a etiqueta de devolu\u00e7\u00e3o pr\u00e9-paga fornecida para enviar a sua encomenda de volta para o seguinte endere\u00e7o:<\/p><p class=\"p1\">Nova Group Sp. z o.o.<b><\/b><\/p><p class=\"p2\">\u017burawia 6\/12, apartamento 745<\/p><p class=\"p2\">00-503 Vars\u00f3via, Pol\u00f3nia<\/p><p class=\"p2\"><em>Aten\u00e7\u00e3o: Este \u00e9 o nosso endere\u00e7o oficial para todas as devolu\u00e7\u00f5es de produtos. N\u00e3o aceitamos entregas pessoais.<\/em><\/p><p>\u00a0<\/p><p class=\"p5\"><b>Custos de envio de devolu\u00e7\u00e3o<\/b><\/p><p class=\"p1\">O cliente \u00e9 respons\u00e1vel pelo custo do envio de devolu\u00e7\u00e3o, exceto nos casos em que o artigo esteja com defeito ou incorreto.<\/p><p>\u00a0<\/p><p class=\"p5\"><b>Condi\u00e7\u00e3o dos artigos devolvidos<\/b><\/p><p class=\"p1\">Os artigos devolvidos devem ser:<\/p><p class=\"p6\">\u2022 N\u00e3o utilizado, sem sinais de uso e sem danos.<\/p><p class=\"p6\">\u2022 Devolvido com as etiquetas originais, embalagem e quaisquer certificados ou documenta\u00e7\u00e3o que o acompanhem.<\/p><p class=\"p1\">Reservamo-nos o direito de recusar o reembolso se o artigo devolvido n\u00e3o cumprir estas condi\u00e7\u00f5es.<\/p><p>\u00a0<\/p><p class=\"p1\"><b>Pol\u00edtica de reembolsos<\/b><\/p><p class=\"p1\">Assim que recebermos o seu artigo devolvido, ele ser\u00e1 inspecionado para garantir que cumpre os nossos crit\u00e9rios de devolu\u00e7\u00e3o.<\/p><p>\u00a0<\/p><p class=\"p3\"><b>Processamento de reembolsos<\/b><\/p><p class=\"p4\">\u2022 Os reembolsos ser\u00e3o emitidos dentro de <b>14 dias<\/b> de receber o produto devolvido ct.<\/p><p class=\"p4\">\u2022 Os reembolsos ser\u00e3o feitos atrav\u00e9s do m\u00e9todo de pagamento original utilizado no momento da compra.<\/p><p class=\"p4\">\u2022 As despesas de envio (se houver) n\u00e3o s\u00e3o reembols\u00e1veis, a menos que a devolu\u00e7\u00e3o se deva a um produto com defeito.<\/p><p>\u00a0<\/p><p class=\"p3\"><b>Artigos com defeito ou incorretos<\/b><\/p><p class=\"p1\">Se o seu artigo estiver com defeito ou incorreto, por favor, notifique-nos imediatamente atrav\u00e9s do e-mail <a href=\"mailto:returns@lumierediamonds.eu\">returns@lumierediamonds.eu<\/a>. Ter\u00e1 direito a:<\/p><p class=\"p4\">\u2022 Um produto de substitui\u00e7\u00e3o (sujeito a disponibilidade), ou<\/p><p class=\"p4\">\u2022 Reembolso total, incluindo os custos de envio da devolu\u00e7\u00e3o.<\/p><p>\u00a0<\/p><p class=\"p1\"><b>Pol\u00edtica de cancelamento<\/b><\/p><p class=\"p1\">Tem o direito de cancelar a sua encomenda ao abrigo da <b>Diretiva da UE relativa aos direitos dos consumidores<\/b>.<\/p><p>\u00a0<\/p><p class=\"p3\"><b>Condi\u00e7\u00f5es de cancelamento<\/b><\/p><p class=\"p4\">\u2022 As encomendas podem ser canceladas a qualquer momento. <b>antes de serem enviados<\/b>.<\/p><p class=\"p4\">\u2022 Se a encomenda j\u00e1 tiver sido enviada, ter\u00e1 de seguir as instru\u00e7\u00f5es <b>Pol\u00edtica de devolu\u00e7\u00f5es<\/b> para devolver o produto ct.<\/p><p class=\"p1\">Para cancelar uma encomenda, contacte-nos o mais rapidamente poss\u00edvel atrav\u00e9s do e-mail <a href=\"mailto:contact@lumierediamonds.eu\">contact@lumierediamonds.eu<\/a>, incluindo o n\u00famero da sua encomenda e o pedido de cancelamento.<\/p><p>\u00a0<\/p><p class=\"p3\"><b>Produtos personalizados<\/b><\/p><p class=\"p1\">As encomendas de produtos personalizados n\u00e3o podem ser canceladas ap\u00f3s o in\u00edcio da produ\u00e7\u00e3o, exceto em casos de defeito ou erro da nossa parte.<\/p><p>\u00a0<\/p><p class=\"p1\"><b>Artigos n\u00e3o retorn\u00e1veis<\/b><\/p><p class=\"p1\">Certos produtos est\u00e3o exclu\u00eddos do direito de devolu\u00e7\u00e3o, incluindo:<\/p><p class=\"p2\">\u2022 Artigos com grava\u00e7\u00f5es personalizadas.<\/p><p class=\"p2\">\u2022 Designs feitos sob medida, adaptados \u00e0s especifica\u00e7\u00f5es do cliente.<\/p><p class=\"p2\">\u2022 Produtos n\u00e3o rotulados como <b>\u201cEnviado em 24 horas\u201d<\/b> na p\u00e1gina do produto.<\/p><p class=\"p1\">Essas exclus\u00f5es n\u00e3o afetam os seus direitos se o item estiver com defeito ou n\u00e3o corresponder \u00e0 sua descri\u00e7\u00e3o.<\/p><p>\u00a0<\/p><p class=\"p1\"><b>Devolu\u00e7\u00f5es perdidas ou danificadas<\/b><\/p><p class=\"p1\">A Lumi\u00e8re n\u00e3o se responsabiliza por itens perdidos ou danificados durante o envio de devolu\u00e7\u00e3o. Recomendamos utilizar um servi\u00e7o de envio rastre\u00e1vel e adquirir um seguro de envio.<\/p><p>\u00a0<\/p><p class=\"p1\"><b>Garantia e garantia<\/b><\/p><p class=\"p1\">Al\u00e9m dos seus direitos ao abrigo desta pol\u00edtica, todos os produtos Lumi\u00e8re est\u00e3o cobertos pela nossa <b>Garantia de 2 anos<\/b>, que protege voc\u00ea contra defeitos de fabrica\u00e7\u00e3o. Para mais detalhes, consulte nossa <a href=\"\/pt\/warranty-policy\/\">Pol\u00edtica de garantia<\/a>.<\/p><p>\u00a0<\/p><p class=\"p1\"><b>Informa\u00e7\u00f5es de contacto<\/b><\/p><p class=\"p1\">Se tiver alguma d\u00favida ou precisar de ajuda com devolu\u00e7\u00f5es, reembolsos ou cancelamentos, entre em contacto connosco:<\/p><p class=\"p2\">\u2022 <b>E-mail<\/b>: <a href=\"mailto:contact@lumierediamonds.eu\">contact@lumierediamonds.eu<\/a><\/p><p class=\"p2\">\u2022 <b>Correio<\/b>: Nova Group Sp. z o.o., \u017burawia 6\/12 lok. 745, 00-503 Vars\u00f3via, Pol\u00f3nia<\/p>\t\t\t\t\t\t<\/div>\n\t\t\t\t<\/div>\n\t\t\t\t\t<\/div>\n\t\t\t\t<\/div>\n\t\t\t\t<\/div>","protected":false},"excerpt":{"rendered":"<p>Pol\u00edtica de Devolu\u00e7\u00f5es Introdu\u00e7\u00e3o No Lumi\u00e8re, queremos que adore cada pe\u00e7a que nos compra. Se algo n\u00e3o estiver bem, n\u00e3o se preocupe - estamos aqui para o ajudar! Esta pol\u00edtica descreve tudo o que precisa de saber sobre a devolu\u00e7\u00e3o, o reembolso ou o cancelamento da sua encomenda. Estamos empenhados em tornar a sua experi\u00eancia de compra t\u00e3o f\u00e1cil quanto poss\u00edvel, ao mesmo tempo que [...]<\/p>","protected":false},"author":1,"featured_media":0,"parent":0,"menu_order":0,"comment_status":"closed","ping_status":"closed","template":"","meta":{"_acf_changed":false,"footnotes":""},"class_list":["post-22","page","type-page","status-publish","hentry"],"acf":[],"jetpack_sharing_enabled":true,"_links":{"self":[{"href":"https:\/\/lumierediamonds.eu\/pt\/wp-json\/wp\/v2\/pages\/22","targetHints":{"allow":["GET"]}}],"collection":[{"href":"https:\/\/lumierediamonds.eu\/pt\/wp-json\/wp\/v2\/pages"}],"about":[{"href":"https:\/\/lumierediamonds.eu\/pt\/wp-json\/wp\/v2\/types\/page"}],"author":[{"embeddable":true,"href":"https:\/\/lumierediamonds.eu\/pt\/wp-json\/wp\/v2\/users\/1"}],"replies":[{"embeddable":true,"href":"https:\/\/lumierediamonds.eu\/pt\/wp-json\/wp\/v2\/comments?post=22"}],"version-history":[{"count":10,"href":"https:\/\/lumierediamonds.eu\/pt\/wp-json\/wp\/v2\/pages\/22\/revisions"}],"predecessor-version":[{"id":11421,"href":"https:\/\/lumierediamonds.eu\/pt\/wp-json\/wp\/v2\/pages\/22\/revisions\/11421"}],"wp:attachment":[{"href":"https:\/\/lumierediamonds.eu\/pt\/wp-json\/wp\/v2\/media?parent=22"}],"curies":[{"name":"wp","href":"https:\/\/api.w.org\/{rel}","templated":true}]}}