{"id":2608,"date":"2024-07-18T17:36:29","date_gmt":"2024-07-18T15:36:29","guid":{"rendered":"http:\/\/lumierediamonds.eu\/?page_id=2608"},"modified":"2025-12-11T11:40:18","modified_gmt":"2025-12-11T10:40:18","slug":"sobre-nos","status":"publish","type":"page","link":"https:\/\/lumierediamonds.eu\/pt\/sobre-nos\/","title":{"rendered":"Sobre n\u00f3s"},"content":{"rendered":"<div data-elementor-type=\"wp-page\" data-elementor-id=\"2608\" class=\"elementor elementor-2608\" data-elementor-post-type=\"page\">\n\t\t\t\t<div class=\"elementor-element elementor-element-85409e9 e-flex e-con-boxed e-con e-parent\" data-id=\"85409e9\" data-element_type=\"container\">\n\t\t\t\t\t<div class=\"e-con-inner\">\n\t\t\t\t<div class=\"elementor-element elementor-element-79452f0 elementor-widget elementor-widget-spacer\" data-id=\"79452f0\" data-element_type=\"widget\" data-widget_type=\"spacer.default\">\n\t\t\t\t<div class=\"elementor-widget-container\">\n\t\t\t\t\t<div class=\"elementor-spacer\">\n\t\t\t<div class=\"elementor-spacer-inner\"><\/div>\n\t\t<\/div>\n\t\t\t\t<\/div>\n\t\t\t\t<\/div>\n\t\t\t\t<div class=\"elementor-element elementor-element-d74b8d2 elementor-widget elementor-widget-heading\" data-id=\"d74b8d2\" data-element_type=\"widget\" data-widget_type=\"heading.default\">\n\t\t\t\t<div class=\"elementor-widget-container\">\n\t\t\t<h3 class=\"elementor-heading-title elementor-size-default\">SOBRE N\u00d3S<\/h3>\t\t<\/div>\n\t\t\t\t<\/div>\n\t\t\t\t<div class=\"elementor-element elementor-element-d35053b elementor-widget elementor-widget-spacer\" data-id=\"d35053b\" data-element_type=\"widget\" data-widget_type=\"spacer.default\">\n\t\t\t\t<div class=\"elementor-widget-container\">\n\t\t\t\t\t<div class=\"elementor-spacer\">\n\t\t\t<div class=\"elementor-spacer-inner\"><\/div>\n\t\t<\/div>\n\t\t\t\t<\/div>\n\t\t\t\t<\/div>\n\t\t\t\t<div class=\"elementor-element elementor-element-4156016 elementor-widget elementor-widget-text-editor\" data-id=\"4156016\" data-element_type=\"widget\" data-widget_type=\"text-editor.default\">\n\t\t\t\t<div class=\"elementor-widget-container\">\n\t\t\t\t\t\t\t<p class=\"p1\"><b>A Lumi\u00e8re nasceu da paix\u00e3o por celebrar a vida, em todas as suas formas.<\/b><\/p><p class=\"p1\">Quer seja um marco com que sempre sonhou, um momento tranquilo de amor-pr\u00f3prio ou simplesmente um dia que deseja tornar especial, acreditamos que as joias podem ser mais do que algo que se usa. Podem ser uma parte da sua hist\u00f3ria, uma lembran\u00e7a tang\u00edvel das pessoas, dos lugares e dos sentimentos que deseja levar consigo para sempre.<\/p><p class=\"p1\">Num mundo que se move rapidamente, criamos joias que convidam a desacelerar. Para marcar o momento. Para celebrar a si mesmo ou algu\u00e9m que ama, n\u00e3o apenas em ocasi\u00f5es especiais, mas na beleza do dia a dia.<\/p>\t\t\t\t\t\t<\/div>\n\t\t\t\t<\/div>\n\t\t\t\t<div class=\"elementor-element elementor-element-1156173 elementor-widget elementor-widget-text-editor\" data-id=\"1156173\" data-element_type=\"widget\" data-widget_type=\"text-editor.default\">\n\t\t\t\t<div class=\"elementor-widget-container\">\n\t\t\t\t\t\t\t<p class=\"p1\"><em>Paul e Michelle, fundadores da Lumi\u00e8re<\/em><\/p>\t\t\t\t\t\t<\/div>\n\t\t\t\t<\/div>\n\t\t\t\t<div class=\"elementor-element elementor-element-e6f073a elementor-widget elementor-widget-spacer\" data-id=\"e6f073a\" data-element_type=\"widget\" data-widget_type=\"spacer.default\">\n\t\t\t\t<div class=\"elementor-widget-container\">\n\t\t\t\t\t<div class=\"elementor-spacer\">\n\t\t\t<div class=\"elementor-spacer-inner\"><\/div>\n\t\t<\/div>\n\t\t\t\t<\/div>\n\t\t\t\t<\/div>\n\t\t\t\t<div class=\"elementor-element elementor-element-0cb63ed elementor-widget elementor-widget-spacer\" data-id=\"0cb63ed\" data-element_type=\"widget\" data-widget_type=\"spacer.default\">\n\t\t\t\t<div class=\"elementor-widget-container\">\n\t\t\t\t\t<div class=\"elementor-spacer\">\n\t\t\t<div class=\"elementor-spacer-inner\"><\/div>\n\t\t<\/div>\n\t\t\t\t<\/div>\n\t\t\t\t<\/div>\n\t\t\t\t\t<\/div>\n\t\t\t\t<\/div>\n\t\t<div class=\"elementor-element elementor-element-668d1f6 e-flex e-con-boxed e-con e-parent\" data-id=\"668d1f6\" data-element_type=\"container\">\n\t\t\t\t\t<div class=\"e-con-inner\">\n\t\t<div class=\"elementor-element elementor-element-bf8dfe9 e-con-full e-flex e-con e-child\" data-id=\"bf8dfe9\" data-element_type=\"container\">\n\t\t\t\t<div class=\"elementor-element elementor-element-0277304 elementor-widget elementor-widget-spacer\" data-id=\"0277304\" data-element_type=\"widget\" data-widget_type=\"spacer.default\">\n\t\t\t\t<div class=\"elementor-widget-container\">\n\t\t\t\t\t<div class=\"elementor-spacer\">\n\t\t\t<div class=\"elementor-spacer-inner\"><\/div>\n\t\t<\/div>\n\t\t\t\t<\/div>\n\t\t\t\t<\/div>\n\t\t\t\t<div class=\"elementor-element elementor-element-c8e66f0 elementor-widget elementor-widget-text-editor\" data-id=\"c8e66f0\" data-element_type=\"widget\" data-widget_type=\"text-editor.default\">\n\t\t\t\t<div class=\"elementor-widget-container\">\n\t\t\t\t\t\t\t<p class=\"p1\"><b>Nascido da busca por algo melhor.<\/b><\/p><p class=\"p1\">Comecei a Lumi\u00e8re porque n\u00e3o conseguia encontrar o que procurava: joias finas intemporais, com um design bonito, feitas com integridade, sem o pre\u00e7o inflacionado das marcas de luxo tradicionais.<\/p><p class=\"p1\">Eu queria a riqueza de <span class=\"s1\"><b>ouro maci\u00e7o de 18 quilates<\/b><\/span>, e n\u00e3o 14k, o que parecia um compromisso. Eu queria o brilho dos diamantes, mas de uma forma que minimizasse o impacto ambiental. E embora alguns retalhistas online oferecessem ambos, eu me vi a percorrer listas intermin\u00e1veis de pedras, uma experi\u00eancia avassaladora, sem nenhuma orienta\u00e7\u00e3o real.<\/p><p class=\"p1\">Ent\u00e3o, repens\u00e1mos o processo.<\/p><p class=\"p1\">Na Lumi\u00e8re, o nosso <span class=\"s1\"><b>Os gemologistas selecionam manualmente diamantes entre as melhores pedras cultivadas em laborat\u00f3rio.<\/b><\/span>, combinando cuidadosamente cada um com o design escolhido para obter brilho, clareza e fogo excepcionais. <span class=\"s1\"><b>Brilho garantido.<\/b><b><\/b><\/span><\/p>\t\t\t\t\t\t<\/div>\n\t\t\t\t<\/div>\n\t\t\t\t<\/div>\n\t\t<div class=\"elementor-element elementor-element-94c3f09 e-con-full e-flex e-con e-child\" data-id=\"94c3f09\" data-element_type=\"container\">\n\t\t\t\t<div class=\"elementor-element elementor-element-0f15419 elementor-widget elementor-widget-image\" data-id=\"0f15419\" data-element_type=\"widget\" data-widget_type=\"image.default\">\n\t\t\t\t<div class=\"elementor-widget-container\">\n\t\t\t\t\t\t\t\t\t\t\t\t\t<img fetchpriority=\"high\" decoding=\"async\" width=\"768\" height=\"1000\" src=\"https:\/\/lumierediamonds.eu\/wp-content\/uploads\/2025\/12\/choosing-the-best-lab-grown-diamond-for-a-ring-2-768x1000.png\" class=\"attachment-medium_large size-medium_large wp-image-14101\" alt=\"\" srcset=\"https:\/\/lumierediamonds.eu\/wp-content\/uploads\/2025\/12\/choosing-the-best-lab-grown-diamond-for-a-ring-2-768x1000.png 768w, https:\/\/lumierediamonds.eu\/wp-content\/uploads\/2025\/12\/choosing-the-best-lab-grown-diamond-for-a-ring-2-230x300.png 230w, https:\/\/lumierediamonds.eu\/wp-content\/uploads\/2025\/12\/choosing-the-best-lab-grown-diamond-for-a-ring-2-786x1024.png 786w, https:\/\/lumierediamonds.eu\/wp-content\/uploads\/2025\/12\/choosing-the-best-lab-grown-diamond-for-a-ring-2-9x12.png 9w, https:\/\/lumierediamonds.eu\/wp-content\/uploads\/2025\/12\/choosing-the-best-lab-grown-diamond-for-a-ring-2-600x781.png 600w, https:\/\/lumierediamonds.eu\/wp-content\/uploads\/2025\/12\/choosing-the-best-lab-grown-diamond-for-a-ring-2.png 887w\" sizes=\"(max-width: 768px) 100vw, 768px\" \/>\t\t\t\t\t\t\t\t\t\t\t\t\t<\/div>\n\t\t\t\t<\/div>\n\t\t\t\t<\/div>\n\t\t\t\t\t<\/div>\n\t\t\t\t<\/div>\n\t\t<div class=\"elementor-element elementor-element-cbd0726 e-flex e-con-boxed e-con e-parent\" data-id=\"cbd0726\" data-element_type=\"container\">\n\t\t\t\t\t<div class=\"e-con-inner\">\n\t\t\t\t<div class=\"elementor-element elementor-element-37570cd elementor-widget elementor-widget-spacer\" data-id=\"37570cd\" data-element_type=\"widget\" data-widget_type=\"spacer.default\">\n\t\t\t\t<div class=\"elementor-widget-container\">\n\t\t\t\t\t<div class=\"elementor-spacer\">\n\t\t\t<div class=\"elementor-spacer-inner\"><\/div>\n\t\t<\/div>\n\t\t\t\t<\/div>\n\t\t\t\t<\/div>\n\t\t\t\t\t<\/div>\n\t\t\t\t<\/div>\n\t\t<div class=\"elementor-element elementor-element-cb260a1 e-flex e-con-boxed e-con e-parent\" data-id=\"cb260a1\" data-element_type=\"container\" data-settings=\"{&quot;background_background&quot;:&quot;classic&quot;}\">\n\t\t\t\t\t<div class=\"e-con-inner\">\n\t\t\t\t<div class=\"elementor-element elementor-element-7465afd elementor-widget elementor-widget-spacer\" data-id=\"7465afd\" data-element_type=\"widget\" data-widget_type=\"spacer.default\">\n\t\t\t\t<div class=\"elementor-widget-container\">\n\t\t\t\t\t<div class=\"elementor-spacer\">\n\t\t\t<div class=\"elementor-spacer-inner\"><\/div>\n\t\t<\/div>\n\t\t\t\t<\/div>\n\t\t\t\t<\/div>\n\t\t\t\t<div class=\"elementor-element elementor-element-ee43045 elementor-widget elementor-widget-heading\" data-id=\"ee43045\" data-element_type=\"widget\" data-widget_type=\"heading.default\">\n\t\t\t\t<div class=\"elementor-widget-container\">\n\t\t\t<h3 class=\"elementor-heading-title elementor-size-default\">A nossa filosofia<\/h3>\t\t<\/div>\n\t\t\t\t<\/div>\n\t\t\t\t<div class=\"elementor-element elementor-element-780a1fe elementor-widget elementor-widget-heading\" data-id=\"780a1fe\" data-element_type=\"widget\" data-widget_type=\"heading.default\">\n\t\t\t\t<div class=\"elementor-widget-container\">\n\t\t\t<h2 class=\"elementor-heading-title elementor-size-default\">Luxo sem compromissos<\/h2>\t\t<\/div>\n\t\t\t\t<\/div>\n\t\t\t\t<div class=\"elementor-element elementor-element-ae673d4 elementor-widget elementor-widget-text-editor\" data-id=\"ae673d4\" data-element_type=\"widget\" data-widget_type=\"text-editor.default\">\n\t\t\t\t<div class=\"elementor-widget-container\">\n\t\t\t\t\t\t\t<p class=\"p1\">Estamos a estabelecer um novo padr\u00e3o para joias finas \u2014 um padr\u00e3o que n\u00e3o obriga a escolher entre qualidade, sustentabilidade e pre\u00e7o. Na Lumi\u00e8re, acreditamos que pode ter tudo isso:<\/p><ul><li><p class=\"p1\"><span class=\"s1\"><b>Qualidade excecional<\/b><\/span>: Fabricado com a mais alta qualidade <span class=\"s1\"><b>diamantes cultivados em laborat\u00f3rio<\/b><\/span> e <span class=\"s1\"><b>ouro maci\u00e7o de 18 quilates<\/b><\/span>, as nossas pe\u00e7as s\u00e3o concebidas para serem usadas diariamente e durarem toda a vida.<\/p><\/li><li><p class=\"p1\"><span class=\"s1\"><b>Eleg\u00e2ncia sustent\u00e1vel<\/b><\/span>Ao escolher diamantes cultivados em laborat\u00f3rio, reduzimos o impacto ambiental, preservando o brilho e a beleza das pedras tradicionais.<\/p><\/li><li><p class=\"p1\"><span class=\"s1\"><b>Pre\u00e7os bem pensados<\/b><\/span>: Sem margens de lucro exorbitantes. Sem concess\u00f5es. Apenas joias de luxo honestas, com as quais se pode sentir bem \u2014 por dentro e por fora.<\/p><\/li><\/ul>\t\t\t\t\t\t<\/div>\n\t\t\t\t<\/div>\n\t\t\t\t<div class=\"elementor-element elementor-element-d801257 elementor-widget elementor-widget-spacer\" data-id=\"d801257\" data-element_type=\"widget\" data-widget_type=\"spacer.default\">\n\t\t\t\t<div class=\"elementor-widget-container\">\n\t\t\t\t\t<div class=\"elementor-spacer\">\n\t\t\t<div class=\"elementor-spacer-inner\"><\/div>\n\t\t<\/div>\n\t\t\t\t<\/div>\n\t\t\t\t<\/div>\n\t\t\t\t\t<\/div>\n\t\t\t\t<\/div>\n\t\t<div class=\"elementor-element elementor-element-c6eaa19 e-flex e-con-boxed e-con e-parent\" data-id=\"c6eaa19\" data-element_type=\"container\">\n\t\t\t\t\t<div class=\"e-con-inner\">\n\t\t\t\t<div class=\"elementor-element elementor-element-200aacf elementor-widget elementor-widget-spacer\" data-id=\"200aacf\" data-element_type=\"widget\" data-widget_type=\"spacer.default\">\n\t\t\t\t<div class=\"elementor-widget-container\">\n\t\t\t\t\t<div class=\"elementor-spacer\">\n\t\t\t<div class=\"elementor-spacer-inner\"><\/div>\n\t\t<\/div>\n\t\t\t\t<\/div>\n\t\t\t\t<\/div>\n\t\t\t\t<div class=\"elementor-element elementor-element-39ef797 elementor-widget elementor-widget-text-editor\" data-id=\"39ef797\" data-element_type=\"widget\" data-widget_type=\"text-editor.default\">\n\t\t\t\t<div class=\"elementor-widget-container\">\n\t\t\t\t\t\t\t<p class=\"p1\"><b>Concebido para ter significado. Feito para durar.<\/b><\/p><p class=\"p1\">Cada pe\u00e7a Lumi\u00e8re \u00e9 cuidadosamente concebida para homenagear a sua hist\u00f3ria \u2014 criada para marcar momentos de alegria, crescimento, amor ou reflex\u00e3o silenciosa. Seja um presente para si mesmo ou para algu\u00e9m que ama, as nossas joias s\u00e3o feitas para serem usadas, apreciadas e transmitidas de gera\u00e7\u00e3o em gera\u00e7\u00e3o.<\/p><p class=\"p1\">\u00a0<\/p>\t\t\t\t\t\t<\/div>\n\t\t\t\t<\/div>\n\t\t\t\t<div class=\"elementor-element elementor-element-7e9878f elementor-widget elementor-widget-image\" data-id=\"7e9878f\" data-element_type=\"widget\" data-widget_type=\"image.default\">\n\t\t\t\t<div class=\"elementor-widget-container\">\n\t\t\t\t\t\t\t\t\t\t\t\t\t<img decoding=\"async\" src=\"https:\/\/lumierediamonds.eu\/wp-content\/uploads\/elementor\/thumbs\/made-to-order-lab-grown-diamond-engagement-ring-rfpwtmmmgr171wwmzwllhnjdedpchc7lkr9htu3mok.png\" title=\"anel de noivado com diamante cultivado em laborat\u00f3rio feito sob encomenda\" alt=\"anel de noivado com diamante cultivado em laborat\u00f3rio feito sob encomenda\" loading=\"lazy\" \/>\t\t\t\t\t\t\t\t\t\t\t\t\t<\/div>\n\t\t\t\t<\/div>\n\t\t\t\t<div class=\"elementor-element elementor-element-0a377e6 elementor-widget elementor-widget-text-editor\" data-id=\"0a377e6\" data-element_type=\"widget\" data-widget_type=\"text-editor.default\">\n\t\t\t\t<div class=\"elementor-widget-container\">\n\t\t\t\t\t\t\t<p class=\"p1\">As nossas cria\u00e7\u00f5es s\u00e3o:<\/p><ul><li><p class=\"p1\"><span class=\"s1\"><b>Feito \u00e0 m\u00e3o sob encomenda<\/b><\/span> por artes\u00e3os qualificados<\/p><\/li><li><p class=\"p1\"><span class=\"s1\"><b>Personaliz\u00e1vel<\/b><\/span> para quem procura algo \u00fanico<\/p><\/li><li><p class=\"p1\"><span class=\"s1\"><b>Dur\u00e1vel e pronto para o uso di\u00e1rio<\/b><\/span>, mesmo nos dias mais agitados da vida<\/p><\/li><\/ul><p class=\"p1\">Desde o brilho dos nossos diamantes cultivados em laborat\u00f3rio at\u00e9 ao polimento de cada acabamento, garantimos nada menos do que a excel\u00eancia.<\/p>\t\t\t\t\t\t<\/div>\n\t\t\t\t<\/div>\n\t\t\t\t<div class=\"elementor-element elementor-element-a4ac27f elementor-widget elementor-widget-spacer\" data-id=\"a4ac27f\" data-element_type=\"widget\" data-widget_type=\"spacer.default\">\n\t\t\t\t<div class=\"elementor-widget-container\">\n\t\t\t\t\t<div class=\"elementor-spacer\">\n\t\t\t<div class=\"elementor-spacer-inner\"><\/div>\n\t\t<\/div>\n\t\t\t\t<\/div>\n\t\t\t\t<\/div>\n\t\t\t\t<div class=\"elementor-element elementor-element-d202e8d elementor-widget elementor-widget-text-editor\" data-id=\"d202e8d\" data-element_type=\"widget\" data-widget_type=\"text-editor.default\">\n\t\t\t\t<div class=\"elementor-widget-container\">\n\t\t\t\t\t\t\t<p class=\"p1\">Porque na Lumi\u00e8re, n\u00e3o criamos apenas joias. Criamos pe\u00e7as significativas que honram a sua hist\u00f3ria com eleg\u00e2ncia, integridade e cuidado.<\/p>\t\t\t\t\t\t<\/div>\n\t\t\t\t<\/div>\n\t\t\t\t\t<\/div>\n\t\t\t\t<\/div>\n\t\t<div class=\"elementor-element elementor-element-1bd2667 e-flex e-con-boxed e-con e-parent\" data-id=\"1bd2667\" data-element_type=\"container\">\n\t\t\t\t\t<div class=\"e-con-inner\">\n\t\t\t\t<div class=\"elementor-element elementor-element-c63b328 elementor-align-center elementor-widget elementor-widget-button\" data-id=\"c63b328\" data-element_type=\"widget\" data-widget_type=\"button.default\">\n\t\t\t\t<div class=\"elementor-widget-container\">\n\t\t\t\t\t\t\t<div class=\"elementor-button-wrapper\">\n\t\t\t\t\t<a class=\"elementor-button elementor-button-link elementor-size-sm\" href=\"#\">\n\t\t\t\t\t\t<span class=\"elementor-button-content-wrapper\">\n\t\t\t\t\t\t\t\t\t<span class=\"elementor-button-text\">Explore a nossa cole\u00e7\u00e3o<\/span>\n\t\t\t\t\t<\/span>\n\t\t\t\t\t<\/a>\n\t\t\t\t<\/div>\n\t\t\t\t\t\t<\/div>\n\t\t\t\t<\/div>\n\t\t\t\t\t<\/div>\n\t\t\t\t<\/div>\n\t\t\t\t<\/div>","protected":false},"excerpt":{"rendered":"<p>SOBRE N\u00d3S A Lumi\u00e8re nasceu da paix\u00e3o por celebrar a vida, em todas as suas formas. Seja um marco com que sempre sonhou, um momento tranquilo de amor-pr\u00f3prio ou simplesmente um dia que deseja tornar especial, acreditamos que as joias podem ser mais do que algo que se usa. Podem ser uma parte de si mesmo.<\/p>","protected":false},"author":1,"featured_media":0,"parent":0,"menu_order":0,"comment_status":"closed","ping_status":"closed","template":"","meta":{"_acf_changed":false,"footnotes":""},"class_list":["post-2608","page","type-page","status-publish","hentry"],"acf":[],"jetpack_sharing_enabled":true,"_links":{"self":[{"href":"https:\/\/lumierediamonds.eu\/pt\/wp-json\/wp\/v2\/pages\/2608","targetHints":{"allow":["GET"]}}],"collection":[{"href":"https:\/\/lumierediamonds.eu\/pt\/wp-json\/wp\/v2\/pages"}],"about":[{"href":"https:\/\/lumierediamonds.eu\/pt\/wp-json\/wp\/v2\/types\/page"}],"author":[{"embeddable":true,"href":"https:\/\/lumierediamonds.eu\/pt\/wp-json\/wp\/v2\/users\/1"}],"replies":[{"embeddable":true,"href":"https:\/\/lumierediamonds.eu\/pt\/wp-json\/wp\/v2\/comments?post=2608"}],"version-history":[{"count":25,"href":"https:\/\/lumierediamonds.eu\/pt\/wp-json\/wp\/v2\/pages\/2608\/revisions"}],"predecessor-version":[{"id":14359,"href":"https:\/\/lumierediamonds.eu\/pt\/wp-json\/wp\/v2\/pages\/2608\/revisions\/14359"}],"wp:attachment":[{"href":"https:\/\/lumierediamonds.eu\/pt\/wp-json\/wp\/v2\/media?parent=2608"}],"curies":[{"name":"wp","href":"https:\/\/api.w.org\/{rel}","templated":true}]}}