{"id":2720,"date":"2024-08-06T16:43:42","date_gmt":"2024-08-06T14:43:42","guid":{"rendered":"https:\/\/lumierediamonds.eu\/?page_id=2720"},"modified":"2024-12-16T13:42:16","modified_gmt":"2024-12-16T12:42:16","slug":"politica-de-cookies","status":"publish","type":"page","link":"https:\/\/lumierediamonds.eu\/pt\/politica-de-cookies\/","title":{"rendered":"Pol\u00edtica de cookies"},"content":{"rendered":"<div data-elementor-type=\"wp-page\" data-elementor-id=\"2720\" class=\"elementor elementor-2720\" data-elementor-post-type=\"page\">\n\t\t\t\t<div class=\"elementor-element elementor-element-784c4ded e-flex e-con-boxed e-con e-parent\" data-id=\"784c4ded\" data-element_type=\"container\">\n\t\t\t\t\t<div class=\"e-con-inner\">\n\t\t\t\t<div class=\"elementor-element elementor-element-7d98f43 elementor-widget elementor-widget-text-editor\" data-id=\"7d98f43\" data-element_type=\"widget\" data-widget_type=\"text-editor.default\">\n\t\t\t\t<div class=\"elementor-widget-container\">\n\t\t\t\t\t\t\t<h1>Pol\u00edtica de Cookies<\/h1><p>\u00a0<\/p><p><strong>Introdu\u00e7\u00e3o<\/strong><\/p><p class=\"p1\">Na Lumi\u00e8re, operada pela Nova Group Sp. z o.o., utilizamos cookies e tecnologias semelhantes para melhorar a sua experi\u00eancia no nosso website. Esta Pol\u00edtica de Cookies explica o que s\u00e3o cookies, como os utilizamos e os seus direitos relativamente \u00e0 sua utiliza\u00e7\u00e3o. Ao continuar a navegar no nosso website, concorda com a utiliza\u00e7\u00e3o de cookies conforme descrito nesta pol\u00edtica, a menos que os desative atrav\u00e9s das defini\u00e7\u00f5es do seu navegador ou da nossa ferramenta de gest\u00e3o de cookies.<\/p><p>\u00a0<\/p><p><strong>O que s\u00e3o cookies?<\/strong><\/p><p class=\"p1\">Os cookies s\u00e3o pequenos ficheiros de texto armazenados no seu dispositivo (computador, tablet ou telem\u00f3vel) quando visita um site. Eles ajudam os sites a reconhecer o seu dispositivo e a lembrar certas informa\u00e7\u00f5es, como as suas prefer\u00eancias ou a\u00e7\u00f5es anteriores. Os cookies podem ser classificados com base na sua origem, dura\u00e7\u00e3o e fun\u00e7\u00e3o:<\/p><p class=\"p2\">1. <b>Cookies pr\u00f3prios<\/b>: Definido pelo site que est\u00e1 a visitar.<\/p><p class=\"p2\">2. <b>Cookies de terceiros<\/b>: Definido por servi\u00e7os externos ou websites.<\/p><p class=\"p2\">3. <b>Cookies de sess\u00e3o<\/b>: Cookies tempor\u00e1rios que expiram quando fecha o seu navegador.<\/p><p class=\"p2\">4. <b>Cookies persistentes<\/b>: Permanecer no seu dispositivo por um per\u00edodo definido ou at\u00e9 ser eliminado.<\/p><p class=\"p2\">5. <b>Cookies essenciais<\/b>: Necess\u00e1rio para o funcionamento adequado do site.<\/p><p class=\"p2\">6. <b>Cookies n\u00e3o essenciais<\/b>: Utilizado para an\u00e1lise, publicidade e personaliza\u00e7\u00e3o.<\/p><p>\u00a0<\/p><p><strong>Tipos de cookies que utilizamos<\/strong><\/p><p>Utilizamos os seguintes tipos de cookies:<\/p><ul><li><p><strong>Cookies essenciais<\/strong>: Esses cookies s\u00e3o necess\u00e1rios para que o site funcione corretamente. Eles permitem fun\u00e7\u00f5es b\u00e1sicas, como navega\u00e7\u00e3o nas p\u00e1ginas e acesso a \u00e1reas seguras do site. Sem esses cookies, o site n\u00e3o pode funcionar corretamente.<\/p><\/li><li><p><strong>Cookies de desempenho<\/strong>: Estes cookies recolhem informa\u00e7\u00f5es sobre como utiliza o nosso website, tais como quais as p\u00e1ginas que visita com mais frequ\u00eancia e se recebe mensagens de erro das p\u00e1ginas web. Estes cookies n\u00e3o recolhem informa\u00e7\u00f5es que o identifiquem. Todas as informa\u00e7\u00f5es recolhidas por estes cookies s\u00e3o agregadas e, portanto, an\u00f3nimas. S\u00e3o utilizadas apenas para melhorar o funcionamento do nosso website.<\/p><\/li><li><p><strong>Cookies funcionais<\/strong>: Esses cookies permitem que o nosso site lembre as escolhas que faz (como o seu nome de utilizador, idioma ou regi\u00e3o em que se encontra) e forne\u00e7a recursos aprimorados e mais personalizados. Esses cookies tamb\u00e9m podem ser usados para lembrar as altera\u00e7\u00f5es que fez no tamanho do texto, fontes e outras partes das p\u00e1ginas da web que pode personalizar. Eles tamb\u00e9m podem ser usados para fornecer servi\u00e7os que solicitou, como assistir a um v\u00eddeo ou comentar num blog. As informa\u00e7\u00f5es que estes cookies recolhem podem ser anonimizadas e n\u00e3o podem rastrear a sua atividade de navega\u00e7\u00e3o noutros sites.<\/p><\/li><li><strong>Cookies de segmenta\u00e7\u00e3o\/publicidade:<\/strong> Esses cookies rastreiam as suas atividades de navega\u00e7\u00e3o em diferentes sites para criar um perfil dos seus interesses. Essas informa\u00e7\u00f5es s\u00e3o usadas para exibir an\u00fancios personalizados que s\u00e3o mais relevantes para si. Eles tamb\u00e9m ajudam a n\u00f3s e aos nossos parceiros de publicidade a medir a efic\u00e1cia das nossas campanhas publicit\u00e1rias. Pode gerir ou desativar esses cookies atrav\u00e9s das configura\u00e7\u00f5es do seu navegador ou da nossa ferramenta de consentimento de cookies.<\/li><\/ul><p>\u00a0<\/p><p class=\"p1\"><b>Cookies de terceiros<\/b><\/p><p class=\"p1\">Utilizamos servi\u00e7os de terceiros confi\u00e1veis que podem colocar cookies no seu dispositivo quando interage com o nosso site. Estes incluem:<\/p><p class=\"p2\">\u2022 <b>Google Analytics<\/b>: Rastreia a utiliza\u00e7\u00e3o do site e gera relat\u00f3rios.<\/p><p class=\"p2\">\u2022 <b>Pixel do Facebook<\/b>: Auxilia na publicidade direcionada.<\/p><p class=\"p2\">\u2022 <b>Provedores de pagamento<\/b>: Garante transa\u00e7\u00f5es seguras durante o checkout.<\/p><p class=\"p1\">Para obter informa\u00e7\u00f5es sobre como esses terceiros utilizam os seus dados, consulte as respetivas pol\u00edticas de privacidade.<\/p><p>\u00a0<\/p><p class=\"p1\"><b>Gerir as suas prefer\u00eancias de cookies<\/b><\/p><p class=\"p1\">Tem o direito de controlar e gerir a utiliza\u00e7\u00e3o de cookies no nosso website. Veja como:<\/p><p class=\"p3\"><b>1. Banner de consentimento de cookies<\/b><\/p><p class=\"p1\">Quando visitar o nosso site pela primeira vez, ver\u00e1 um banner de consentimento de cookies que lhe permite:<\/p><p class=\"p4\">\u2022 Aceitar todos os cookies.<\/p><p class=\"p4\">\u2022 Rejeitar cookies n\u00e3o essenciais.<\/p><p class=\"p4\">\u2022 Personalize as suas prefer\u00eancias de cookies por categoria.<\/p><p class=\"p1\">Pode alterar as suas prefer\u00eancias a qualquer momento, acedendo ao <b>Configura\u00e7\u00f5es de cookies<\/b> link no rodap\u00e9 do nosso site.<\/p><p class=\"p3\"><b>2. Configura\u00e7\u00f5es do navegador<\/b><\/p><p class=\"p1\">Pode desativar ou eliminar os cookies atrav\u00e9s das defini\u00e7\u00f5es do seu navegador. Abaixo est\u00e3o os links para instru\u00e7\u00f5es dos navegadores mais populares:<\/p><p class=\"p4\">\u2022 <a href=\"https:\/\/support.google.com\/chrome\/answer\/95647\" target=\"_blank\" rel=\"noopener\">Google Chrome<\/a><\/p><p class=\"p4\">\u2022 <a href=\"https:\/\/support.mozilla.org\/en-US\/kb\/clear-cookies-and-site-data-firefox\" target=\"_blank\" rel=\"noopener\">Mozilla Firefox<\/a><\/p><p class=\"p4\">\u2022 <a href=\"https:\/\/support.apple.com\/en-us\/guide\/safari\/sfri11471\/mac\" target=\"_blank\" rel=\"noopener\">Saf\u00e1ri<\/a><\/p><p class=\"p4\">\u2022 <a href=\"https:\/\/support.microsoft.com\/en-us\/microsoft-edge\/delete-cookies-in-microsoft-edge-63947406-40ac-c3b8-57b9-2a946a29ae09\" target=\"_blank\" rel=\"noopener\">Microsoft Edge<\/a><\/p><p class=\"p3\"><b>3. Ferramentas de exclus\u00e3o<\/b><\/p><p class=\"p1\">Alguns servi\u00e7os de terceiros oferecem ferramentas de exclus\u00e3o para impedir a recolha de dados atrav\u00e9s dos seus cookies:<\/p><p class=\"p4\">\u2022 <a href=\"https:\/\/tools.google.com\/dlpage\/gaoptout\" target=\"_blank\" rel=\"noopener\">Desativa\u00e7\u00e3o do Google Analytics<\/a><\/p><p class=\"p4\">\u2022 <a href=\"https:\/\/www.facebook.com\/ads\/preferences\" target=\"_blank\" rel=\"noopener\">Prefer\u00eancias de an\u00fancios do Facebook<\/a><\/p><p>\u00a0<\/p><p class=\"p1\"><b>Os seus direitos<\/b><\/p><p class=\"p1\">Nos termos do RGPD, tem o direito de:<\/p><p class=\"p2\">\u2022 <b>Mantenha-se informado<\/b> sobre os cookies que utilizamos.<\/p><p class=\"p2\">\u2022 <b>Retirar consentimento<\/b> para cookies n\u00e3o essenciais a qualquer momento.<\/p><p class=\"p2\">\u2022 <b>Aceda aos seus dados<\/b> recolhidos atrav\u00e9s de cookies e solicitar a sua elimina\u00e7\u00e3o ou transfer\u00eancia.<\/p><p class=\"p1\">Para exercer esses direitos, entre em contacto connosco atrav\u00e9s do endere\u00e7o <a href=\"mailto:contact@lumierediamonds.eu\">contact@lumierediamonds.eu<\/a>.<\/p><p>\u00a0<\/p><p class=\"p1\"><b>Dados recolhidos atrav\u00e9s de cookies<\/b><\/p><p class=\"p1\">Os dados recolhidos atrav\u00e9s dos cookies podem incluir:<\/p><p class=\"p2\">\u2022 O seu endere\u00e7o IP.<\/p><p class=\"p2\">\u2022 Tipo e vers\u00e3o do navegador.<\/p><p class=\"p2\">\u2022 Tipo de dispositivo (por exemplo, telem\u00f3vel ou computador).<\/p><p class=\"p2\">\u2022 P\u00e1ginas visitadas e tempo passado no site.<\/p><p class=\"p2\">\u2022 Fontes de refer\u00eancia (por exemplo, qual site o trouxe ao nosso).<\/p><p class=\"p1\">Esses dados s\u00e3o utilizados para fins anal\u00edticos, melhoria da experi\u00eancia do utilizador e marketing.<\/p><p>\u00a0<\/p><p class=\"p1\"><b>Reten\u00e7\u00e3o de cookies<\/b><\/p><p class=\"p1\">O tempo que os cookies ficam no seu dispositivo depende do tipo deles:<\/p><p class=\"p2\">\u2022 <b>Cookies de sess\u00e3o<\/b>: Expira quando fecha o seu navegador.<\/p><p class=\"p2\">\u2022 <b>Cookies persistentes<\/b>: Permanecem no seu dispositivo por at\u00e9 12 meses, a menos que sejam eliminados manualmente.<\/p><p class=\"p1\">Os per\u00edodos espec\u00edficos de reten\u00e7\u00e3o dos cookies est\u00e3o descritos na nossa <b>Configura\u00e7\u00f5es de cookies<\/b> sec\u00e7\u00e3o.<\/p><p>\u00a0<\/p><p class=\"p1\"><b>Atualiza\u00e7\u00f5es desta pol\u00edtica<\/b><\/p><p class=\"p1\">Podemos atualizar esta Pol\u00edtica de Cookies periodicamente para refletir altera\u00e7\u00f5es nos requisitos legais ou nas nossas pr\u00e1ticas de cookies. Quaisquer atualiza\u00e7\u00f5es significativas ser\u00e3o comunicadas atrav\u00e9s do nosso site.<\/p><p>\u00a0<\/p><p class=\"p1\"><b>Entre em contacto connosco<\/b><\/p><p class=\"p1\">Se tiver d\u00favidas sobre esta Pol\u00edtica de Cookies ou desejar gerir os seus dados, entre em contacto connosco atrav\u00e9s do endere\u00e7o:<\/p><p class=\"p1\">E-mail: <a href=\"mailto:contact@lumierediamonds.eu\">contact@lumierediamonds.eu<\/a><\/p><p class=\"p1\">Correio: Nova Group Sp. z o.o., \u017burawia 6\/12 lok. 745, 00-503 Vars\u00f3via, Pol\u00f3nia<\/p>\t\t\t\t\t\t<\/div>\n\t\t\t\t<\/div>\n\t\t\t\t\t<\/div>\n\t\t\t\t<\/div>\n\t\t\t\t<\/div>","protected":false},"excerpt":{"rendered":"<p>Pol\u00edtica de Cookies Introdu\u00e7\u00e3o No Lumi\u00e8re, operado pelo Nova Group Sp. z o.o., utilizamos cookies e tecnologias semelhantes para melhorar a sua experi\u00eancia no nosso s\u00edtio Web. Esta Pol\u00edtica de Cookies explica o que s\u00e3o cookies, como os utilizamos e os seus direitos relativamente \u00e0 sua utiliza\u00e7\u00e3o. Ao continuar a navegar no nosso s\u00edtio Web, est\u00e1 a consentir a utiliza\u00e7\u00e3o de [...]<\/p>","protected":false},"author":1,"featured_media":0,"parent":0,"menu_order":0,"comment_status":"closed","ping_status":"closed","template":"","meta":{"_acf_changed":false,"footnotes":""},"class_list":["post-2720","page","type-page","status-publish","hentry"],"acf":[],"jetpack_sharing_enabled":true,"_links":{"self":[{"href":"https:\/\/lumierediamonds.eu\/pt\/wp-json\/wp\/v2\/pages\/2720","targetHints":{"allow":["GET"]}}],"collection":[{"href":"https:\/\/lumierediamonds.eu\/pt\/wp-json\/wp\/v2\/pages"}],"about":[{"href":"https:\/\/lumierediamonds.eu\/pt\/wp-json\/wp\/v2\/types\/page"}],"author":[{"embeddable":true,"href":"https:\/\/lumierediamonds.eu\/pt\/wp-json\/wp\/v2\/users\/1"}],"replies":[{"embeddable":true,"href":"https:\/\/lumierediamonds.eu\/pt\/wp-json\/wp\/v2\/comments?post=2720"}],"version-history":[{"count":7,"href":"https:\/\/lumierediamonds.eu\/pt\/wp-json\/wp\/v2\/pages\/2720\/revisions"}],"predecessor-version":[{"id":6763,"href":"https:\/\/lumierediamonds.eu\/pt\/wp-json\/wp\/v2\/pages\/2720\/revisions\/6763"}],"wp:attachment":[{"href":"https:\/\/lumierediamonds.eu\/pt\/wp-json\/wp\/v2\/media?parent=2720"}],"curies":[{"name":"wp","href":"https:\/\/api.w.org\/{rel}","templated":true}]}}