{"id":3,"date":"2023-11-08T21:13:17","date_gmt":"2023-11-08T20:13:17","guid":{"rendered":"https:\/\/wp64.you2.pl\/?page_id=3"},"modified":"2024-12-16T13:23:43","modified_gmt":"2024-12-16T12:23:43","slug":"politica-de-privacidade","status":"publish","type":"page","link":"https:\/\/lumierediamonds.eu\/pt\/politica-de-privacidade\/","title":{"rendered":"Pol\u00edtica de privacidade"},"content":{"rendered":"<div data-elementor-type=\"wp-page\" data-elementor-id=\"3\" class=\"elementor elementor-3\" data-elementor-post-type=\"page\">\n\t\t\t\t<div class=\"elementor-element elementor-element-c5e2b87 e-flex e-con-boxed e-con e-parent\" data-id=\"c5e2b87\" data-element_type=\"container\">\n\t\t\t\t\t<div class=\"e-con-inner\">\n\t\t\t\t<div class=\"elementor-element elementor-element-18fd7b9d elementor-widget elementor-widget-text-editor\" data-id=\"18fd7b9d\" data-element_type=\"widget\" data-widget_type=\"text-editor.default\">\n\t\t\t\t<div class=\"elementor-widget-container\">\n\t\t\t\t\t\t\t<h1>Pol\u00edtica de Privacidade<\/h1><p>\u00a0<br \/><br \/><strong>Introdu\u00e7\u00e3o<\/strong><\/p><p class=\"p1\">No Lumi\u00e8re, operado pelo Nova Group Sp. z o.o., valorizamos a sua privacidade e estamos empenhados em proteger os seus dados pessoais. Esta Pol\u00edtica de Privacidade descreve como recolhemos, utilizamos, armazenamos e protegemos a sua informa\u00e7\u00e3o pessoal quando interage com o nosso website. Reveja esta pol\u00edtica cuidadosamente para compreender os seus direitos e a forma como cumprimos o Regulamento Geral de Prote\u00e7\u00e3o de Dados (RGPD).<\/p><p>\u00a0<\/p><p class=\"p1\"><b>Quem somos<\/b><\/p><p>O respons\u00e1vel pelo tratamento dos seus dados pessoais \u00e9:<\/p><p>Nova Group Sp. z o.o.<br \/>\u017burawia 6\/12 lok. 745, 00-503 Vars\u00f3via, Pol\u00f3nia<br \/>Identifica\u00e7\u00e3o fiscal: PL7011215529<br \/>REGON: 529224431<\/p><p>Se tiver alguma d\u00favida sobre esta pol\u00edtica ou sobre os seus dados, contacte-nos atrav\u00e9s de <a href=\"mailto:contact@lumierediamonds.eu\">contact@lumierediamonds.eu<\/a><\/p><p>\u00a0<\/p><p class=\"p1\"><b>Que dados pessoais recolhemos<\/b><\/p><p class=\"p1\">Recolhemos os seguintes dados pessoais para prestar os nossos servi\u00e7os:<\/p><p class=\"p2\">\u2022 <b>Dados de identidade<\/b>: Nome completo.<\/p><p class=\"p2\">\u2022 <b>Dados de contacto<\/b>: Endere\u00e7o de correio eletr\u00f3nico, n\u00famero de telefone, endere\u00e7o de fatura\u00e7\u00e3o e endere\u00e7o de envio.<\/p><p class=\"p2\">\u2022 <b>Dados de transa\u00e7\u00e3o<\/b>: Detalhes das suas compras, informa\u00e7\u00f5es de pagamento e hist\u00f3rico de encomendas.<\/p><p class=\"p2\">\u2022 <b>Dados da conta<\/b> (opcional): Nome de utilizador e palavra-passe para a sua conta Lumi\u00e8re.<\/p><p class=\"p1\">Recolhemos estas informa\u00e7\u00f5es diretamente do utilizador durante o checkout, o registo da conta ou as intera\u00e7\u00f5es com o servi\u00e7o de apoio ao cliente.<\/p><p>\u00a0<\/p><p>\u00a0<\/p><p class=\"p1\"><b>Base jur\u00eddica para o processamento de dados<\/b><\/p><p class=\"p1\">Nos termos do RGPD, processamos os seus dados pessoais com base nos seguintes fundamentos jur\u00eddicos:<\/p><p class=\"p2\">1. <b>Necessidade contratual<\/b>: Para processar e entregar as suas encomendas e gerir a sua conta.<\/p><p class=\"p2\">2. <b>Consentimento<\/b>: Para actividades como o envio de e-mails de marketing (apenas se o utilizador tiver optado por participar).<\/p><p class=\"p2\">3. <b>Obriga\u00e7\u00e3o legal<\/b>: Cumprir os requisitos legais, tais como os regulamentos fiscais e contabil\u00edsticos.<\/p><p>\u00a0<\/p><p class=\"p1\"><b>Como utilizamos os seus dados pessoais<\/b><\/p><p class=\"p1\">Utilizamos os seus dados pessoais para os seguintes fins:<\/p><p class=\"p2\">- Para processar e entregar as suas encomendas, incluindo a gest\u00e3o de pagamentos e envios.<\/p><p class=\"p2\">- Para prestar apoio ao cliente e resolver quaisquer problemas com as suas encomendas ou conta.<\/p><p class=\"p2\">- Para enviar actualiza\u00e7\u00f5es sobre as suas encomendas, conta ou altera\u00e7\u00f5es aos nossos servi\u00e7os.<\/p><p class=\"p2\">- Para cumprir as obriga\u00e7\u00f5es legais e regulamentares.<\/p><p class=\"p1\">N\u00f3s fazemos <b>n\u00e3o<\/b> utilizar os seus dados para fins n\u00e3o relacionados com a presta\u00e7\u00e3o dos nossos servi\u00e7os.<\/p><p>\u00a0<\/p><p class=\"p1\"><b>Como partilhamos os seus dados<\/b><\/p><p class=\"p1\">Partilhamos os seus dados apenas quando necess\u00e1rio para prestar os nossos servi\u00e7os ou cumprir requisitos legais:<\/p><p class=\"p2\">\u2022 <b>Provedores de pagamento<\/b>: Para processar de forma segura os seus pagamentos.<\/p><p class=\"p2\">\u2022 <b>Transportadoras mar\u00edtimas<\/b>: Para garantir a entrega atempada das suas compras.<\/p><p class=\"p2\">\u2022 <b>Fornecedores de servi\u00e7os de TI<\/b>: Para alojamento e manuten\u00e7\u00e3o de s\u00edtios Web.<\/p><p class=\"p1\">Todos os terceiros s\u00e3o contratualmente obrigados a tratar os seus dados de forma segura e em conformidade com o RGPD.<\/p><p>\u00a0<\/p><p class=\"p1\"><b>Cookies e tecnologias de rastreio<\/b><\/p><p class=\"p1\">Utilizamos cookies para melhorar a sua experi\u00eancia no nosso s\u00edtio Web. Os cookies permitem-nos:<\/p><p class=\"p2\">- Compreender as prefer\u00eancias dos utilizadores.<\/p><p class=\"p2\">- Melhorar a funcionalidade do s\u00edtio Web.<\/p><p class=\"p1\">O utilizador pode gerir as suas prefer\u00eancias de cookies ou desativar os cookies atrav\u00e9s das defini\u00e7\u00f5es do seu browser. Para mais informa\u00e7\u00f5es, consulte o nosso <a href=\"\/pt\/politica-de-cookies\/\">Pol\u00edtica de Cookies<\/a>.<\/p><p>\u00a0<\/p><p class=\"p1\"><b>Os seus direitos<\/b><\/p><p class=\"p1\">Nos termos do RGPD, o utilizador tem os seguintes direitos relativamente aos seus dados pessoais:<\/p><p class=\"p2\">\u2022 <b>Acesso<\/b>: Solicitar uma c\u00f3pia dos seus dados pessoais.<\/p><p class=\"p2\">\u2022 <b>Retifica\u00e7\u00e3o<\/b>: Corrigir quaisquer imprecis\u00f5es nos seus dados.<\/p><p class=\"p2\">\u2022 <b>Apagamento<\/b>: Solicitar a supress\u00e3o dos seus dados (\u201cdireito a ser esquecido\u201d).<\/p><p class=\"p2\">\u2022 <b>Restri\u00e7\u00e3o<\/b>: Limitar a forma como processamos os seus dados.<\/p><p class=\"p2\">\u2022 <b>Obje\u00e7\u00e3o<\/b>: Opor-se ao tratamento de dados, incluindo para fins de marketing.<\/p><p class=\"p2\">\u2022 <b>Portabilidade dos dados<\/b>: Receber os seus dados num formato estruturado e comummente utilizado.<\/p><p class=\"p2\">\u2022 <b>Retirar o consentimento<\/b>: Retirar o seu consentimento para utiliza\u00e7\u00f5es espec\u00edficas dos dados, como e-mails de marketing.<\/p><p class=\"p1\">Para exercer os seus direitos, contacte-nos atrav\u00e9s de <a href=\"mailto:contact@lumierediamonds.eu\">contact@lumierediamonds.eu<\/a>. Tem tamb\u00e9m o direito de apresentar uma queixa \u00e0 autoridade de controlo na Pol\u00f3nia:<\/p><p class=\"p1\">Presidente do Gabinete de Prote\u00e7\u00e3o de Dados Pessoais (UODO)<\/p><p class=\"p1\">ul. Stawki 2, 00-193 Warszawa, Pol\u00f3nia<\/p><p class=\"p1\">Telefone: +48 22 531 03 00<\/p><p class=\"p1\">S\u00edtio Web: <a href=\"https:\/\/www.uodo.gov.pl\/\" target=\"_blank\" rel=\"noopener\">www.uodo.gov.pl<\/a><\/p><p>\u00a0<\/p><p class=\"p1\"><b>Conserva\u00e7\u00e3o de dados<\/b><\/p><p class=\"p1\">Conservamos os seus dados pessoais apenas durante o tempo necess\u00e1rio para as seguintes finalidades:<\/p><p class=\"p2\">\u2022 <b>Informa\u00e7\u00f5es sobre a encomenda<\/b>: Conservado durante seis anos para cumprimento das obriga\u00e7\u00f5es fiscais e legais.<\/p><p class=\"p2\">\u2022 <b>Informa\u00e7\u00f5es sobre a conta<\/b>: Conservado at\u00e9 \u00e0 elimina\u00e7\u00e3o da conta ou inatividade durante tr\u00eas anos.<\/p><p class=\"p2\">\u2022 <b>Dados de marketing<\/b>: Conservado at\u00e9 o utilizador retirar o consentimento ou anular a subscri\u00e7\u00e3o.<\/p><p class=\"p1\">Ap\u00f3s o per\u00edodo de reten\u00e7\u00e3o, os seus dados ser\u00e3o eliminados de forma segura ou tornados an\u00f3nimos.<\/p><p>\u00a0<\/p><p class=\"p1\"><b>Seguran\u00e7a dos dados<\/b><\/p><p class=\"p1\">Damos prioridade \u00e0 seguran\u00e7a dos seus dados pessoais e implementamos medidas t\u00e9cnicas e organizacionais robustas, incluindo:<\/p><p class=\"p2\">- Encripta\u00e7\u00e3o de dados durante o armazenamento e a transmiss\u00e3o.<\/p><p class=\"p2\">- Processamento seguro de pagamentos atrav\u00e9s de fornecedores fi\u00e1veis.<\/p><p class=\"p2\">- Controlos de acesso para impedir o acesso n\u00e3o autorizado aos seus dados.<\/p><p class=\"p1\">Embora nos esforcemos por proteger os dados do utilizador, nenhum sistema \u00e9 100% seguro. Na eventualidade improv\u00e1vel de uma viola\u00e7\u00e3o de dados, notificaremos prontamente os utilizadores afectados e, se necess\u00e1rio, comunicaremos o facto \u00e0 autoridade de supervis\u00e3o.<\/p><p>\u00a0<\/p><p class=\"p1\"><b>Dados das crian\u00e7as<\/b><\/p><p class=\"p1\">O nosso s\u00edtio Web n\u00e3o se destina a crian\u00e7as com idade inferior a 16 anos e n\u00e3o recolhemos intencionalmente os seus dados pessoais. Se descobrirmos que recolhemos inadvertidamente dados de uma crian\u00e7a, apag\u00e1-los-emos de imediato.<\/p><p>\u00a0<\/p><p class=\"p1\"><b>Altera\u00e7\u00f5es a esta pol\u00edtica de privacidade<\/b><\/p><p class=\"p1\">Podemos atualizar esta Pol\u00edtica de Privacidade para refletir altera\u00e7\u00f5es nas nossas pr\u00e1ticas ou obriga\u00e7\u00f5es legais. Quaisquer actualiza\u00e7\u00f5es significativas ser\u00e3o comunicadas no nosso s\u00edtio Web ou por correio eletr\u00f3nico. A vers\u00e3o mais recente desta pol\u00edtica est\u00e1 sempre dispon\u00edvel no nosso s\u00edtio Web.<\/p><p>\u00a0<\/p><p class=\"p1\"><b>Reconhecimento e acordo<\/b><\/p><p class=\"p1\">Ao utilizar o nosso s\u00edtio Web e os nossos servi\u00e7os, o utilizador concorda com as pr\u00e1ticas descritas na presente Pol\u00edtica de Privacidade. Comprometemo-nos a tratar os seus dados com cuidado, transpar\u00eancia e respeitoct.<\/p><p>\u00a0<\/p><p class=\"p1\"><b>Entre em contacto connosco<\/b><\/p><p class=\"p1\">Se tiver alguma quest\u00e3o ou d\u00favida sobre esta Pol\u00edtica de Privacidade ou sobre os seus dados pessoais, contacte-nos atrav\u00e9s de<\/p><p class=\"p1\">E-mail: <a href=\"mailto:contact@lumierediamonds.eu\">contact@lumierediamonds.eu<\/a><\/p><p class=\"p1\">Correio: Nova Group Sp. z o.o., \u017burawia 6\/12 lok. 745, 00-503 Vars\u00f3via, Pol\u00f3nia<\/p>\t\t\t\t\t\t<\/div>\n\t\t\t\t<\/div>\n\t\t\t\t\t<\/div>\n\t\t\t\t<\/div>\n\t\t\t\t<\/div>","protected":false},"excerpt":{"rendered":"<p>Pol\u00edtica de Privacidade Introdu\u00e7\u00e3o No Lumi\u00e8re, operado pelo Nova Group Sp. z o.o., valorizamos a sua privacidade e estamos empenhados em proteger os seus dados pessoais. Esta Pol\u00edtica de Privacidade descreve a forma como recolhemos, utilizamos, armazenamos e protegemos a sua informa\u00e7\u00e3o pessoal quando interage com o nosso s\u00edtio Web. Por favor, reveja esta pol\u00edtica cuidadosamente para compreender os seus direitos e [...]<\/p>","protected":false},"author":1,"featured_media":0,"parent":0,"menu_order":0,"comment_status":"closed","ping_status":"closed","template":"","meta":{"_acf_changed":false,"footnotes":""},"class_list":["post-3","page","type-page","status-publish","hentry"],"acf":[],"jetpack_sharing_enabled":true,"_links":{"self":[{"href":"https:\/\/lumierediamonds.eu\/pt\/wp-json\/wp\/v2\/pages\/3","targetHints":{"allow":["GET"]}}],"collection":[{"href":"https:\/\/lumierediamonds.eu\/pt\/wp-json\/wp\/v2\/pages"}],"about":[{"href":"https:\/\/lumierediamonds.eu\/pt\/wp-json\/wp\/v2\/types\/page"}],"author":[{"embeddable":true,"href":"https:\/\/lumierediamonds.eu\/pt\/wp-json\/wp\/v2\/users\/1"}],"replies":[{"embeddable":true,"href":"https:\/\/lumierediamonds.eu\/pt\/wp-json\/wp\/v2\/comments?post=3"}],"version-history":[{"count":10,"href":"https:\/\/lumierediamonds.eu\/pt\/wp-json\/wp\/v2\/pages\/3\/revisions"}],"predecessor-version":[{"id":6753,"href":"https:\/\/lumierediamonds.eu\/pt\/wp-json\/wp\/v2\/pages\/3\/revisions\/6753"}],"wp:attachment":[{"href":"https:\/\/lumierediamonds.eu\/pt\/wp-json\/wp\/v2\/media?parent=3"}],"curies":[{"name":"wp","href":"https:\/\/api.w.org\/{rel}","templated":true}]}}