{"id":10546,"date":"2025-09-18T18:23:13","date_gmt":"2025-09-18T16:23:13","guid":{"rendered":"https:\/\/lumierediamonds.eu\/?post_type=product&#038;p=10546"},"modified":"2025-11-20T18:17:28","modified_gmt":"2025-11-20T17:17:28","slug":"pingente-com-diamante-oval-eterna","status":"publish","type":"product","link":"https:\/\/lumierediamonds.eu\/pt\/produto\/pingente-com-diamante-oval-eterna\/","title":{"rendered":"Pingente com diamante oval Eterna"},"content":{"rendered":"<p class=\"p1\">Brilho gracioso, capturado em perfeita simetria.<\/p>\n<p class=\"p1\">O <span class=\"s1\"><b>Pingente oval com diamante Lumi\u00e8re<\/b><\/span> apresenta um <span class=\"s1\">diamante oval cultivado em laborat\u00f3rio<\/span>, admirado pela sua forma alongada e brilho suave que favorece todos os decotes. As suas curvas facetadas refletem a luz com fluidez natural, criando uma sensa\u00e7\u00e3o de calor e movimento. Suspensas numa fina corrente de ouro e presas com um <span class=\"s1\">fecho de lagosta<\/span>, este pendente confere uma simplicidade refinada \u00e0 eleg\u00e2ncia do dia a dia.<\/p>\n<p class=\"p3\"><span class=\"s2\">Dispon\u00edvel em <\/span>Ouro amarelo ou branco 18k<span class=\"s2\">, e em <\/span>a sua escolha de peso em quilates<span class=\"s2\">.<\/span><\/p>","protected":false},"excerpt":{"rendered":"<p class=\"p1\">O pingente com diamante oval Eterna irradia eleg\u00e2ncia intemporal com a sua silhueta alongada e crava\u00e7\u00e3o minimalista. Suspensas numa delicada corrente de ouro 18K, este pingente refinado est\u00e1 dispon\u00edvel em sete pesos totais em quilates e duas op\u00e7\u00f5es de cor de ouro \u2014 perfeito para usar sozinho ou em conjunto com outras pe\u00e7as.<\/p>","protected":false},"featured_media":10743,"template":"","meta":{"_acf_changed":false},"product_brand":[],"product_cat":[552,53,759],"product_tag":[635,748,981,401,970,303,982],"class_list":{"0":"post-10546","1":"product","2":"type-product","3":"status-publish","4":"has-post-thumbnail","6":"product_cat-diamond-essentials","7":"product_cat-necklaces-pendants","8":"product_cat-pendants","9":"product_tag-18k-gold-necklace","10":"product_tag-cable-chain-necklace","11":"product_tag-elegant-pendant","12":"product_tag-luxury-necklace","13":"product_tag-minimalist-gold-pendant","14":"product_tag-solitaire-necklace","15":"product_tag-timeless-diamond-jewelry","16":"pa_metal-white-gold","17":"pa_metal-yellow-gold","19":"first","20":"instock","21":"taxable","22":"shipping-taxable","23":"purchasable","24":"product-type-variable"},"acf":[],"jetpack_sharing_enabled":true,"_links":{"self":[{"href":"https:\/\/lumierediamonds.eu\/pt\/wp-json\/wp\/v2\/product\/10546","targetHints":{"allow":["GET"]}}],"collection":[{"href":"https:\/\/lumierediamonds.eu\/pt\/wp-json\/wp\/v2\/product"}],"about":[{"href":"https:\/\/lumierediamonds.eu\/pt\/wp-json\/wp\/v2\/types\/product"}],"version-history":[{"count":4,"href":"https:\/\/lumierediamonds.eu\/pt\/wp-json\/wp\/v2\/product\/10546\/revisions"}],"predecessor-version":[{"id":11474,"href":"https:\/\/lumierediamonds.eu\/pt\/wp-json\/wp\/v2\/product\/10546\/revisions\/11474"}],"wp:featuredmedia":[{"embeddable":true,"href":"https:\/\/lumierediamonds.eu\/pt\/wp-json\/wp\/v2\/media\/10743"}],"wp:attachment":[{"href":"https:\/\/lumierediamonds.eu\/pt\/wp-json\/wp\/v2\/media?parent=10546"}],"wp:term":[{"taxonomy":"product_brand","embeddable":true,"href":"https:\/\/lumierediamonds.eu\/pt\/wp-json\/wp\/v2\/product_brand?post=10546"},{"taxonomy":"product_cat","embeddable":true,"href":"https:\/\/lumierediamonds.eu\/pt\/wp-json\/wp\/v2\/product_cat?post=10546"},{"taxonomy":"product_tag","embeddable":true,"href":"https:\/\/lumierediamonds.eu\/pt\/wp-json\/wp\/v2\/product_tag?post=10546"}],"curies":[{"name":"wp","href":"https:\/\/api.w.org\/{rel}","templated":true}]}}