{"id":10578,"date":"2025-09-18T18:23:19","date_gmt":"2025-09-18T16:23:19","guid":{"rendered":"https:\/\/lumierediamonds.eu\/?post_type=product&#038;p=10578"},"modified":"2025-11-20T18:17:28","modified_gmt":"2025-11-20T17:17:28","slug":"pingente-com-diamante-em-corte-pera-eterna","status":"publish","type":"product","link":"https:\/\/lumierediamonds.eu\/pt\/produto\/pingente-com-diamante-em-corte-pera-eterna\/","title":{"rendered":"Pingente com diamante em corte pera Eterna"},"content":{"rendered":"<p class=\"p1\">Eleg\u00e2ncia intemporal, capturada numa \u00fanica gota de luz.<b><\/b><\/p>\n<p class=\"p3\">O <span class=\"s1\"><b>Pingente de p\u00eara com diamante Lumi\u00e8re<\/b><\/span> apresenta um belo corte em forma de p\u00eara <span class=\"s1\">diamante cultivado em laborat\u00f3rio<\/span>, escolhida pelo seu brilho radiante e silhueta graciosa. Suspendida por uma corrente fina de ouro e presa com um <span class=\"s1\">fecho de lagosta<\/span>, ela personifica a simplicidade refinada e a beleza duradoura.<\/p>\n<p class=\"p1\"><span class=\"s2\">Dispon\u00edvel em <\/span>Ouro amarelo ou branco 18k<span class=\"s2\">, e em <\/span>a sua escolha de peso em quilates<span class=\"s2\">.<\/span><\/p>","protected":false},"excerpt":{"rendered":"<p class=\"p1\">Refinado e luminoso, o Pingente com Diamante em Corte P\u00eara Eterna apresenta um brilhante diamante em corte p\u00eara cultivado em laborat\u00f3rio suspenso numa delicada corrente tipo cabo. Dispon\u00edvel em ouro amarelo ou branco de 18 quilates e com a sua escolha de peso em quilates, esta silhueta em forma de l\u00e1grima oferece um toque intemporal a qualquer cole\u00e7\u00e3o de joias.<\/p>","protected":false},"featured_media":10877,"template":"","meta":{"_acf_changed":false},"product_brand":[],"product_cat":[552,53,759],"product_tag":[635,748,981,401,970,303,982],"class_list":{"0":"post-10578","1":"product","2":"type-product","3":"status-publish","4":"has-post-thumbnail","6":"product_cat-diamond-essentials","7":"product_cat-necklaces-pendants","8":"product_cat-pendants","9":"product_tag-18k-gold-necklace","10":"product_tag-cable-chain-necklace","11":"product_tag-elegant-pendant","12":"product_tag-luxury-necklace","13":"product_tag-minimalist-gold-pendant","14":"product_tag-solitaire-necklace","15":"product_tag-timeless-diamond-jewelry","16":"pa_metal-white-gold","17":"pa_metal-yellow-gold","19":"first","20":"instock","21":"taxable","22":"shipping-taxable","23":"purchasable","24":"product-type-variable"},"acf":[],"jetpack_sharing_enabled":true,"_links":{"self":[{"href":"https:\/\/lumierediamonds.eu\/pt\/wp-json\/wp\/v2\/product\/10578","targetHints":{"allow":["GET"]}}],"collection":[{"href":"https:\/\/lumierediamonds.eu\/pt\/wp-json\/wp\/v2\/product"}],"about":[{"href":"https:\/\/lumierediamonds.eu\/pt\/wp-json\/wp\/v2\/types\/product"}],"version-history":[{"count":7,"href":"https:\/\/lumierediamonds.eu\/pt\/wp-json\/wp\/v2\/product\/10578\/revisions"}],"predecessor-version":[{"id":11449,"href":"https:\/\/lumierediamonds.eu\/pt\/wp-json\/wp\/v2\/product\/10578\/revisions\/11449"}],"wp:featuredmedia":[{"embeddable":true,"href":"https:\/\/lumierediamonds.eu\/pt\/wp-json\/wp\/v2\/media\/10877"}],"wp:attachment":[{"href":"https:\/\/lumierediamonds.eu\/pt\/wp-json\/wp\/v2\/media?parent=10578"}],"wp:term":[{"taxonomy":"product_brand","embeddable":true,"href":"https:\/\/lumierediamonds.eu\/pt\/wp-json\/wp\/v2\/product_brand?post=10578"},{"taxonomy":"product_cat","embeddable":true,"href":"https:\/\/lumierediamonds.eu\/pt\/wp-json\/wp\/v2\/product_cat?post=10578"},{"taxonomy":"product_tag","embeddable":true,"href":"https:\/\/lumierediamonds.eu\/pt\/wp-json\/wp\/v2\/product_tag?post=10578"}],"curies":[{"name":"wp","href":"https:\/\/api.w.org\/{rel}","templated":true}]}}