{"id":10652,"date":"2025-09-30T01:07:38","date_gmt":"2025-09-29T23:07:38","guid":{"rendered":"https:\/\/lumierediamonds.eu\/?post_type=product&#038;p=10652"},"modified":"2025-11-23T10:43:39","modified_gmt":"2025-11-23T09:43:39","slug":"banda-dourada-fosca-biselada","status":"publish","type":"product","link":"https:\/\/lumierediamonds.eu\/pt\/produto\/banda-dourada-fosca-biselada\/","title":{"rendered":"Alian\u00e7a George Bevel em ouro mate"},"content":{"rendered":"<p class=\"p1\">O minimalismo moderno encontra o estilo intemporal com a alian\u00e7a Bevel Matte Gold Band. Com um acabamento mate escovado e bordas biseladas altamente polidas, esta alian\u00e7a de 6 mm foi criada para proporcionar conforto e estilo duradouros. O seu perfil elegante e detalhes subtis tornam-na a pe\u00e7a discreta perfeita para casais modernos. Dispon\u00edvel em ouro amarelo ou branco de 18 quilates e criada com metais preciosos certificados pela LBMA, promete qualidade duradoura e simplicidade elegante para uma vida inteira de uso.<\/p>","protected":false},"excerpt":{"rendered":"<p class=\"p1\">O minimalismo moderno encontra-se com o estilo intemporal da pulseira Bevel Matte Gold. Com um acabamento mate escovado e bordos biselados altamente polidos, esta alian\u00e7a de 6 mm foi concebida para um conforto e estilo duradouros. Dispon\u00edvel numa escolha de ouro amarelo ou branco de 18K, \u00e9 uma op\u00e7\u00e3o sofisticada para quem procura uma alian\u00e7a de casamento refinada e contempor\u00e2nea.<\/p>","protected":false},"featured_media":11076,"template":"","meta":{"_acf_changed":false},"product_brand":[],"product_cat":[752,553,525,52,57],"product_tag":[1038,1040,638,542,1037,815,431,1041,1039,819],"class_list":{"0":"post-10652","1":"product","2":"type-product","3":"status-publish","4":"has-post-thumbnail","6":"product_cat-gold-essentials","7":"product_cat-mens-jewelry","8":"product_cat-mens-wedding-bands","9":"product_cat-rings","10":"product_cat-wedding-bands","11":"product_tag-6mm-wedding-band","12":"product_tag-beveled-edge-band","13":"product_tag-fine-jewelry","14":"product_tag-matte-finish-ring","15":"product_tag-mens-gold-wedding-band","16":"product_tag-minimalist-ring","17":"product_tag-modern-wedding-ring","18":"product_tag-unisex-gold-band","19":"product_tag-white-gold-ring","20":"product_tag-yellow-gold-ring","21":"pa_metal-white-gold","22":"pa_metal-yellow-gold","24":"first","25":"instock","26":"taxable","27":"shipping-taxable","28":"purchasable","29":"product-type-variable"},"acf":[],"jetpack_sharing_enabled":true,"_links":{"self":[{"href":"https:\/\/lumierediamonds.eu\/pt\/wp-json\/wp\/v2\/product\/10652","targetHints":{"allow":["GET"]}}],"collection":[{"href":"https:\/\/lumierediamonds.eu\/pt\/wp-json\/wp\/v2\/product"}],"about":[{"href":"https:\/\/lumierediamonds.eu\/pt\/wp-json\/wp\/v2\/types\/product"}],"version-history":[{"count":4,"href":"https:\/\/lumierediamonds.eu\/pt\/wp-json\/wp\/v2\/product\/10652\/revisions"}],"predecessor-version":[{"id":13434,"href":"https:\/\/lumierediamonds.eu\/pt\/wp-json\/wp\/v2\/product\/10652\/revisions\/13434"}],"wp:featuredmedia":[{"embeddable":true,"href":"https:\/\/lumierediamonds.eu\/pt\/wp-json\/wp\/v2\/media\/11076"}],"wp:attachment":[{"href":"https:\/\/lumierediamonds.eu\/pt\/wp-json\/wp\/v2\/media?parent=10652"}],"wp:term":[{"taxonomy":"product_brand","embeddable":true,"href":"https:\/\/lumierediamonds.eu\/pt\/wp-json\/wp\/v2\/product_brand?post=10652"},{"taxonomy":"product_cat","embeddable":true,"href":"https:\/\/lumierediamonds.eu\/pt\/wp-json\/wp\/v2\/product_cat?post=10652"},{"taxonomy":"product_tag","embeddable":true,"href":"https:\/\/lumierediamonds.eu\/pt\/wp-json\/wp\/v2\/product_tag?post=10652"}],"curies":[{"name":"wp","href":"https:\/\/api.w.org\/{rel}","templated":true}]}}