{"id":13324,"date":"2025-11-20T11:25:29","date_gmt":"2025-11-20T10:25:29","guid":{"rendered":"https:\/\/lumierediamonds.eu\/?post_type=product&#038;p=13324"},"modified":"2025-11-20T19:48:09","modified_gmt":"2025-11-20T18:48:09","slug":"colar-com-diamantes-graduados-solsticio","status":"publish","type":"product","link":"https:\/\/lumierediamonds.eu\/pt\/produto\/colar-com-diamantes-graduados-solsticio\/","title":{"rendered":"Colar com diamantes graduados Solstice"},"content":{"rendered":"<p>Uma sinfonia de brilho, o colar Solstice Graduated Diamond apresenta diamantes cultivados em laborat\u00f3rio, selecionados \u00e0 m\u00e3o, numa silhueta graciosa e graduada. Engastados em ouro amarelo ou branco 18k certificado pela LBMA, cada diamante redondo brilhante \u00e9 combinado por cor, clareza e propor\u00e7\u00e3o, fluindo perfeitamente um para o outro para uma exibi\u00e7\u00e3o harmoniosa de fogo e luz. Preso com um fecho de caixa e criado para oferecer conforto e impacto, este colar estilo eternidade \u00e9 uma heran\u00e7a em forma\u00e7\u00e3o \u2014 intemporal, impressionante e sustent\u00e1vel.<\/p>","protected":false},"excerpt":{"rendered":"<p>Uma sinfonia de brilho, o colar Solstice Graduated Diamond apresenta diamantes cultivados em laborat\u00f3rio, selecionados \u00e0 m\u00e3o, numa silhueta graciosa e graduada. Feito em ouro 18k, oferece um impacto luminoso em propor\u00e7\u00f5es elegantes \u2014 perfeito para momentos comemorativos ou para a grandiosidade do dia a dia.<\/p>","protected":false},"featured_media":11900,"template":"","meta":{"_acf_changed":false},"product_brand":[],"product_cat":[552,1163,53],"product_tag":[635,1165,638,1164,386,390,1103],"class_list":{"0":"post-13324","1":"product","2":"type-product","3":"status-publish","4":"has-post-thumbnail","6":"product_cat-diamond-essentials","7":"product_cat-diamond-necklaces","8":"product_cat-necklaces-pendants","9":"product_tag-18k-gold-necklace","10":"product_tag-eternity-diamond-necklace","11":"product_tag-fine-jewelry","12":"product_tag-graduated-diamond-necklace","13":"product_tag-lab-grown-diamond-necklace","14":"product_tag-statement-necklace","15":"product_tag-sustainable-luxury","16":"pa_metal-white-gold","17":"pa_metal-yellow-gold","19":"first","20":"instock","21":"featured","22":"taxable","23":"shipping-taxable","24":"purchasable","25":"product-type-variable"},"acf":[],"jetpack_sharing_enabled":true,"_links":{"self":[{"href":"https:\/\/lumierediamonds.eu\/pt\/wp-json\/wp\/v2\/product\/13324","targetHints":{"allow":["GET"]}}],"collection":[{"href":"https:\/\/lumierediamonds.eu\/pt\/wp-json\/wp\/v2\/product"}],"about":[{"href":"https:\/\/lumierediamonds.eu\/pt\/wp-json\/wp\/v2\/types\/product"}],"version-history":[{"count":2,"href":"https:\/\/lumierediamonds.eu\/pt\/wp-json\/wp\/v2\/product\/13324\/revisions"}],"predecessor-version":[{"id":13341,"href":"https:\/\/lumierediamonds.eu\/pt\/wp-json\/wp\/v2\/product\/13324\/revisions\/13341"}],"wp:featuredmedia":[{"embeddable":true,"href":"https:\/\/lumierediamonds.eu\/pt\/wp-json\/wp\/v2\/media\/11900"}],"wp:attachment":[{"href":"https:\/\/lumierediamonds.eu\/pt\/wp-json\/wp\/v2\/media?parent=13324"}],"wp:term":[{"taxonomy":"product_brand","embeddable":true,"href":"https:\/\/lumierediamonds.eu\/pt\/wp-json\/wp\/v2\/product_brand?post=13324"},{"taxonomy":"product_cat","embeddable":true,"href":"https:\/\/lumierediamonds.eu\/pt\/wp-json\/wp\/v2\/product_cat?post=13324"},{"taxonomy":"product_tag","embeddable":true,"href":"https:\/\/lumierediamonds.eu\/pt\/wp-json\/wp\/v2\/product_tag?post=13324"}],"curies":[{"name":"wp","href":"https:\/\/api.w.org\/{rel}","templated":true}]}}