{"id":13392,"date":"2025-11-21T02:23:02","date_gmt":"2025-11-21T01:23:02","guid":{"rendered":"https:\/\/lumierediamonds.eu\/?post_type=product&#038;p=13392"},"modified":"2025-11-26T17:35:05","modified_gmt":"2025-11-26T16:35:05","slug":"brincos-de-diamante-com-luneta-clara","status":"publish","type":"product","link":"https:\/\/lumierediamonds.eu\/pt\/produto\/brincos-de-diamante-com-luneta-clara\/","title":{"rendered":"Brincos com diamantes Clara Bezel"},"content":{"rendered":"<p>Criados para serem modernos e elegantes, os brincos Clara Bezel Diamond Stud apresentam diamantes redondos brilhantes cultivados em laborat\u00f3rio, envoltos em refinadas molduras, dispon\u00edveis em pesos totais de 0,3 ct., 0,5 ct., 0,7 ct., 1 ct., 1,5 ct. e 2 ct.. Escolha entre ouro amarelo ou branco de 18 quilates. Cada par foi concebido para oferecer sofistica\u00e7\u00e3o no dia a dia, seguran\u00e7a no uso e brilho duradouro, com o nosso padr\u00e3o premium de diamantes cultivados em laborat\u00f3rio com clareza VVS1\u2013VS1 e cor D\u2013F.<\/p>","protected":false},"excerpt":{"rendered":"<p>Os brincos Clara Bezel Diamond Stud s\u00e3o essenciais intemporais \u2014 diamantes redondos cultivados em laborat\u00f3rio, engastados numa moldura suave, dispon\u00edveis em v\u00e1rios quilates e \u00e0 sua escolha em ouro amarelo ou branco de 18 quilates, para uma eleg\u00e2ncia refinada e duradoura.<\/p>","protected":false},"featured_media":11764,"template":"","meta":{"_acf_changed":false},"product_brand":[],"product_cat":[552,54,1140,760],"product_tag":[885,1250,1252,366,397,1251],"class_list":{"0":"post-13392","1":"product","2":"type-product","3":"status-publish","4":"has-post-thumbnail","6":"product_cat-diamond-essentials","7":"product_cat-earrings","8":"product_cat-gifts-under-1000-euro","9":"product_cat-stud-earrings","10":"product_tag-18k-gold-studs","11":"product_tag-bezel-diamond-studs","12":"product_tag-clara-collection","13":"product_tag-everyday-luxury","14":"product_tag-lab-grown-diamond-earrings","15":"product_tag-minimalist-diamond-earrings","16":"pa_metal-white-gold","17":"pa_metal-yellow-gold","19":"first","20":"instock","21":"taxable","22":"shipping-taxable","23":"purchasable","24":"product-type-variable"},"acf":[],"jetpack_sharing_enabled":true,"_links":{"self":[{"href":"https:\/\/lumierediamonds.eu\/pt\/wp-json\/wp\/v2\/product\/13392","targetHints":{"allow":["GET"]}}],"collection":[{"href":"https:\/\/lumierediamonds.eu\/pt\/wp-json\/wp\/v2\/product"}],"about":[{"href":"https:\/\/lumierediamonds.eu\/pt\/wp-json\/wp\/v2\/types\/product"}],"version-history":[{"count":3,"href":"https:\/\/lumierediamonds.eu\/pt\/wp-json\/wp\/v2\/product\/13392\/revisions"}],"predecessor-version":[{"id":13807,"href":"https:\/\/lumierediamonds.eu\/pt\/wp-json\/wp\/v2\/product\/13392\/revisions\/13807"}],"wp:featuredmedia":[{"embeddable":true,"href":"https:\/\/lumierediamonds.eu\/pt\/wp-json\/wp\/v2\/media\/11764"}],"wp:attachment":[{"href":"https:\/\/lumierediamonds.eu\/pt\/wp-json\/wp\/v2\/media?parent=13392"}],"wp:term":[{"taxonomy":"product_brand","embeddable":true,"href":"https:\/\/lumierediamonds.eu\/pt\/wp-json\/wp\/v2\/product_brand?post=13392"},{"taxonomy":"product_cat","embeddable":true,"href":"https:\/\/lumierediamonds.eu\/pt\/wp-json\/wp\/v2\/product_cat?post=13392"},{"taxonomy":"product_tag","embeddable":true,"href":"https:\/\/lumierediamonds.eu\/pt\/wp-json\/wp\/v2\/product_tag?post=13392"}],"curies":[{"name":"wp","href":"https:\/\/api.w.org\/{rel}","templated":true}]}}