{"id":13393,"date":"2025-11-21T02:23:03","date_gmt":"2025-11-21T01:23:03","guid":{"rendered":"https:\/\/lumierediamonds.eu\/?post_type=product&#038;p=13393"},"modified":"2026-04-22T15:57:01","modified_gmt":"2026-04-22T13:57:01","slug":"anel-de-noivado-com-diamante-e-torcao-harmoniosa","status":"publish","type":"product","link":"https:\/\/lumierediamonds.eu\/pt\/produto\/anel-de-noivado-com-diamante-e-torcao-harmoniosa\/","title":{"rendered":"Anel de noivado Harmony Twist Diamond"},"content":{"rendered":"<p>Uma express\u00e3o graciosa de liga\u00e7\u00e3o.<br \/>\nO anel de noivado Harmony Twist Round Diamond apresenta dois fios entrela\u00e7ados que se encontram numa banda pav\u00e9 suavemente esculpida, criando um design cheio de movimento, luz e equil\u00edbrio. Centrado num diamante redondo brilhante, que acrescenta um brilho intemporal e equilibrado, a configura\u00e7\u00e3o atrai o olhar naturalmente para a pedra, acrescentando um brilho delicado de todos os \u00e2ngulos.<\/p>\n<p>Fabricado em ouro amarelo, branco ou rosa de 18 quilates, este modelo est\u00e1 dispon\u00edvel com a sua escolha de peso em quilates de 0,30 a 3 ct. Rom\u00e2ntico mas moderno, Harmony traz suavidade, simbolismo e eleg\u00e2ncia sem esfor\u00e7o a um anel de noivado cl\u00e1ssico.<\/p>","protected":false},"excerpt":{"rendered":"<p class=\"p1\">O anel de noivado Harmony Twist Round Diamond apresenta dois fios entrela\u00e7ados que fluem para uma banda pav\u00e9 suavemente esculpida, centrada por um diamante redondo brilhante. Fabricado em ouro amarelo, branco ou rosa de 18k e dispon\u00edvel de 0,30 a 3 ct, oferece um equil\u00edbrio gracioso de simbolismo, brilho e romance moderno.<\/p>","protected":false},"featured_media":13820,"template":"","meta":{"_acf_changed":false},"product_brand":[],"product_cat":[552,24,52],"product_tag":[680,1257,1258,1255,1097,1013,1254,1256,586,1253],"class_list":{"0":"post-13393","1":"product","2":"type-product","3":"status-publish","4":"has-post-thumbnail","6":"product_cat-diamond-essentials","7":"product_cat-engagement-rings","8":"product_cat-rings","9":"product_tag-18k-gold-ring","10":"product_tag-customizable-engagement-ring","11":"product_tag-ethical-diamond-ring","12":"product_tag-intertwining-band","13":"product_tag-lab-grown-diamond-2","14":"product_tag-modern-engagement-ring","15":"product_tag-pave-engagement-ring","16":"product_tag-romantic-ring-design","17":"product_tag-sustainable-fine-jewelry","18":"product_tag-twist-engagement-ring","19":"pa_metal-rose-gold","20":"pa_metal-white-gold","21":"pa_metal-yellow-gold","23":"first","24":"instock","25":"taxable","26":"shipping-taxable","27":"purchasable","28":"product-type-variable"},"acf":[],"jetpack_sharing_enabled":true,"_links":{"self":[{"href":"https:\/\/lumierediamonds.eu\/pt\/wp-json\/wp\/v2\/product\/13393","targetHints":{"allow":["GET"]}}],"collection":[{"href":"https:\/\/lumierediamonds.eu\/pt\/wp-json\/wp\/v2\/product"}],"about":[{"href":"https:\/\/lumierediamonds.eu\/pt\/wp-json\/wp\/v2\/types\/product"}],"version-history":[{"count":4,"href":"https:\/\/lumierediamonds.eu\/pt\/wp-json\/wp\/v2\/product\/13393\/revisions"}],"predecessor-version":[{"id":28157,"href":"https:\/\/lumierediamonds.eu\/pt\/wp-json\/wp\/v2\/product\/13393\/revisions\/28157"}],"wp:featuredmedia":[{"embeddable":true,"href":"https:\/\/lumierediamonds.eu\/pt\/wp-json\/wp\/v2\/media\/13820"}],"wp:attachment":[{"href":"https:\/\/lumierediamonds.eu\/pt\/wp-json\/wp\/v2\/media?parent=13393"}],"wp:term":[{"taxonomy":"product_brand","embeddable":true,"href":"https:\/\/lumierediamonds.eu\/pt\/wp-json\/wp\/v2\/product_brand?post=13393"},{"taxonomy":"product_cat","embeddable":true,"href":"https:\/\/lumierediamonds.eu\/pt\/wp-json\/wp\/v2\/product_cat?post=13393"},{"taxonomy":"product_tag","embeddable":true,"href":"https:\/\/lumierediamonds.eu\/pt\/wp-json\/wp\/v2\/product_tag?post=13393"}],"curies":[{"name":"wp","href":"https:\/\/api.w.org\/{rel}","templated":true}]}}