{"id":13394,"date":"2025-11-21T02:23:04","date_gmt":"2025-11-21T01:23:04","guid":{"rendered":"https:\/\/lumierediamonds.eu\/product\/veritas-oval-diamond-eternity-hoops\/"},"modified":"2025-12-04T14:36:27","modified_gmt":"2025-12-04T13:36:27","slug":"argolas-para-a-eternidade-com-diamante-oval-veritas","status":"publish","type":"product","link":"https:\/\/lumierediamonds.eu\/pt\/produto\/argolas-para-a-eternidade-com-diamante-oval-veritas\/","title":{"rendered":"Brincos Oval Diamond Eternity da Veritas"},"content":{"rendered":"<p>Criadas com precis\u00e3o e objetivo, as argolas Veritas Oval Diamond Eternity Hoops incorporam a nossa dedica\u00e7\u00e3o \u00e0 verdade e ao estilo intemporal. Cada aro \u00e9 cravejado com uma fileira cont\u00ednua de diamantes de lapida\u00e7\u00e3o oval cultivados em laborat\u00f3rio, montados em pinos para obter o m\u00e1ximo de brilho. Com acabamento em ouro amarelo ou branco de 18k certificado pela LBMA, s\u00e3o concebidas para fazer circular o brilho em todas as direc\u00e7\u00f5es - ideais para usar do dia para a noite.<\/p>","protected":false},"excerpt":{"rendered":"<p>Um c\u00edrculo refinado de brilho, as argolas Veritas Oval Diamond Eternity Hoops apresentam diamantes de corte oval cultivados em laborat\u00f3rio num elegante anel cont\u00ednuo. Dispon\u00edveis em ouro amarelo ou branco de 18k, estas argolas celebram a integridade, a eleg\u00e2ncia e o brilho intemporal.<\/p>","protected":false},"featured_media":11925,"template":"","meta":{"_acf_changed":false},"product_brand":[],"product_cat":[552,54,762],"product_tag":[765,783,1247,1245,1249,1244,1248,1246],"class_list":{"0":"post-13394","1":"product","2":"type-product","3":"status-publish","4":"has-post-thumbnail","6":"product_cat-diamond-essentials","7":"product_cat-earrings","8":"product_cat-hoop-earrings","9":"product_tag-18k-gold-earrings","10":"product_tag-diamond-hoop-earrings","11":"product_tag-fine-diamond-earrings","12":"product_tag-lab-grown-diamond-hoops","13":"product_tag-modern-luxury-jewelry","14":"product_tag-oval-cut-eternity-hoops","15":"product_tag-statement-hoops","16":"product_tag-veritas-collection","17":"pa_metal-white-gold","18":"pa_metal-yellow-gold","20":"first","21":"instock","22":"taxable","23":"shipping-taxable","24":"purchasable","25":"product-type-variable"},"acf":[],"jetpack_sharing_enabled":true,"_links":{"self":[{"href":"https:\/\/lumierediamonds.eu\/pt\/wp-json\/wp\/v2\/product\/13394","targetHints":{"allow":["GET"]}}],"collection":[{"href":"https:\/\/lumierediamonds.eu\/pt\/wp-json\/wp\/v2\/product"}],"about":[{"href":"https:\/\/lumierediamonds.eu\/pt\/wp-json\/wp\/v2\/types\/product"}],"version-history":[{"count":3,"href":"https:\/\/lumierediamonds.eu\/pt\/wp-json\/wp\/v2\/product\/13394\/revisions"}],"predecessor-version":[{"id":13880,"href":"https:\/\/lumierediamonds.eu\/pt\/wp-json\/wp\/v2\/product\/13394\/revisions\/13880"}],"wp:featuredmedia":[{"embeddable":true,"href":"https:\/\/lumierediamonds.eu\/pt\/wp-json\/wp\/v2\/media\/11925"}],"wp:attachment":[{"href":"https:\/\/lumierediamonds.eu\/pt\/wp-json\/wp\/v2\/media?parent=13394"}],"wp:term":[{"taxonomy":"product_brand","embeddable":true,"href":"https:\/\/lumierediamonds.eu\/pt\/wp-json\/wp\/v2\/product_brand?post=13394"},{"taxonomy":"product_cat","embeddable":true,"href":"https:\/\/lumierediamonds.eu\/pt\/wp-json\/wp\/v2\/product_cat?post=13394"},{"taxonomy":"product_tag","embeddable":true,"href":"https:\/\/lumierediamonds.eu\/pt\/wp-json\/wp\/v2\/product_tag?post=13394"}],"curies":[{"name":"wp","href":"https:\/\/api.w.org\/{rel}","templated":true}]}}