{"id":13763,"date":"2025-11-26T15:15:23","date_gmt":"2025-11-26T14:15:23","guid":{"rendered":"https:\/\/lumierediamonds.eu\/?post_type=product&#038;p=13763"},"modified":"2025-11-26T17:06:42","modified_gmt":"2025-11-26T16:06:42","slug":"pulseira-com-barra-de-diamantes-sussurrante","status":"publish","type":"product","link":"https:\/\/lumierediamonds.eu\/pt\/produto\/pulseira-com-barra-de-diamantes-sussurrante\/","title":{"rendered":"Pulseira Whisper Diamond Bar"},"content":{"rendered":"<p>Delicado sussurro de luz<\/p>\n<p>A pulseira Whisper Diamond Bar apresenta uma delicada corrente em ouro 18k \u2014 dispon\u00edvel em ouro amarelo, branco ou rosa \u2014 com uma fina barra pav\u00e9 de diamantes cultivados em laborat\u00f3rio, totalizando 0,20 quilates. O seu design clean e minimalista e o ajuste regul\u00e1vel em 16, 17 ou 18 cm tornam-na uma escolha natural para o uso di\u00e1rio.<\/p>\n<p>A pe\u00e7a perfeita para usar em camadas ou sozinha, para adicionar um brilho sutil ao seu pulso. Cada pedra \u00e9 certificada quanto \u00e0 qualidade e brilho, engastada em ouro 18K certificado pela LBMA.<\/p>","protected":false},"excerpt":{"rendered":"<p>A pulseira Whisper Diamond Bar apresenta uma delicada corrente em ouro 18k \u2014 dispon\u00edvel em ouro amarelo, branco ou rosa \u2014 com uma fina barra pav\u00e9 de diamantes cultivados em laborat\u00f3rio, totalizando 0,20 quilates. O seu design clean e minimalista e o ajuste regul\u00e1vel em 16, 17 ou 18 cm tornam-na uma escolha natural para o uso di\u00e1rio.<\/p>","protected":false},"featured_media":13795,"template":"","meta":{"_acf_changed":false},"product_brand":[],"product_cat":[55,1140,1336],"product_tag":[620,1342,1344,1341,1315,1343,1339,1312,1340,855],"class_list":{"0":"post-13763","1":"product","2":"type-product","3":"status-publish","4":"has-post-thumbnail","6":"product_cat-bracelets","7":"product_cat-gifts-under-1000-euro","8":"product_cat-tennis-bracelets","9":"product_tag-18k-gold-bracelet","10":"product_tag-bar-bracelet","11":"product_tag-cable-chain-bracelet","12":"product_tag-dainty-jewelry","13":"product_tag-delicate-gold-bracelet","14":"product_tag-ethical-diamonds","15":"product_tag-lab-grown-diamond-bar-bracelet","16":"product_tag-minimalist-diamond-bracelet","17":"product_tag-pave-set-diamonds","18":"product_tag-stacking-bracelet","19":"pa_metal-rose-gold","20":"pa_metal-white-gold","21":"pa_metal-yellow-gold","23":"first","24":"instock","25":"taxable","26":"shipping-taxable","27":"purchasable","28":"product-type-variable"},"acf":[],"jetpack_sharing_enabled":true,"_links":{"self":[{"href":"https:\/\/lumierediamonds.eu\/pt\/wp-json\/wp\/v2\/product\/13763","targetHints":{"allow":["GET"]}}],"collection":[{"href":"https:\/\/lumierediamonds.eu\/pt\/wp-json\/wp\/v2\/product"}],"about":[{"href":"https:\/\/lumierediamonds.eu\/pt\/wp-json\/wp\/v2\/types\/product"}],"version-history":[{"count":4,"href":"https:\/\/lumierediamonds.eu\/pt\/wp-json\/wp\/v2\/product\/13763\/revisions"}],"predecessor-version":[{"id":13803,"href":"https:\/\/lumierediamonds.eu\/pt\/wp-json\/wp\/v2\/product\/13763\/revisions\/13803"}],"wp:featuredmedia":[{"embeddable":true,"href":"https:\/\/lumierediamonds.eu\/pt\/wp-json\/wp\/v2\/media\/13795"}],"wp:attachment":[{"href":"https:\/\/lumierediamonds.eu\/pt\/wp-json\/wp\/v2\/media?parent=13763"}],"wp:term":[{"taxonomy":"product_brand","embeddable":true,"href":"https:\/\/lumierediamonds.eu\/pt\/wp-json\/wp\/v2\/product_brand?post=13763"},{"taxonomy":"product_cat","embeddable":true,"href":"https:\/\/lumierediamonds.eu\/pt\/wp-json\/wp\/v2\/product_cat?post=13763"},{"taxonomy":"product_tag","embeddable":true,"href":"https:\/\/lumierediamonds.eu\/pt\/wp-json\/wp\/v2\/product_tag?post=13763"}],"curies":[{"name":"wp","href":"https:\/\/api.w.org\/{rel}","templated":true}]}}