{"id":14007,"date":"2025-12-04T17:01:49","date_gmt":"2025-12-04T16:01:49","guid":{"rendered":"https:\/\/lumierediamonds.eu\/product\/cannes-diamond-bar-pendant\/"},"modified":"2026-03-01T17:48:16","modified_gmt":"2026-03-01T16:48:16","slug":"pendente-whisper-com-barra-de-diamantes","status":"publish","type":"product","link":"https:\/\/lumierediamonds.eu\/pt\/produto\/pendente-whisper-com-barra-de-diamantes\/","title":{"rendered":"Pingente de barra de diamante Whisper"},"content":{"rendered":"<p class=\"p1\">Uma linha de luz.<b><\/b><\/p>\n<p class=\"p3\">O <span class=\"s1\"><b>Pingente de barra de diamante Whisper<\/b><\/span> apresenta uma fileira vertical de diamantes lapidados em laborat\u00f3rio, totalizando 0,06 quilates, engastados em uma barra de ouro 18k polido. Suspensa de uma corrente fina e dispon\u00edvel em ouro amarelo ou branco de 18 quilates, a sua silhueta simples confere uma estrutura subtil e um brilho discreto ao decote.<\/p>\n<p class=\"p1\">Concebida para combinar sem esfor\u00e7o com a <span class=\"s1\">Brincos de gota Whisper Pav\u00e9<\/span>, O seu design, que \u00e9 um conjunto requintado, permite uma transi\u00e7\u00e3o perfeita do dia para a noite. Com diamantes cultivados em laborat\u00f3rio sem conflitos e de brilho excecional, \u00e9 uma pe\u00e7a feita para uma eleg\u00e2ncia discreta.<\/p>","protected":false},"excerpt":{"rendered":"<p>Concebida para combinar sem esfor\u00e7o com a <span class=\"s1\">Brincos de gota Whisper Pav\u00e9<\/span>, O seu design, que \u00e9 um conjunto requintado, permite uma transi\u00e7\u00e3o perfeita do dia para a noite. Com diamantes cultivados em laborat\u00f3rio sem conflitos e de brilho excecional, \u00e9 uma pe\u00e7a feita para uma eleg\u00e2ncia discreta.<\/p>","protected":false},"featured_media":13998,"template":"","meta":{"_acf_changed":false},"product_brand":[],"product_cat":[53,759],"product_tag":[960,1357,1362,1188,1360,1359,747,1358],"class_list":{"0":"post-14007","1":"product","2":"type-product","3":"status-publish","4":"has-post-thumbnail","6":"product_cat-necklaces-pendants","7":"product_cat-pendants","8":"product_tag-18k-gold-pendant","9":"product_tag-diamond-bar-necklace","10":"product_tag-everyday-diamond-necklace","11":"product_tag-fine-gold-necklace","12":"product_tag-gold-bar-necklace","13":"product_tag-lab-diamond-jewelry","14":"product_tag-minimalist-pendant","15":"product_tag-pave-set-diamond-pendant","16":"pa_metal-white-gold","17":"pa_metal-yellow-gold","19":"first","20":"instock","21":"taxable","22":"shipping-taxable","23":"purchasable","24":"product-type-variable"},"acf":[],"jetpack_sharing_enabled":true,"_links":{"self":[{"href":"https:\/\/lumierediamonds.eu\/pt\/wp-json\/wp\/v2\/product\/14007","targetHints":{"allow":["GET"]}}],"collection":[{"href":"https:\/\/lumierediamonds.eu\/pt\/wp-json\/wp\/v2\/product"}],"about":[{"href":"https:\/\/lumierediamonds.eu\/pt\/wp-json\/wp\/v2\/types\/product"}],"version-history":[{"count":3,"href":"https:\/\/lumierediamonds.eu\/pt\/wp-json\/wp\/v2\/product\/14007\/revisions"}],"predecessor-version":[{"id":14747,"href":"https:\/\/lumierediamonds.eu\/pt\/wp-json\/wp\/v2\/product\/14007\/revisions\/14747"}],"wp:featuredmedia":[{"embeddable":true,"href":"https:\/\/lumierediamonds.eu\/pt\/wp-json\/wp\/v2\/media\/13998"}],"wp:attachment":[{"href":"https:\/\/lumierediamonds.eu\/pt\/wp-json\/wp\/v2\/media?parent=14007"}],"wp:term":[{"taxonomy":"product_brand","embeddable":true,"href":"https:\/\/lumierediamonds.eu\/pt\/wp-json\/wp\/v2\/product_brand?post=14007"},{"taxonomy":"product_cat","embeddable":true,"href":"https:\/\/lumierediamonds.eu\/pt\/wp-json\/wp\/v2\/product_cat?post=14007"},{"taxonomy":"product_tag","embeddable":true,"href":"https:\/\/lumierediamonds.eu\/pt\/wp-json\/wp\/v2\/product_tag?post=14007"}],"curies":[{"name":"wp","href":"https:\/\/api.w.org\/{rel}","templated":true}]}}