{"id":14089,"date":"2025-12-04T19:35:52","date_gmt":"2025-12-04T18:35:52","guid":{"rendered":"https:\/\/lumierediamonds.eu\/?post_type=product&#038;p=14089"},"modified":"2025-12-04T19:42:49","modified_gmt":"2025-12-04T18:42:49","slug":"colar-com-pingente-em-forma-de-y-com-diamantes-eternos","status":"publish","type":"product","link":"https:\/\/lumierediamonds.eu\/pt\/produto\/colar-com-pingente-em-forma-de-y-com-diamantes-eternos\/","title":{"rendered":"Colar em Y Vela Diamond Eternity"},"content":{"rendered":"<p class=\"p1\">Diamantes at\u00e9 onde a vista alcan\u00e7a. Este colar eternidade em forma de Y apresenta 115 diamantes redondos em corte brilhante, engastados \u00e0 m\u00e3o em ouro branco cl\u00e1ssico de 18 quilates, totalizando 2 quilates. Feito em ouro branco italiano polido de 18 quilates, o colar combina simetria e sofistica\u00e7\u00e3o com um fecho oculto e elos fluidos eternos. Uma adi\u00e7\u00e3o ousada, mas elegante, para elevar qualquer look, de dia ou de noite.<\/p>","protected":false},"excerpt":{"rendered":"<p class=\"p1\">Diamantes at\u00e9 onde a vista alcan\u00e7a. Este colar eternidade em forma de Y apresenta 115 diamantes redondos com corte brilhante, cravejados \u00e0 m\u00e3o em ouro branco cl\u00e1ssico de 18 quilates, para um toque moderno.<\/p>","protected":false},"featured_media":14092,"template":"","meta":{"_acf_changed":false},"product_brand":[],"product_cat":[552,53,759],"product_tag":[635,748,1374,1367,1378,981,366,364,1372,398,401,751,1369,605,970,1376,982,1377,1375],"class_list":{"0":"post-14089","1":"product","2":"type-product","3":"status-publish","4":"has-post-thumbnail","6":"product_cat-diamond-essentials","7":"product_cat-necklaces-pendants","8":"product_cat-pendants","9":"product_tag-18k-gold-necklace","10":"product_tag-cable-chain-necklace","11":"product_tag-diamond-eternity-necklace","12":"product_tag-elegant-diamond-pendant","13":"product_tag-elegant-necklace","14":"product_tag-elegant-pendant","15":"product_tag-everyday-luxury","16":"product_tag-lab-grown-diamonds","17":"product_tag-layered-necklace","18":"product_tag-luxury-jewelry","19":"product_tag-luxury-necklace","20":"product_tag-luxury-pendant","21":"product_tag-minimal-elegance","22":"product_tag-minimalist-fine-jewelry","23":"product_tag-minimalist-gold-pendant","24":"product_tag-natural-diamonds","25":"product_tag-timeless-diamond-jewelry","26":"product_tag-white-gold-jewelry","27":"product_tag-y-necklace","28":"pa_metal-white-gold","30":"first","31":"instock","32":"taxable","33":"shipping-taxable","34":"purchasable","35":"product-type-simple"},"acf":[],"jetpack_sharing_enabled":true,"_links":{"self":[{"href":"https:\/\/lumierediamonds.eu\/pt\/wp-json\/wp\/v2\/product\/14089","targetHints":{"allow":["GET"]}}],"collection":[{"href":"https:\/\/lumierediamonds.eu\/pt\/wp-json\/wp\/v2\/product"}],"about":[{"href":"https:\/\/lumierediamonds.eu\/pt\/wp-json\/wp\/v2\/types\/product"}],"version-history":[{"count":1,"href":"https:\/\/lumierediamonds.eu\/pt\/wp-json\/wp\/v2\/product\/14089\/revisions"}],"predecessor-version":[{"id":14093,"href":"https:\/\/lumierediamonds.eu\/pt\/wp-json\/wp\/v2\/product\/14089\/revisions\/14093"}],"wp:featuredmedia":[{"embeddable":true,"href":"https:\/\/lumierediamonds.eu\/pt\/wp-json\/wp\/v2\/media\/14092"}],"wp:attachment":[{"href":"https:\/\/lumierediamonds.eu\/pt\/wp-json\/wp\/v2\/media?parent=14089"}],"wp:term":[{"taxonomy":"product_brand","embeddable":true,"href":"https:\/\/lumierediamonds.eu\/pt\/wp-json\/wp\/v2\/product_brand?post=14089"},{"taxonomy":"product_cat","embeddable":true,"href":"https:\/\/lumierediamonds.eu\/pt\/wp-json\/wp\/v2\/product_cat?post=14089"},{"taxonomy":"product_tag","embeddable":true,"href":"https:\/\/lumierediamonds.eu\/pt\/wp-json\/wp\/v2\/product_tag?post=14089"}],"curies":[{"name":"wp","href":"https:\/\/api.w.org\/{rel}","templated":true}]}}