{"id":16235,"date":"2026-03-31T19:34:49","date_gmt":"2026-03-31T17:34:49","guid":{"rendered":"https:\/\/lumierediamonds.eu\/?post_type=product&#038;p=16235"},"modified":"2026-04-21T21:31:59","modified_gmt":"2026-04-21T19:31:59","slug":"pendente-barra-de-diamantes-cannes","status":"publish","type":"product","link":"https:\/\/lumierediamonds.eu\/pt\/produto\/pendente-barra-de-diamantes-cannes\/","title":{"rendered":"Pingente Cannes Diamond Bar"},"content":{"rendered":"<p>Uma linha de luz.<br \/>\nO pingente Cannes Diamond Bar Pendant apresenta uma fileira vertical de diamantes lapidados em laborat\u00f3rio, totalizando 0,06 quilates, inseridos em uma barra de ouro 18k polida. Suspenso por uma corrente fina e dispon\u00edvel em ouro amarelo, branco ou rosa, a sua silhueta simples confere uma estrutura subtil ao decote. Inspirado na eleg\u00e2ncia da Riviera Francesa, combina naturalmente com os brincos Cannes Pav\u00e9 Drop Earrings para um conjunto luminoso que transita sem esfor\u00e7o do dia para a noite.<\/p>","protected":false},"excerpt":{"rendered":"<p>Uma linha de luz. O pingente Cannes Diamond Bar Pendant apresenta uma fileira vertical de diamantes lapidados em laborat\u00f3rio, totalizando 0,06 quilates, inseridos em uma barra de ouro 18k polido. Suspenso de uma corrente fina e dispon\u00edvel em ouro amarelo, branco ou rosa de 18K.<\/p>","protected":false},"featured_media":17577,"template":"","meta":{"_acf_changed":false},"product_brand":[],"product_cat":[53,759],"product_tag":[1418,297,1097,294,188,1415,1417],"class_list":{"0":"post-16235","1":"product","2":"type-product","3":"status-publish","4":"has-post-thumbnail","6":"product_cat-necklaces-pendants","7":"product_cat-pendants","8":"product_tag-bar-necklace","9":"product_tag-diamond-necklace","10":"product_tag-lab-grown-diamond-2","11":"product_tag-necklace","12":"product_tag-pave-setting","13":"product_tag-pendant-necklace","14":"product_tag-round-diamonds","15":"pa_metal-rose-gold","16":"pa_metal-white-gold","17":"pa_metal-yellow-gold","19":"first","20":"instock","21":"taxable","22":"shipping-taxable","23":"purchasable","24":"product-type-variable","25":"has-default-attributes"},"acf":[],"jetpack_sharing_enabled":true,"_links":{"self":[{"href":"https:\/\/lumierediamonds.eu\/pt\/wp-json\/wp\/v2\/product\/16235","targetHints":{"allow":["GET"]}}],"collection":[{"href":"https:\/\/lumierediamonds.eu\/pt\/wp-json\/wp\/v2\/product"}],"about":[{"href":"https:\/\/lumierediamonds.eu\/pt\/wp-json\/wp\/v2\/types\/product"}],"version-history":[{"count":2,"href":"https:\/\/lumierediamonds.eu\/pt\/wp-json\/wp\/v2\/product\/16235\/revisions"}],"predecessor-version":[{"id":27273,"href":"https:\/\/lumierediamonds.eu\/pt\/wp-json\/wp\/v2\/product\/16235\/revisions\/27273"}],"wp:featuredmedia":[{"embeddable":true,"href":"https:\/\/lumierediamonds.eu\/pt\/wp-json\/wp\/v2\/media\/17577"}],"wp:attachment":[{"href":"https:\/\/lumierediamonds.eu\/pt\/wp-json\/wp\/v2\/media?parent=16235"}],"wp:term":[{"taxonomy":"product_brand","embeddable":true,"href":"https:\/\/lumierediamonds.eu\/pt\/wp-json\/wp\/v2\/product_brand?post=16235"},{"taxonomy":"product_cat","embeddable":true,"href":"https:\/\/lumierediamonds.eu\/pt\/wp-json\/wp\/v2\/product_cat?post=16235"},{"taxonomy":"product_tag","embeddable":true,"href":"https:\/\/lumierediamonds.eu\/pt\/wp-json\/wp\/v2\/product_tag?post=16235"}],"curies":[{"name":"wp","href":"https:\/\/api.w.org\/{rel}","templated":true}]}}