{"id":16255,"date":"2026-03-31T19:43:25","date_gmt":"2026-03-31T17:43:25","guid":{"rendered":"https:\/\/lumierediamonds.eu\/?post_type=product&#038;p=16255"},"modified":"2026-04-13T16:10:26","modified_gmt":"2026-04-13T14:10:26","slug":"anel-de-noivado-solene-com-corte-almofadado","status":"publish","type":"product","link":"https:\/\/lumierediamonds.eu\/pt\/produto\/anel-de-noivado-solene-com-corte-almofadado\/","title":{"rendered":"Anel de noivado Solene com corte em cora\u00e7\u00e3o"},"content":{"rendered":"<p>Anel de noivado Solene com corte em cora\u00e7\u00e3o<\/p>\n<p>M\u00ednimo mas significativo, o anel de noivado Solene Heart Cut celebra o amor na sua forma mais simb\u00f3lica.<\/p>\n<p>Centrado com um diamante cultivado em laborat\u00f3rio em forma de cora\u00e7\u00e3o, o design real\u00e7a as curvas distintas da pedra e o seu brilho cintilante. A banda em ouro de 18 quilates polido afunila suavemente em dire\u00e7\u00e3o \u00e0 pedra central, enquanto a crava\u00e7\u00e3o em catedral eleva o diamante para permitir a passagem da luz de todos os \u00e2ngulos.<\/p>\n<p>O corte em cora\u00e7\u00e3o tem um car\u00e1cter rom\u00e2ntico e expressivo. Perfeito para aqueles que querem que o seu anel de noivado reflicta emo\u00e7\u00e3o, individualidade e devo\u00e7\u00e3o.<\/p>","protected":false},"excerpt":{"rendered":"<p>Um anel de noivado requintado com corte em cora\u00e7\u00e3o, centrado num diamante cultivado em laborat\u00f3rio, colocado numa pulseira em ouro de 18k polido que afunila suavemente em dire\u00e7\u00e3o \u00e0 pedra. A configura\u00e7\u00e3o elevada do pino traz luz atrav\u00e9s do perfil e d\u00e1 ao anel uma presen\u00e7a graciosa e equilibrada na m\u00e3o.<\/p>","protected":false},"featured_media":21292,"template":"","meta":{"_acf_changed":false},"product_brand":[],"product_cat":[24,52],"product_tag":[1428,48,1434,1097,1427,191],"class_list":{"0":"post-16255","1":"product","2":"type-product","3":"status-publish","4":"has-post-thumbnail","6":"product_cat-engagement-rings","7":"product_cat-rings","8":"product_tag-cathedral-setting","9":"product_tag-engagement-ring","10":"product_tag-heart-cut","11":"product_tag-lab-grown-diamond-2","12":"product_tag-prong-setting","13":"product_tag-solitaire","14":"pa_metal-rose-gold","15":"pa_metal-white-gold","16":"pa_metal-yellow-gold","18":"first","19":"instock","20":"taxable","21":"shipping-taxable","22":"purchasable","23":"product-type-variable","24":"has-default-attributes"},"acf":[],"jetpack_sharing_enabled":true,"_links":{"self":[{"href":"https:\/\/lumierediamonds.eu\/pt\/wp-json\/wp\/v2\/product\/16255","targetHints":{"allow":["GET"]}}],"collection":[{"href":"https:\/\/lumierediamonds.eu\/pt\/wp-json\/wp\/v2\/product"}],"about":[{"href":"https:\/\/lumierediamonds.eu\/pt\/wp-json\/wp\/v2\/types\/product"}],"version-history":[{"count":44,"href":"https:\/\/lumierediamonds.eu\/pt\/wp-json\/wp\/v2\/product\/16255\/revisions"}],"predecessor-version":[{"id":20381,"href":"https:\/\/lumierediamonds.eu\/pt\/wp-json\/wp\/v2\/product\/16255\/revisions\/20381"}],"wp:featuredmedia":[{"embeddable":true,"href":"https:\/\/lumierediamonds.eu\/pt\/wp-json\/wp\/v2\/media\/21292"}],"wp:attachment":[{"href":"https:\/\/lumierediamonds.eu\/pt\/wp-json\/wp\/v2\/media?parent=16255"}],"wp:term":[{"taxonomy":"product_brand","embeddable":true,"href":"https:\/\/lumierediamonds.eu\/pt\/wp-json\/wp\/v2\/product_brand?post=16255"},{"taxonomy":"product_cat","embeddable":true,"href":"https:\/\/lumierediamonds.eu\/pt\/wp-json\/wp\/v2\/product_cat?post=16255"},{"taxonomy":"product_tag","embeddable":true,"href":"https:\/\/lumierediamonds.eu\/pt\/wp-json\/wp\/v2\/product_tag?post=16255"}],"curies":[{"name":"wp","href":"https:\/\/api.w.org\/{rel}","templated":true}]}}