{"id":19888,"date":"2026-04-12T19:44:26","date_gmt":"2026-04-12T17:44:26","guid":{"rendered":"https:\/\/lumierediamonds.eu\/?post_type=product&#038;p=19888"},"modified":"2026-04-13T15:25:18","modified_gmt":"2026-04-13T13:25:18","slug":"anel-de-noivado-solene-de-corte-oval","status":"publish","type":"product","link":"https:\/\/lumierediamonds.eu\/pt\/produto\/anel-de-noivado-solene-de-corte-oval\/","title":{"rendered":"Anel de noivado Solene de corte oval"},"content":{"rendered":"<p>Minimalista mas elegante, o anel de noivado Solene de corte oval celebra as propor\u00e7\u00f5es graciosas e o brilho intemporal.<\/p>\n<p>Com um luminoso diamante oval cultivado em laborat\u00f3rio, a silhueta alongada cria um efeito lisonjeiro e alongador no dedo, ao mesmo tempo que proporciona um brilho excecional. A pulseira em ouro de 18k polido afunila suavemente em dire\u00e7\u00e3o \u00e0 pedra central, enquanto uma refinada crava\u00e7\u00e3o em catedral eleva o diamante para permitir que a luz passe livremente.<\/p>\n<p>O corte oval combina o brilho cl\u00e1ssico com uma forma suave e rom\u00e2ntica. Perfeito para quem aprecia a eleg\u00e2ncia com um toque contempor\u00e2neo.<\/p>\n<p>Um verdadeiro cl\u00e1ssico, a Solene combina lindamente com uma variedade de alian\u00e7as de casamento ou \u00e9 uma afirma\u00e7\u00e3o refinada por si s\u00f3.<br \/>\nCentrado num diamante de lapida\u00e7\u00e3o princesa cultivado em laborat\u00f3rio, o design real\u00e7a a simetria n\u00edtida e o brilho arrojado. A silhueta quadrada traz um toque contempor\u00e2neo, enquanto a pulseira em ouro 18k polido afunila suavemente em dire\u00e7\u00e3o \u00e0 pedra central. Uma graciosa crava\u00e7\u00e3o em catedral eleva o diamante, permitindo a passagem de mais luz e acrescentando uma altura subtil e um equil\u00edbrio arquitet\u00f3nico ao design.<\/p>\n<p>As linhas n\u00edtidas e as facetas brilhantes do corte princesa criam um visual confiante e moderno. Perfeito para quem gosta de estrutura, precis\u00e3o e brilho refinado.<\/p>\n<p>Um verdadeiro cl\u00e1ssico.<\/p>","protected":false},"excerpt":{"rendered":"<p>O anel de noivado Solene Oval Cut combina um luminoso diamante oval cultivado em laborat\u00f3rio com uma banda em ouro de 18K polido e uma refinada crava\u00e7\u00e3o. A sua silhueta alongada favorece o dedo, enquanto a banda c\u00f3nica de 1,80 mm mant\u00e9m o design elegante, equilibrado e f\u00e1cil de usar.<\/p>","protected":false},"featured_media":19916,"template":"","meta":{"_acf_changed":false},"product_brand":[],"product_cat":[24,52],"product_tag":[599,1428,48,1097,210,1427,1445],"class_list":{"0":"post-19888","1":"product","2":"type-product","3":"status-publish","4":"has-post-thumbnail","6":"product_cat-engagement-rings","7":"product_cat-rings","8":"product_tag-18k-gold","9":"product_tag-cathedral-setting","10":"product_tag-engagement-ring","11":"product_tag-lab-grown-diamond-2","12":"product_tag-oval-cut","13":"product_tag-prong-setting","14":"product_tag-tapered-band","15":"pa_metal-rose-gold","16":"pa_metal-white-gold","17":"pa_metal-yellow-gold","19":"first","20":"instock","21":"taxable","22":"shipping-taxable","23":"purchasable","24":"product-type-variable","25":"has-default-attributes"},"acf":[],"jetpack_sharing_enabled":true,"_links":{"self":[{"href":"https:\/\/lumierediamonds.eu\/pt\/wp-json\/wp\/v2\/product\/19888","targetHints":{"allow":["GET"]}}],"collection":[{"href":"https:\/\/lumierediamonds.eu\/pt\/wp-json\/wp\/v2\/product"}],"about":[{"href":"https:\/\/lumierediamonds.eu\/pt\/wp-json\/wp\/v2\/types\/product"}],"version-history":[{"count":1,"href":"https:\/\/lumierediamonds.eu\/pt\/wp-json\/wp\/v2\/product\/19888\/revisions"}],"predecessor-version":[{"id":20159,"href":"https:\/\/lumierediamonds.eu\/pt\/wp-json\/wp\/v2\/product\/19888\/revisions\/20159"}],"wp:featuredmedia":[{"embeddable":true,"href":"https:\/\/lumierediamonds.eu\/pt\/wp-json\/wp\/v2\/media\/19916"}],"wp:attachment":[{"href":"https:\/\/lumierediamonds.eu\/pt\/wp-json\/wp\/v2\/media?parent=19888"}],"wp:term":[{"taxonomy":"product_brand","embeddable":true,"href":"https:\/\/lumierediamonds.eu\/pt\/wp-json\/wp\/v2\/product_brand?post=19888"},{"taxonomy":"product_cat","embeddable":true,"href":"https:\/\/lumierediamonds.eu\/pt\/wp-json\/wp\/v2\/product_cat?post=19888"},{"taxonomy":"product_tag","embeddable":true,"href":"https:\/\/lumierediamonds.eu\/pt\/wp-json\/wp\/v2\/product_tag?post=19888"}],"curies":[{"name":"wp","href":"https:\/\/api.w.org\/{rel}","templated":true}]}}