{"id":20529,"date":"2026-04-12T21:13:56","date_gmt":"2026-04-12T19:13:56","guid":{"rendered":"https:\/\/lumierediamonds.eu\/?post_type=product&#038;p=20529"},"modified":"2026-04-13T16:19:47","modified_gmt":"2026-04-13T14:19:47","slug":"anel-de-noivado-aurelia-corte-pera","status":"publish","type":"product","link":"https:\/\/lumierediamonds.eu\/pt\/produto\/anel-de-noivado-aurelia-corte-pera\/","title":{"rendered":"Anel de noivado com corte em pera Aurelia"},"content":{"rendered":"<p>Eleg\u00e2ncia, concebida para o dia a dia.<br \/>\nCentrado com um diamante em forma de pera, que acrescenta suavidade e uma silhueta distinta e elegante. O anel de noivado Aurelia Diamond apresenta uma configura\u00e7\u00e3o de baixo perfil que fica mais perto do dedo para um ajuste seguro e confort\u00e1vel. Fabricado em ouro amarelo, branco ou rosa de 18k, a banda de 2,4 mm acrescenta for\u00e7a e equil\u00edbrio, enquanto a configura\u00e7\u00e3o suavemente esculpida d\u00e1 ao anel linhas suaves e fluidas.<\/p>\n<p>Concebida para uso quotidiano, combina uma beleza duradoura com um design pr\u00e1tico. Ideal para quem tem uma profiss\u00e3o pr\u00e1tica ou um estilo de vida ativo.<\/p>","protected":false},"excerpt":{"rendered":"<p>Um anel de noivado requintado com corte em pera centrado num diamante em forma de pera, cravado em baixo para um ajuste apertado e seguro. A banda de 2,4 mm em ouro amarelo, branco ou rosa de 18k acrescenta equil\u00edbrio e conforto quotidiano com um perfil limpo e elegante.<\/p>","protected":false},"featured_media":21266,"template":"","meta":{"_acf_changed":false},"product_brand":[],"product_cat":[24,52],"product_tag":[48,1432,215,1444,1427,191],"class_list":{"0":"post-20529","1":"product","2":"type-product","3":"status-publish","4":"has-post-thumbnail","6":"product_cat-engagement-rings","7":"product_cat-rings","8":"product_tag-engagement-ring","9":"product_tag-low-profile","10":"product_tag-pear-cut","11":"product_tag-pear-shaped-diamond","12":"product_tag-prong-setting","13":"product_tag-solitaire","14":"pa_metal-rose-gold","15":"pa_metal-white-gold","16":"pa_metal-yellow-gold","18":"first","19":"instock","20":"taxable","21":"shipping-taxable","22":"purchasable","23":"product-type-variable","24":"has-default-attributes"},"acf":[],"jetpack_sharing_enabled":true,"_links":{"self":[{"href":"https:\/\/lumierediamonds.eu\/pt\/wp-json\/wp\/v2\/product\/20529","targetHints":{"allow":["GET"]}}],"collection":[{"href":"https:\/\/lumierediamonds.eu\/pt\/wp-json\/wp\/v2\/product"}],"about":[{"href":"https:\/\/lumierediamonds.eu\/pt\/wp-json\/wp\/v2\/types\/product"}],"version-history":[{"count":1,"href":"https:\/\/lumierediamonds.eu\/pt\/wp-json\/wp\/v2\/product\/20529\/revisions"}],"predecessor-version":[{"id":21324,"href":"https:\/\/lumierediamonds.eu\/pt\/wp-json\/wp\/v2\/product\/20529\/revisions\/21324"}],"wp:featuredmedia":[{"embeddable":true,"href":"https:\/\/lumierediamonds.eu\/pt\/wp-json\/wp\/v2\/media\/21266"}],"wp:attachment":[{"href":"https:\/\/lumierediamonds.eu\/pt\/wp-json\/wp\/v2\/media?parent=20529"}],"wp:term":[{"taxonomy":"product_brand","embeddable":true,"href":"https:\/\/lumierediamonds.eu\/pt\/wp-json\/wp\/v2\/product_brand?post=20529"},{"taxonomy":"product_cat","embeddable":true,"href":"https:\/\/lumierediamonds.eu\/pt\/wp-json\/wp\/v2\/product_cat?post=20529"},{"taxonomy":"product_tag","embeddable":true,"href":"https:\/\/lumierediamonds.eu\/pt\/wp-json\/wp\/v2\/product_tag?post=20529"}],"curies":[{"name":"wp","href":"https:\/\/api.w.org\/{rel}","templated":true}]}}