{"id":28444,"date":"2026-04-22T20:52:24","date_gmt":"2026-04-22T18:52:24","guid":{"rendered":"https:\/\/lumierediamonds.eu\/?post_type=product&#038;p=28444"},"modified":"2026-04-23T20:03:26","modified_gmt":"2026-04-23T18:03:26","slug":"anel-de-noivado-linea-com-corte-redondo-e-pave","status":"publish","type":"product","link":"https:\/\/lumierediamonds.eu\/pt\/produto\/anel-de-noivado-linea-com-corte-redondo-e-pave\/","title":{"rendered":"Anel de noivado Linea Pav\u00e9 de corte redondo"},"content":{"rendered":"<p>Gracioso e luminoso, o anel de noivado Linea Round Brilliant foi concebido para real\u00e7ar a beleza de uma pedra central cl\u00e1ssica atrav\u00e9s da precis\u00e3o e da luz.<\/p>\n<p>Uma fina faixa em forma de faca \u00e9 adornada com finos diamantes em pav\u00e9, criando um brilho suave e cont\u00ednuo que real\u00e7a o diamante central em vez de o sobrepor. A banda afunila suavemente em dire\u00e7\u00e3o \u00e0 configura\u00e7\u00e3o, atraindo o olhar para dentro, mantendo uma silhueta equilibrada.<\/p>\n<p>Uma graciosa configura\u00e7\u00e3o de catedral eleva o diamante redondo brilhante cultivado em laborat\u00f3rio, permitindo que mais luz entre na pedra enquanto adiciona uma altura subtil e uma estrutura elegante.<\/p>\n<p>Fabricada em ouro amarelo, branco ou rosa de 18k polido, a Linea oferece um brilho intemporal com um acabamento refinado e moderno.<\/p>","protected":false},"excerpt":{"rendered":"<p>Gracioso e luminoso, o anel de noivado Linea Round Brilliant combina um diamante redondo cultivado em laborat\u00f3rio com uma fina faixa de ponta de faca em pav\u00e9. Uma configura\u00e7\u00e3o em catedral eleva a pedra central com uma estrutura equilibrada, enquanto o ouro 18k polido acrescenta um acabamento refinado. Intemporal, elegante e feito para ser usado no dia a dia.<\/p>","protected":false},"featured_media":29217,"template":"","meta":{"_acf_changed":false},"product_brand":[],"product_cat":[24,52],"product_tag":[1428,48,1452,1097,188,1431],"class_list":{"0":"post-28444","1":"product","2":"type-product","3":"status-publish","4":"has-post-thumbnail","6":"product_cat-engagement-rings","7":"product_cat-rings","8":"product_tag-cathedral-setting","9":"product_tag-engagement-ring","10":"product_tag-knife-edge-band","11":"product_tag-lab-grown-diamond-2","12":"product_tag-pave-setting","13":"product_tag-round-brilliant","14":"pa_metal-rose-gold","15":"pa_metal-white-gold","16":"pa_metal-yellow-gold","18":"first","19":"instock","20":"taxable","21":"shipping-taxable","22":"purchasable","23":"product-type-variable","24":"has-default-attributes"},"acf":[],"jetpack_sharing_enabled":true,"_links":{"self":[{"href":"https:\/\/lumierediamonds.eu\/pt\/wp-json\/wp\/v2\/product\/28444","targetHints":{"allow":["GET"]}}],"collection":[{"href":"https:\/\/lumierediamonds.eu\/pt\/wp-json\/wp\/v2\/product"}],"about":[{"href":"https:\/\/lumierediamonds.eu\/pt\/wp-json\/wp\/v2\/types\/product"}],"version-history":[{"count":3,"href":"https:\/\/lumierediamonds.eu\/pt\/wp-json\/wp\/v2\/product\/28444\/revisions"}],"predecessor-version":[{"id":31394,"href":"https:\/\/lumierediamonds.eu\/pt\/wp-json\/wp\/v2\/product\/28444\/revisions\/31394"}],"wp:featuredmedia":[{"embeddable":true,"href":"https:\/\/lumierediamonds.eu\/pt\/wp-json\/wp\/v2\/media\/29217"}],"wp:attachment":[{"href":"https:\/\/lumierediamonds.eu\/pt\/wp-json\/wp\/v2\/media?parent=28444"}],"wp:term":[{"taxonomy":"product_brand","embeddable":true,"href":"https:\/\/lumierediamonds.eu\/pt\/wp-json\/wp\/v2\/product_brand?post=28444"},{"taxonomy":"product_cat","embeddable":true,"href":"https:\/\/lumierediamonds.eu\/pt\/wp-json\/wp\/v2\/product_cat?post=28444"},{"taxonomy":"product_tag","embeddable":true,"href":"https:\/\/lumierediamonds.eu\/pt\/wp-json\/wp\/v2\/product_tag?post=28444"}],"curies":[{"name":"wp","href":"https:\/\/api.w.org\/{rel}","templated":true}]}}