{"id":30431,"date":"2026-04-23T17:18:17","date_gmt":"2026-04-23T15:18:17","guid":{"rendered":"https:\/\/lumierediamonds.eu\/?post_type=product&#038;p=30431"},"modified":"2026-04-23T20:53:05","modified_gmt":"2026-04-23T18:53:05","slug":"anel-de-noivado-linea-com-corte-esmeralda-e-pave","status":"publish","type":"product","link":"https:\/\/lumierediamonds.eu\/pt\/produto\/anel-de-noivado-linea-com-corte-esmeralda-e-pave\/","title":{"rendered":"Anel de noivado Linea Emerald Cut Pav\u00e9"},"content":{"rendered":"<p>Gracioso e luminoso, o anel de noivado Linea Emerald Cut Pav\u00e9 foi concebido para real\u00e7ar a beleza de uma pedra central cl\u00e1ssica atrav\u00e9s da precis\u00e3o e da luz.<\/p>\n<p>Uma fina faixa em forma de faca \u00e9 adornada com finos diamantes em pav\u00e9, criando um brilho suave e cont\u00ednuo que real\u00e7a o diamante central em vez de o sobrepor. A banda afunila suavemente em dire\u00e7\u00e3o \u00e0 configura\u00e7\u00e3o, atraindo o olhar para dentro, mantendo uma silhueta equilibrada.<\/p>\n<p>Uma graciosa configura\u00e7\u00e3o de catedral eleva o diamante de laborat\u00f3rio de corte esmeralda, permitindo que mais luz entre na pedra enquanto adiciona uma altura subtil e uma estrutura elegante.<\/p>\n<p>Fabricada em ouro amarelo, branco ou rosa de 18k polido, a Linea oferece um brilho intemporal com um acabamento refinado e moderno.<\/p>","protected":false},"excerpt":{"rendered":"<p>Gracioso e luminoso, o anel de noivado Linea apresenta uma pedra central de corte esmeralda cultivada em laborat\u00f3rio, diamantes pav\u00e9 e uma banda c\u00f3nica em ouro de 18k.<\/p>","protected":false},"featured_media":31143,"template":"","meta":{"_acf_changed":false},"product_brand":[],"product_cat":[24,52],"product_tag":[1428,1274,48,1452,184,1455],"class_list":{"0":"post-30431","1":"product","2":"type-product","3":"status-publish","4":"has-post-thumbnail","6":"product_cat-engagement-rings","7":"product_cat-rings","8":"product_tag-cathedral-setting","9":"product_tag-emerald-cut","10":"product_tag-engagement-ring","11":"product_tag-knife-edge-band","12":"product_tag-lab-grown-diamond","13":"product_tag-pave-diamonds","14":"pa_metal-rose-gold","15":"pa_metal-white-gold","16":"pa_metal-yellow-gold","18":"first","19":"instock","20":"taxable","21":"shipping-taxable","22":"purchasable","23":"product-type-variable","24":"has-default-attributes"},"acf":[],"jetpack_sharing_enabled":true,"_links":{"self":[{"href":"https:\/\/lumierediamonds.eu\/pt\/wp-json\/wp\/v2\/product\/30431","targetHints":{"allow":["GET"]}}],"collection":[{"href":"https:\/\/lumierediamonds.eu\/pt\/wp-json\/wp\/v2\/product"}],"about":[{"href":"https:\/\/lumierediamonds.eu\/pt\/wp-json\/wp\/v2\/types\/product"}],"version-history":[{"count":4,"href":"https:\/\/lumierediamonds.eu\/pt\/wp-json\/wp\/v2\/product\/30431\/revisions"}],"predecessor-version":[{"id":31476,"href":"https:\/\/lumierediamonds.eu\/pt\/wp-json\/wp\/v2\/product\/30431\/revisions\/31476"}],"wp:featuredmedia":[{"embeddable":true,"href":"https:\/\/lumierediamonds.eu\/pt\/wp-json\/wp\/v2\/media\/31143"}],"wp:attachment":[{"href":"https:\/\/lumierediamonds.eu\/pt\/wp-json\/wp\/v2\/media?parent=30431"}],"wp:term":[{"taxonomy":"product_brand","embeddable":true,"href":"https:\/\/lumierediamonds.eu\/pt\/wp-json\/wp\/v2\/product_brand?post=30431"},{"taxonomy":"product_cat","embeddable":true,"href":"https:\/\/lumierediamonds.eu\/pt\/wp-json\/wp\/v2\/product_cat?post=30431"},{"taxonomy":"product_tag","embeddable":true,"href":"https:\/\/lumierediamonds.eu\/pt\/wp-json\/wp\/v2\/product_tag?post=30431"}],"curies":[{"name":"wp","href":"https:\/\/api.w.org\/{rel}","templated":true}]}}