{"id":30496,"date":"2026-04-23T17:28:05","date_gmt":"2026-04-23T15:28:05","guid":{"rendered":"https:\/\/lumierediamonds.eu\/?post_type=product&#038;p=30496"},"modified":"2026-04-23T20:54:05","modified_gmt":"2026-04-23T18:54:05","slug":"anel-de-noivado-linea-com-corte-oval-e-pave","status":"publish","type":"product","link":"https:\/\/lumierediamonds.eu\/pt\/produto\/anel-de-noivado-linea-com-corte-oval-e-pave\/","title":{"rendered":"Anel de noivado Linea Pav\u00e9 de corte oval"},"content":{"rendered":"<p>Gracioso e luminoso, o anel de noivado oval Linea foi concebido para real\u00e7ar a beleza de uma pedra central cl\u00e1ssica atrav\u00e9s da precis\u00e3o e da luz.<\/p>\n<p>Uma fina faixa em forma de faca \u00e9 adornada com finos diamantes em pav\u00e9, criando um brilho suave e cont\u00ednuo que real\u00e7a o diamante central em vez de o sobrepor. A banda afunila suavemente em dire\u00e7\u00e3o \u00e0 configura\u00e7\u00e3o, atraindo o olhar para dentro, mantendo uma silhueta equilibrada.<\/p>\n<p>Uma graciosa configura\u00e7\u00e3o de catedral eleva o diamante cultivado em laborat\u00f3rio de corte oval, permitindo que mais luz entre na pedra enquanto adiciona uma altura subtil e uma estrutura elegante.<\/p>\n<p>Fabricada em ouro amarelo, branco ou rosa de 18k polido, a Linea oferece um brilho intemporal com um acabamento refinado e moderno.<\/p>","protected":false},"excerpt":{"rendered":"<p>Elegante e esculpido, o anel de noivado Linea Oval apresenta um diamante central oval cultivado em laborat\u00f3rio, uma configura\u00e7\u00e3o de pav\u00e9 e uma faixa fina com ponta de faca em ouro 18k polido. Um gracioso perfil de catedral e uma silhueta c\u00f3nica criam equil\u00edbrio, altura e um brilho tranquilo para o uso di\u00e1rio.<\/p>","protected":false},"featured_media":31178,"template":"","meta":{"_acf_changed":false},"product_brand":[],"product_cat":[24,52],"product_tag":[599,1428,48,1452,1097,212,188],"class_list":{"0":"post-30496","1":"product","2":"type-product","3":"status-publish","4":"has-post-thumbnail","6":"product_cat-engagement-rings","7":"product_cat-rings","8":"product_tag-18k-gold","9":"product_tag-cathedral-setting","10":"product_tag-engagement-ring","11":"product_tag-knife-edge-band","12":"product_tag-lab-grown-diamond-2","13":"product_tag-oval-diamond","14":"product_tag-pave-setting","15":"pa_metal-rose-gold","16":"pa_metal-white-gold","17":"pa_metal-yellow-gold","19":"first","20":"instock","21":"taxable","22":"shipping-taxable","23":"purchasable","24":"product-type-variable","25":"has-default-attributes"},"acf":[],"jetpack_sharing_enabled":true,"_links":{"self":[{"href":"https:\/\/lumierediamonds.eu\/pt\/wp-json\/wp\/v2\/product\/30496","targetHints":{"allow":["GET"]}}],"collection":[{"href":"https:\/\/lumierediamonds.eu\/pt\/wp-json\/wp\/v2\/product"}],"about":[{"href":"https:\/\/lumierediamonds.eu\/pt\/wp-json\/wp\/v2\/types\/product"}],"version-history":[{"count":3,"href":"https:\/\/lumierediamonds.eu\/pt\/wp-json\/wp\/v2\/product\/30496\/revisions"}],"predecessor-version":[{"id":31597,"href":"https:\/\/lumierediamonds.eu\/pt\/wp-json\/wp\/v2\/product\/30496\/revisions\/31597"}],"wp:featuredmedia":[{"embeddable":true,"href":"https:\/\/lumierediamonds.eu\/pt\/wp-json\/wp\/v2\/media\/31178"}],"wp:attachment":[{"href":"https:\/\/lumierediamonds.eu\/pt\/wp-json\/wp\/v2\/media?parent=30496"}],"wp:term":[{"taxonomy":"product_brand","embeddable":true,"href":"https:\/\/lumierediamonds.eu\/pt\/wp-json\/wp\/v2\/product_brand?post=30496"},{"taxonomy":"product_cat","embeddable":true,"href":"https:\/\/lumierediamonds.eu\/pt\/wp-json\/wp\/v2\/product_cat?post=30496"},{"taxonomy":"product_tag","embeddable":true,"href":"https:\/\/lumierediamonds.eu\/pt\/wp-json\/wp\/v2\/product_tag?post=30496"}],"curies":[{"name":"wp","href":"https:\/\/api.w.org\/{rel}","templated":true}]}}