{"id":4220,"date":"2024-11-25T22:57:19","date_gmt":"2024-11-25T21:57:19","guid":{"rendered":"https:\/\/lumierediamonds.eu\/?post_type=product&#038;p=4220"},"modified":"2025-12-05T17:38:38","modified_gmt":"2025-12-05T16:38:38","slug":"o-anel-de-noivado-eternia","status":"publish","type":"product","link":"https:\/\/lumierediamonds.eu\/pt\/produto\/o-anel-de-noivado-eternia\/","title":{"rendered":"O anel de noivado Eternia"},"content":{"rendered":"<p class=\"p1\">O anel Eternia \u00e9 uma celebra\u00e7\u00e3o deslumbrante do amor eterno. Apresentando um diamante brilhante de lapida\u00e7\u00e3o redonda cultivado em laborat\u00f3rio como pe\u00e7a central, \u00e9 complementado por uma faixa adornada com diamantes cintilantes engastados em pav\u00e9. Fabricado em ouro amarelo, branco ou rosa de 18 quilates, este design oferece uma eleg\u00e2ncia intemporal com um toque de brilho moderno.<\/p>","protected":false},"excerpt":{"rendered":"<p class=\"p1\">O anel Eternia \u00e9 uma celebra\u00e7\u00e3o deslumbrante do amor eterno. Apresentando um diamante brilhante de lapida\u00e7\u00e3o redonda cultivado em laborat\u00f3rio como pe\u00e7a central, \u00e9 complementado por uma faixa adornada com diamantes cintilantes engastados em pav\u00e9. Fabricado em ouro amarelo, branco ou rosa de 18 quilates, este design oferece uma eleg\u00e2ncia intemporal com um toque de brilho moderno.<\/p>","protected":false},"featured_media":4234,"template":"","meta":{"_acf_changed":false},"product_brand":[],"product_cat":[24,52],"product_tag":[183,48,184,257],"class_list":{"0":"post-4220","1":"product","2":"type-product","3":"status-publish","4":"has-post-thumbnail","6":"product_cat-engagement-rings","7":"product_cat-rings","8":"product_tag-diamond-ring","9":"product_tag-engagement-ring","10":"product_tag-lab-grown-diamond","11":"product_tag-pave-ring","12":"pa_metal-rose-gold","13":"pa_metal-white-gold","14":"pa_metal-yellow-gold","16":"first","17":"instock","18":"taxable","19":"shipping-taxable","20":"purchasable","21":"product-type-variable"},"acf":[],"jetpack_sharing_enabled":true,"_links":{"self":[{"href":"https:\/\/lumierediamonds.eu\/pt\/wp-json\/wp\/v2\/product\/4220","targetHints":{"allow":["GET"]}}],"collection":[{"href":"https:\/\/lumierediamonds.eu\/pt\/wp-json\/wp\/v2\/product"}],"about":[{"href":"https:\/\/lumierediamonds.eu\/pt\/wp-json\/wp\/v2\/types\/product"}],"version-history":[{"count":4,"href":"https:\/\/lumierediamonds.eu\/pt\/wp-json\/wp\/v2\/product\/4220\/revisions"}],"predecessor-version":[{"id":14118,"href":"https:\/\/lumierediamonds.eu\/pt\/wp-json\/wp\/v2\/product\/4220\/revisions\/14118"}],"wp:featuredmedia":[{"embeddable":true,"href":"https:\/\/lumierediamonds.eu\/pt\/wp-json\/wp\/v2\/media\/4234"}],"wp:attachment":[{"href":"https:\/\/lumierediamonds.eu\/pt\/wp-json\/wp\/v2\/media?parent=4220"}],"wp:term":[{"taxonomy":"product_brand","embeddable":true,"href":"https:\/\/lumierediamonds.eu\/pt\/wp-json\/wp\/v2\/product_brand?post=4220"},{"taxonomy":"product_cat","embeddable":true,"href":"https:\/\/lumierediamonds.eu\/pt\/wp-json\/wp\/v2\/product_cat?post=4220"},{"taxonomy":"product_tag","embeddable":true,"href":"https:\/\/lumierediamonds.eu\/pt\/wp-json\/wp\/v2\/product_tag?post=4220"}],"curies":[{"name":"wp","href":"https:\/\/api.w.org\/{rel}","templated":true}]}}