{"id":5384,"date":"2024-11-29T12:00:10","date_gmt":"2024-11-29T11:00:10","guid":{"rendered":"https:\/\/lumierediamonds.eu\/?post_type=product&#038;p=5384"},"modified":"2025-12-05T17:24:59","modified_gmt":"2025-12-05T16:24:59","slug":"o-anel-de-noivado-solis-esmeralda","status":"publish","type":"product","link":"https:\/\/lumierediamonds.eu\/pt\/produto\/o-anel-de-noivado-solis-esmeralda\/","title":{"rendered":"O anel de noivado Solis Emerald"},"content":{"rendered":"<p class=\"p1\">Irradiando uma eleg\u00e2ncia intemporal, o anel Solis apresenta agora um cativante diamante de laborat\u00f3rio com corte esmeralda numa configura\u00e7\u00e3o cl\u00e1ssica de quatro pontas. As linhas elegantes do corte esmeralda s\u00e3o lindamente complementadas pelo brilho quente da pulseira em ouro de 18 quilates polido, dispon\u00edvel em ouro amarelo, branco ou rosa. Um design moderno mas duradouro, perfeito para celebrar o amor na sua forma mais pura.<\/p>","protected":false},"excerpt":{"rendered":"<p class=\"p1\">Irradiando uma eleg\u00e2ncia intemporal, o anel Solis apresenta agora um cativante diamante de laborat\u00f3rio com corte esmeralda numa configura\u00e7\u00e3o cl\u00e1ssica de quatro pontas. As linhas elegantes do corte esmeralda s\u00e3o lindamente complementadas pelo brilho quente da pulseira em ouro de 18 quilates polido, dispon\u00edvel em ouro amarelo, branco ou rosa. Um design moderno mas duradouro, perfeito para celebrar o amor na sua forma mais pura.<\/p>","protected":false},"featured_media":5454,"template":"","meta":{"_acf_changed":false},"product_brand":[],"product_cat":[24,23,52],"product_tag":[183,189,190,182,48,184,192,191,185],"class_list":{"0":"post-5384","1":"product","2":"type-product","3":"status-publish","4":"has-post-thumbnail","6":"product_cat-engagement-rings","7":"product_cat-love-engagement","8":"product_cat-rings","9":"product_tag-diamond-ring","10":"product_tag-emerald","11":"product_tag-emerald-diamond","12":"product_tag-engagement","13":"product_tag-engagement-ring","14":"product_tag-lab-grown-diamond","15":"product_tag-ring","16":"product_tag-solitaire","17":"product_tag-vvs1","18":"pa_metal-rose-gold","19":"pa_metal-white-gold","20":"pa_metal-yellow-gold","22":"first","23":"instock","24":"taxable","25":"shipping-taxable","26":"purchasable","27":"product-type-variable"},"acf":[],"jetpack_sharing_enabled":true,"_links":{"self":[{"href":"https:\/\/lumierediamonds.eu\/pt\/wp-json\/wp\/v2\/product\/5384","targetHints":{"allow":["GET"]}}],"collection":[{"href":"https:\/\/lumierediamonds.eu\/pt\/wp-json\/wp\/v2\/product"}],"about":[{"href":"https:\/\/lumierediamonds.eu\/pt\/wp-json\/wp\/v2\/types\/product"}],"version-history":[{"count":5,"href":"https:\/\/lumierediamonds.eu\/pt\/wp-json\/wp\/v2\/product\/5384\/revisions"}],"predecessor-version":[{"id":14114,"href":"https:\/\/lumierediamonds.eu\/pt\/wp-json\/wp\/v2\/product\/5384\/revisions\/14114"}],"wp:featuredmedia":[{"embeddable":true,"href":"https:\/\/lumierediamonds.eu\/pt\/wp-json\/wp\/v2\/media\/5454"}],"wp:attachment":[{"href":"https:\/\/lumierediamonds.eu\/pt\/wp-json\/wp\/v2\/media?parent=5384"}],"wp:term":[{"taxonomy":"product_brand","embeddable":true,"href":"https:\/\/lumierediamonds.eu\/pt\/wp-json\/wp\/v2\/product_brand?post=5384"},{"taxonomy":"product_cat","embeddable":true,"href":"https:\/\/lumierediamonds.eu\/pt\/wp-json\/wp\/v2\/product_cat?post=5384"},{"taxonomy":"product_tag","embeddable":true,"href":"https:\/\/lumierediamonds.eu\/pt\/wp-json\/wp\/v2\/product_tag?post=5384"}],"curies":[{"name":"wp","href":"https:\/\/api.w.org\/{rel}","templated":true}]}}