{"id":5456,"date":"2024-11-29T12:05:43","date_gmt":"2024-11-29T11:05:43","guid":{"rendered":"https:\/\/lumierediamonds.eu\/?post_type=product&#038;p=5456"},"modified":"2025-12-05T17:21:50","modified_gmt":"2025-12-05T16:21:50","slug":"o-anel-de-noivado-com-esmeralda-eternia","status":"publish","type":"product","link":"https:\/\/lumierediamonds.eu\/pt\/produto\/o-anel-de-noivado-com-esmeralda-eternia\/","title":{"rendered":"O anel de noivado com esmeralda Eternia"},"content":{"rendered":"<p class=\"p1\">O anel Eternia \u00e9 uma celebra\u00e7\u00e3o deslumbrante do amor eterno. Com um fascinante diamante sint\u00e9tico lapidado em esmeralda como pe\u00e7a central, as suas facetas elegantes s\u00e3o complementadas de forma bel\u00edssima por uma alian\u00e7a adornada com diamantes brilhantes em pav\u00e9. Feito em ouro amarelo, branco ou rosa de 18 quilates, este design irradia eleg\u00e2ncia intemporal com um toque moderno.<\/p>","protected":false},"excerpt":{"rendered":"<p class=\"p1\">O anel Eternia \u00e9 uma celebra\u00e7\u00e3o deslumbrante do amor eterno. Com um fascinante diamante sint\u00e9tico lapidado em esmeralda como pe\u00e7a central, as suas facetas elegantes s\u00e3o complementadas de forma bel\u00edssima por uma alian\u00e7a adornada com diamantes brilhantes em pav\u00e9. Feito em ouro amarelo, branco ou rosa de 18 quilates, este design irradia eleg\u00e2ncia intemporal com um toque moderno.<\/p>","protected":false},"featured_media":5494,"template":"","meta":{"_acf_changed":false},"product_brand":[],"product_cat":[24,23,52],"product_tag":[183,189,190,182,48,184,187,192,191,185],"class_list":{"0":"post-5456","1":"product","2":"type-product","3":"status-publish","4":"has-post-thumbnail","6":"product_cat-engagement-rings","7":"product_cat-love-engagement","8":"product_cat-rings","9":"product_tag-diamond-ring","10":"product_tag-emerald","11":"product_tag-emerald-diamond","12":"product_tag-engagement","13":"product_tag-engagement-ring","14":"product_tag-lab-grown-diamond","15":"product_tag-pave","16":"product_tag-ring","17":"product_tag-solitaire","18":"product_tag-vvs1","19":"pa_metal-rose-gold","20":"pa_metal-white-gold","21":"pa_metal-yellow-gold","23":"first","24":"instock","25":"taxable","26":"shipping-taxable","27":"purchasable","28":"product-type-variable"},"acf":[],"jetpack_sharing_enabled":true,"_links":{"self":[{"href":"https:\/\/lumierediamonds.eu\/pt\/wp-json\/wp\/v2\/product\/5456","targetHints":{"allow":["GET"]}}],"collection":[{"href":"https:\/\/lumierediamonds.eu\/pt\/wp-json\/wp\/v2\/product"}],"about":[{"href":"https:\/\/lumierediamonds.eu\/pt\/wp-json\/wp\/v2\/types\/product"}],"version-history":[{"count":8,"href":"https:\/\/lumierediamonds.eu\/pt\/wp-json\/wp\/v2\/product\/5456\/revisions"}],"predecessor-version":[{"id":14113,"href":"https:\/\/lumierediamonds.eu\/pt\/wp-json\/wp\/v2\/product\/5456\/revisions\/14113"}],"wp:featuredmedia":[{"embeddable":true,"href":"https:\/\/lumierediamonds.eu\/pt\/wp-json\/wp\/v2\/media\/5494"}],"wp:attachment":[{"href":"https:\/\/lumierediamonds.eu\/pt\/wp-json\/wp\/v2\/media?parent=5456"}],"wp:term":[{"taxonomy":"product_brand","embeddable":true,"href":"https:\/\/lumierediamonds.eu\/pt\/wp-json\/wp\/v2\/product_brand?post=5456"},{"taxonomy":"product_cat","embeddable":true,"href":"https:\/\/lumierediamonds.eu\/pt\/wp-json\/wp\/v2\/product_cat?post=5456"},{"taxonomy":"product_tag","embeddable":true,"href":"https:\/\/lumierediamonds.eu\/pt\/wp-json\/wp\/v2\/product_tag?post=5456"}],"curies":[{"name":"wp","href":"https:\/\/api.w.org\/{rel}","templated":true}]}}