{"id":6260,"date":"2024-11-30T16:45:16","date_gmt":"2024-11-30T15:45:16","guid":{"rendered":"https:\/\/lumierediamonds.eu\/?post_type=product&#038;p=6260"},"modified":"2025-11-17T13:56:26","modified_gmt":"2025-11-17T12:56:26","slug":"brincos-com-diamantes-ovais-da-eterna","status":"publish","type":"product","link":"https:\/\/lumierediamonds.eu\/pt\/produto\/brincos-com-diamantes-ovais-da-eterna\/","title":{"rendered":"Brincos com diamantes ovais Eterna"},"content":{"rendered":"<p data-start=\"179\" data-end=\"450\">Elegante e duradouro, o <strong data-start=\"205\" data-end=\"246\">Brincos com diamantes ovais Eterna<\/strong> d\u00e3o um toque refinado a um cl\u00e1ssico muito apreciado. Cada brinco apresenta um diamante oval cultivado em laborat\u00f3rio, preso numa montagem intemporal de quatro pontas que real\u00e7a a silhueta graciosa e o brilho natural da pedra.<\/p>\n<p data-start=\"452\" data-end=\"683\" data-is-last-node=\"\" data-is-only-node=\"\">Feitos em ouro amarelo 18k, est\u00e3o dispon\u00edveis em tamanhos certificados pela IGI que variam de 0,3 ct a 3 ct \u2014 quer prefira um toque sutil ou uma afirma\u00e7\u00e3o mais marcante, este par essencial oferece sofistica\u00e7\u00e3o vers\u00e1til para qualquer ocasi\u00e3o.<\/p>","protected":false},"excerpt":{"rendered":"<p data-start=\"179\" data-end=\"450\">Elegante e duradouro, o <strong data-start=\"205\" data-end=\"246\">Brincos com diamantes ovais Eterna<\/strong> d\u00e3o um toque refinado a um cl\u00e1ssico muito apreciado. Cada brinco apresenta um diamante oval cultivado em laborat\u00f3rio, preso numa montagem intemporal de quatro pontas que real\u00e7a a silhueta graciosa e o brilho natural da pedra.<\/p>\n<p data-start=\"452\" data-end=\"683\" data-is-last-node=\"\" data-is-only-node=\"\">Feitos em ouro amarelo 18k, est\u00e3o dispon\u00edveis em tamanhos certificados pela IGI que variam de 0,3 ct a 3 ct \u2014 quer prefira um toque sutil ou uma afirma\u00e7\u00e3o mais marcante, este par essencial oferece sofistica\u00e7\u00e3o vers\u00e1til para qualquer ocasi\u00e3o.<\/p>","protected":false},"featured_media":6310,"template":"","meta":{"_acf_changed":false},"product_brand":[],"product_cat":[54,760],"product_tag":[201,205,202,184,210,212,211,203,204,185],"class_list":{"0":"post-6260","1":"product","2":"type-product","3":"status-publish","4":"has-post-thumbnail","6":"product_cat-earrings","7":"product_cat-stud-earrings","8":"product_tag-diamond-earrings","9":"product_tag-diamond-studs","10":"product_tag-earrings","11":"product_tag-lab-grown-diamond","12":"product_tag-oval-cut","13":"product_tag-oval-diamond","14":"product_tag-oval-earrings","15":"product_tag-stud-earrings","16":"product_tag-studs","17":"product_tag-vvs1","18":"pa_metal-yellow-gold","20":"first","21":"instock","22":"taxable","23":"shipping-taxable","24":"purchasable","25":"product-type-variable"},"acf":[],"jetpack_sharing_enabled":true,"_links":{"self":[{"href":"https:\/\/lumierediamonds.eu\/pt\/wp-json\/wp\/v2\/product\/6260","targetHints":{"allow":["GET"]}}],"collection":[{"href":"https:\/\/lumierediamonds.eu\/pt\/wp-json\/wp\/v2\/product"}],"about":[{"href":"https:\/\/lumierediamonds.eu\/pt\/wp-json\/wp\/v2\/types\/product"}],"version-history":[{"count":9,"href":"https:\/\/lumierediamonds.eu\/pt\/wp-json\/wp\/v2\/product\/6260\/revisions"}],"predecessor-version":[{"id":11482,"href":"https:\/\/lumierediamonds.eu\/pt\/wp-json\/wp\/v2\/product\/6260\/revisions\/11482"}],"wp:featuredmedia":[{"embeddable":true,"href":"https:\/\/lumierediamonds.eu\/pt\/wp-json\/wp\/v2\/media\/6310"}],"wp:attachment":[{"href":"https:\/\/lumierediamonds.eu\/pt\/wp-json\/wp\/v2\/media?parent=6260"}],"wp:term":[{"taxonomy":"product_brand","embeddable":true,"href":"https:\/\/lumierediamonds.eu\/pt\/wp-json\/wp\/v2\/product_brand?post=6260"},{"taxonomy":"product_cat","embeddable":true,"href":"https:\/\/lumierediamonds.eu\/pt\/wp-json\/wp\/v2\/product_cat?post=6260"},{"taxonomy":"product_tag","embeddable":true,"href":"https:\/\/lumierediamonds.eu\/pt\/wp-json\/wp\/v2\/product_tag?post=6260"}],"curies":[{"name":"wp","href":"https:\/\/api.w.org\/{rel}","templated":true}]}}