{"id":6587,"date":"2024-12-03T13:00:26","date_gmt":"2024-12-03T12:00:26","guid":{"rendered":"https:\/\/lumierediamonds.eu\/?post_type=product&#038;p=6587"},"modified":"2025-10-23T10:30:44","modified_gmt":"2025-10-23T08:30:44","slug":"brincos-de-diamantes-lasai","status":"publish","type":"product","link":"https:\/\/lumierediamonds.eu\/pt\/produto\/brincos-de-diamantes-lasai\/","title":{"rendered":"Brincos de diamantes Lasai"},"content":{"rendered":"<p data-start=\"116\" data-end=\"265\">Elegante e simples, o <strong>Brincos Lasai<\/strong> d\u00ea um toque de eleg\u00e2ncia aos looks do dia a dia e brilhe lindamente nas sa\u00eddas \u00e0 noite.<\/p>\n<p data-start=\"267\" data-end=\"432\">Dois c\u00edrculos entrela\u00e7ados \u2014 um com pav\u00e9 de diamantes cultivados em laborat\u00f3rio com 0,25 ct. tw. e o outro polido em ouro 18k \u2014 criam um contraste equilibrado entre brilho e simplicidade.<\/p>\n<p data-start=\"434\" data-end=\"476\">Um par intemporal com um toque clean e moderno.<\/p>","protected":false},"excerpt":{"rendered":"<p data-start=\"116\" data-end=\"265\">Elegante e simples, o <strong>Brincos Lasai<\/strong> d\u00ea um toque de eleg\u00e2ncia aos looks do dia a dia e brilhe lindamente nas sa\u00eddas \u00e0 noite.<\/p>\n<p data-start=\"267\" data-end=\"432\">Dois c\u00edrculos entrela\u00e7ados \u2014 um com pav\u00e9 de diamantes cultivados em laborat\u00f3rio com 0,25 ct. tw. e o outro polido em ouro 18k \u2014 criam um contraste equilibrado entre brilho e simplicidade.<\/p>\n<p data-start=\"434\" data-end=\"476\">Um par intemporal com um toque clean e moderno.<\/p>","protected":false},"featured_media":6588,"template":"","meta":{"_acf_changed":false},"product_brand":[],"product_cat":[54,760],"product_tag":[201,202,184,229,230,185],"class_list":{"0":"post-6587","1":"product","2":"type-product","3":"status-publish","4":"has-post-thumbnail","6":"product_cat-earrings","7":"product_cat-stud-earrings","8":"product_tag-diamond-earrings","9":"product_tag-earrings","10":"product_tag-lab-grown-diamond","11":"product_tag-pave-earrings","12":"product_tag-round-earrings","13":"product_tag-vvs1","14":"pa_metal-yellow-gold","16":"first","17":"instock","18":"taxable","19":"shipping-taxable","20":"purchasable","21":"product-type-simple"},"acf":[],"jetpack_sharing_enabled":true,"_links":{"self":[{"href":"https:\/\/lumierediamonds.eu\/pt\/wp-json\/wp\/v2\/product\/6587","targetHints":{"allow":["GET"]}}],"collection":[{"href":"https:\/\/lumierediamonds.eu\/pt\/wp-json\/wp\/v2\/product"}],"about":[{"href":"https:\/\/lumierediamonds.eu\/pt\/wp-json\/wp\/v2\/types\/product"}],"version-history":[{"count":7,"href":"https:\/\/lumierediamonds.eu\/pt\/wp-json\/wp\/v2\/product\/6587\/revisions"}],"predecessor-version":[{"id":11485,"href":"https:\/\/lumierediamonds.eu\/pt\/wp-json\/wp\/v2\/product\/6587\/revisions\/11485"}],"wp:featuredmedia":[{"embeddable":true,"href":"https:\/\/lumierediamonds.eu\/pt\/wp-json\/wp\/v2\/media\/6588"}],"wp:attachment":[{"href":"https:\/\/lumierediamonds.eu\/pt\/wp-json\/wp\/v2\/media?parent=6587"}],"wp:term":[{"taxonomy":"product_brand","embeddable":true,"href":"https:\/\/lumierediamonds.eu\/pt\/wp-json\/wp\/v2\/product_brand?post=6587"},{"taxonomy":"product_cat","embeddable":true,"href":"https:\/\/lumierediamonds.eu\/pt\/wp-json\/wp\/v2\/product_cat?post=6587"},{"taxonomy":"product_tag","embeddable":true,"href":"https:\/\/lumierediamonds.eu\/pt\/wp-json\/wp\/v2\/product_tag?post=6587"}],"curies":[{"name":"wp","href":"https:\/\/api.w.org\/{rel}","templated":true}]}}