{"id":6621,"date":"2024-12-03T18:49:53","date_gmt":"2024-12-03T17:49:53","guid":{"rendered":"https:\/\/lumierediamonds.eu\/?post_type=product&#038;p=6621"},"modified":"2025-12-10T14:07:48","modified_gmt":"2025-12-10T13:07:48","slug":"pulseira-de-tenis-com-diamantes-em-ouro-celestia","status":"publish","type":"product","link":"https:\/\/lumierediamonds.eu\/pt\/produto\/pulseira-de-tenis-com-diamantes-em-ouro-celestia\/","title":{"rendered":"Pulseira de t\u00e9nis Celestia Gold Diamond"},"content":{"rendered":"<p class=\"p1\">Brilho inesquec\u00edvel, capturado numa forma cl\u00e1ssica.<b><\/b><\/p>\n<p class=\"p3\">O<strong> Pulseira de t\u00e9nis com diamantes Celestia<\/strong> irradia com 10 quilates de diamantes cultivados em laborat\u00f3rio e engastados \u00e0 m\u00e3o - cada um selecionado para obter o m\u00e1ximo de brilho e simetria. Colocadas em ouro branco 18k luminoso, as pedras formam uma linha cont\u00ednua de fogo e luz que se curva elegantemente \u00e0 volta do pulso.<\/p>\n<p class=\"p3\">Com um fecho de caixa seguro para maior facilidade e conforto, a Celestia \u00e9 feita para brilhar nos momentos mais memor\u00e1veis da vida - desde noites marcantes at\u00e9 \u00e0 eleg\u00e2ncia do dia a dia. Intemporal, radiante e primorosamente trabalhada, esta pulseira \u00e9 o verdadeiro luxo moderno.<\/p>","protected":false},"excerpt":{"rendered":"<p class=\"p1\">Brilho inesquec\u00edvel, capturado numa forma cl\u00e1ssica.<b><\/b><\/p>\n<p class=\"p3\">O<strong> Pulseira de t\u00e9nis com diamantes Celestia<\/strong> irradia com 10 quilates de diamantes cultivados em laborat\u00f3rio e engastados \u00e0 m\u00e3o - cada um selecionado para obter o m\u00e1ximo de brilho e simetria. Colocadas em ouro branco 18k luminoso, as pedras formam uma linha cont\u00ednua de fogo e luz que se curva elegantemente \u00e0 volta do pulso.<\/p>\n<p class=\"p3\">Com um fecho de caixa seguro para maior facilidade e conforto, a Celestia \u00e9 feita para brilhar nos momentos mais memor\u00e1veis da vida - desde noites marcantes at\u00e9 \u00e0 eleg\u00e2ncia do dia a dia. Intemporal, radiante e primorosamente trabalhada, esta pulseira \u00e9 o verdadeiro luxo moderno.<\/p>","protected":false},"featured_media":6622,"template":"","meta":{"_acf_changed":false},"product_brand":[],"product_cat":[55,1336],"product_tag":[231,237,245,242,244,243],"class_list":{"0":"post-6621","1":"product","2":"type-product","3":"status-publish","4":"has-post-thumbnail","6":"product_cat-bracelets","7":"product_cat-tennis-bracelets","8":"product_tag-bracelet","9":"product_tag-diamond-bracelet","10":"product_tag-diamond-tennis-bracelet","11":"product_tag-gold-diamond-bracelet","12":"product_tag-gold-tennis-bracelet","13":"product_tag-tennis-bracelet","14":"pa_metal-white-gold","16":"first","17":"instock","18":"taxable","19":"shipping-taxable","20":"purchasable","21":"product-type-simple"},"acf":[],"jetpack_sharing_enabled":true,"_links":{"self":[{"href":"https:\/\/lumierediamonds.eu\/pt\/wp-json\/wp\/v2\/product\/6621","targetHints":{"allow":["GET"]}}],"collection":[{"href":"https:\/\/lumierediamonds.eu\/pt\/wp-json\/wp\/v2\/product"}],"about":[{"href":"https:\/\/lumierediamonds.eu\/pt\/wp-json\/wp\/v2\/types\/product"}],"version-history":[{"count":3,"href":"https:\/\/lumierediamonds.eu\/pt\/wp-json\/wp\/v2\/product\/6621\/revisions"}],"predecessor-version":[{"id":10137,"href":"https:\/\/lumierediamonds.eu\/pt\/wp-json\/wp\/v2\/product\/6621\/revisions\/10137"}],"wp:featuredmedia":[{"embeddable":true,"href":"https:\/\/lumierediamonds.eu\/pt\/wp-json\/wp\/v2\/media\/6622"}],"wp:attachment":[{"href":"https:\/\/lumierediamonds.eu\/pt\/wp-json\/wp\/v2\/media?parent=6621"}],"wp:term":[{"taxonomy":"product_brand","embeddable":true,"href":"https:\/\/lumierediamonds.eu\/pt\/wp-json\/wp\/v2\/product_brand?post=6621"},{"taxonomy":"product_cat","embeddable":true,"href":"https:\/\/lumierediamonds.eu\/pt\/wp-json\/wp\/v2\/product_cat?post=6621"},{"taxonomy":"product_tag","embeddable":true,"href":"https:\/\/lumierediamonds.eu\/pt\/wp-json\/wp\/v2\/product_tag?post=6621"}],"curies":[{"name":"wp","href":"https:\/\/api.w.org\/{rel}","templated":true}]}}