{"id":7450,"date":"2025-01-02T18:02:43","date_gmt":"2025-01-02T17:02:43","guid":{"rendered":"https:\/\/lumierediamonds.eu\/?post_type=product&#038;p=7450"},"modified":"2025-11-23T21:04:46","modified_gmt":"2025-11-23T20:04:46","slug":"como-alianca-de-casamento","status":"publish","type":"product","link":"https:\/\/lumierediamonds.eu\/pt\/produto\/como-alianca-de-casamento\/","title":{"rendered":"Alian\u00e7a de casamento Como"},"content":{"rendered":"<p class=\"p1\">O <span class=\"s1\"><b>Alian\u00e7a de casamento Como<\/b><\/span> \u00e9 um s\u00edmbolo intemporal de amor e compromisso, concebido para eleg\u00e2ncia e conforto. Com um acabamento elegante e polido e um ajuste confort\u00e1vel unissexo, esta pulseira oferece uma utiliza\u00e7\u00e3o sem esfor\u00e7o, ao mesmo tempo que exala uma sofistica\u00e7\u00e3o tranquila.<\/p>\n<p class=\"p1\">Dispon\u00edvel em ouro amarelo, rosa ou branco de 18k, e em larguras de 2 mm a 6 mm, a pulseira Como foi criada para se adequar a todos os estilos e hist\u00f3rias. Um reflexo do para sempre, \u00e9 t\u00e3o duradouro como o amor que representa.<\/p>","protected":false},"excerpt":{"rendered":"<p class=\"p1\">O <span class=\"s1\"><b>Alian\u00e7a de casamento Como<\/b><\/span> \u00e9 um s\u00edmbolo intemporal de amor e compromisso, concebido para eleg\u00e2ncia e conforto. Com um acabamento elegante e polido e um ajuste confort\u00e1vel unissexo, esta pulseira oferece uma utiliza\u00e7\u00e3o sem esfor\u00e7o, ao mesmo tempo que exala uma sofistica\u00e7\u00e3o tranquila.<\/p>\n<p class=\"p1\">Dispon\u00edvel em ouro amarelo, rosa ou branco de 18k, e em larguras de 2 mm a 6 mm, a pulseira Como foi criada para se adequar a todos os estilos e hist\u00f3rias. Um reflexo do para sempre, \u00e9 t\u00e3o duradouro como o amor que representa.<\/p>","protected":false},"featured_media":7415,"template":"","meta":{"_acf_changed":false},"product_brand":[],"product_cat":[52,57],"product_tag":[384,277,278,280,275,276,279],"class_list":{"0":"post-7450","1":"product","2":"type-product","3":"status-publish","4":"has-post-thumbnail","6":"product_cat-rings","7":"product_cat-wedding-bands","8":"product_tag-gold-wedding-band","9":"product_tag-gold-wedding-ring","10":"product_tag-mens-wedding-ring","11":"product_tag-unisex-wedding-ring","12":"product_tag-wedding-band","13":"product_tag-wedding-ring","14":"product_tag-womens-wedding-ring","15":"pa_metal-white-gold","16":"pa_metal-yellow-gold","17":"pa_metal-platinum","19":"first","20":"instock","21":"taxable","22":"shipping-taxable","23":"purchasable","24":"product-type-variable"},"acf":[],"jetpack_sharing_enabled":true,"_links":{"self":[{"href":"https:\/\/lumierediamonds.eu\/pt\/wp-json\/wp\/v2\/product\/7450","targetHints":{"allow":["GET"]}}],"collection":[{"href":"https:\/\/lumierediamonds.eu\/pt\/wp-json\/wp\/v2\/product"}],"about":[{"href":"https:\/\/lumierediamonds.eu\/pt\/wp-json\/wp\/v2\/types\/product"}],"version-history":[{"count":2,"href":"https:\/\/lumierediamonds.eu\/pt\/wp-json\/wp\/v2\/product\/7450\/revisions"}],"predecessor-version":[{"id":10234,"href":"https:\/\/lumierediamonds.eu\/pt\/wp-json\/wp\/v2\/product\/7450\/revisions\/10234"}],"wp:featuredmedia":[{"embeddable":true,"href":"https:\/\/lumierediamonds.eu\/pt\/wp-json\/wp\/v2\/media\/7415"}],"wp:attachment":[{"href":"https:\/\/lumierediamonds.eu\/pt\/wp-json\/wp\/v2\/media?parent=7450"}],"wp:term":[{"taxonomy":"product_brand","embeddable":true,"href":"https:\/\/lumierediamonds.eu\/pt\/wp-json\/wp\/v2\/product_brand?post=7450"},{"taxonomy":"product_cat","embeddable":true,"href":"https:\/\/lumierediamonds.eu\/pt\/wp-json\/wp\/v2\/product_cat?post=7450"},{"taxonomy":"product_tag","embeddable":true,"href":"https:\/\/lumierediamonds.eu\/pt\/wp-json\/wp\/v2\/product_tag?post=7450"}],"curies":[{"name":"wp","href":"https:\/\/api.w.org\/{rel}","templated":true}]}}