{"id":7559,"date":"2025-01-03T02:37:03","date_gmt":"2025-01-03T01:37:03","guid":{"rendered":"https:\/\/lumierediamonds.eu\/?post_type=product&#038;p=7559"},"modified":"2025-11-20T18:38:39","modified_gmt":"2025-11-20T17:38:39","slug":"pendente-de-diamante-redondo-eterna","status":"publish","type":"product","link":"https:\/\/lumierediamonds.eu\/pt\/produto\/pendente-de-diamante-redondo-eterna\/","title":{"rendered":"Pingente redondo com diamante Eterna"},"content":{"rendered":"<p class=\"p1\">Intemporal e essencial, o <strong>Pingente redondo com diamante Eterna<\/strong> apresenta um \u00fanico diamante redondo brilhante cultivado em laborat\u00f3rio numa configura\u00e7\u00e3o cl\u00e1ssica de quatro pontas - concebida para permitir que a pedra seja o centro das aten\u00e7\u00f5es.<\/p>\n<p class=\"p1\">Suspenso numa fina corrente de ouro de 18 quilates em ouro amarelo ou branco \u00e0 escolha, est\u00e1 dispon\u00edvel em quilates de 0,3 ct a 3 ct. Quer seja usado sozinho ou em camadas, destaca-se por si s\u00f3, mas acrescenta um brilho sofisticado quando combinado com outras pe\u00e7as - trazendo eleg\u00e2ncia sem esfor\u00e7o tanto para os momentos do dia a dia como para ocasi\u00f5es especiais.<\/p>","protected":false},"excerpt":{"rendered":"<p class=\"p1\">Intemporal e essencial, o <strong>Pingente redondo com diamante Eterna<\/strong> apresenta um \u00fanico diamante redondo brilhante cultivado em laborat\u00f3rio numa configura\u00e7\u00e3o cl\u00e1ssica de quatro pontas - concebida para permitir que a pedra seja o centro das aten\u00e7\u00f5es.<\/p>\n<p class=\"p1\">Suspenso numa fina corrente de ouro de 18 quilates em ouro amarelo ou branco \u00e0 escolha, est\u00e1 dispon\u00edvel em quilates de 0,3 ct a 3 ct. Quer seja usado sozinho ou em camadas, destaca-se por si s\u00f3, mas acrescenta um brilho sofisticado quando combinado com outras pe\u00e7as - trazendo eleg\u00e2ncia sem esfor\u00e7o tanto para os momentos do dia a dia como para ocasi\u00f5es especiais.<\/p>","protected":false},"featured_media":7591,"template":"","meta":{"_acf_changed":false},"product_brand":[],"product_cat":[552,53],"product_tag":[297,298,299,296,294,295,303,302],"class_list":{"0":"post-7559","1":"product","2":"type-product","3":"status-publish","4":"has-post-thumbnail","6":"product_cat-diamond-essentials","7":"product_cat-necklaces-pendants","8":"product_tag-diamond-necklace","9":"product_tag-gold-diamond-necklace","10":"product_tag-gold-diamond-pendant","11":"product_tag-gold-necklace","12":"product_tag-necklace","13":"product_tag-pendant","14":"product_tag-solitaire-necklace","15":"product_tag-solitaire-pendant","16":"pa_metal-white-gold","17":"pa_metal-yellow-gold","19":"first","20":"instock","21":"featured","22":"taxable","23":"shipping-taxable","24":"purchasable","25":"product-type-variable"},"acf":[],"jetpack_sharing_enabled":true,"_links":{"self":[{"href":"https:\/\/lumierediamonds.eu\/pt\/wp-json\/wp\/v2\/product\/7559","targetHints":{"allow":["GET"]}}],"collection":[{"href":"https:\/\/lumierediamonds.eu\/pt\/wp-json\/wp\/v2\/product"}],"about":[{"href":"https:\/\/lumierediamonds.eu\/pt\/wp-json\/wp\/v2\/types\/product"}],"version-history":[{"count":4,"href":"https:\/\/lumierediamonds.eu\/pt\/wp-json\/wp\/v2\/product\/7559\/revisions"}],"predecessor-version":[{"id":11470,"href":"https:\/\/lumierediamonds.eu\/pt\/wp-json\/wp\/v2\/product\/7559\/revisions\/11470"}],"wp:featuredmedia":[{"embeddable":true,"href":"https:\/\/lumierediamonds.eu\/pt\/wp-json\/wp\/v2\/media\/7591"}],"wp:attachment":[{"href":"https:\/\/lumierediamonds.eu\/pt\/wp-json\/wp\/v2\/media?parent=7559"}],"wp:term":[{"taxonomy":"product_brand","embeddable":true,"href":"https:\/\/lumierediamonds.eu\/pt\/wp-json\/wp\/v2\/product_brand?post=7559"},{"taxonomy":"product_cat","embeddable":true,"href":"https:\/\/lumierediamonds.eu\/pt\/wp-json\/wp\/v2\/product_cat?post=7559"},{"taxonomy":"product_tag","embeddable":true,"href":"https:\/\/lumierediamonds.eu\/pt\/wp-json\/wp\/v2\/product_tag?post=7559"}],"curies":[{"name":"wp","href":"https:\/\/api.w.org\/{rel}","templated":true}]}}