{"id":7749,"date":"2025-01-04T12:23:24","date_gmt":"2025-01-04T11:23:24","guid":{"rendered":"https:\/\/lumierediamonds.eu\/?post_type=product&#038;p=7749"},"modified":"2025-12-10T14:12:43","modified_gmt":"2025-12-10T13:12:43","slug":"pulseira-com-clipes-de-papel-em-dois-tons-com-diamantes-aurora","status":"publish","type":"product","link":"https:\/\/lumierediamonds.eu\/pt\/produto\/pulseira-com-clipes-de-papel-em-dois-tons-com-diamantes-aurora\/","title":{"rendered":"Pulseira Aurora com clipes de papel em dois tons e diamantes"},"content":{"rendered":"<p class=\"p1\">Um cl\u00e1ssico moderno com contraste e personalidade.<\/p>\n<p class=\"p1\"><b><\/b>O <strong>Pulseira Aurora com clipes de papel em dois tons e diamantes<\/strong> Reimagina o design intemporal do t\u00e9nis com um toque arrojado em dois tons. Uma fileira luminosa de diamantes cultivados em laborat\u00f3rio \u2013 totalizando 1,0 quilate \u2013 contrasta elegantemente com os elos em ouro amarelo 18k polido, criando um jogo impressionante de brilho e estrutura.<\/p>\n<p class=\"p2\">A sua silhueta em metal misto oferece versatilidade sem esfor\u00e7o, combinando facilmente com pe\u00e7as b\u00e1sicas em tons prateados, assim como com as suas pe\u00e7as favoritas em ouro. Com um fecho de lagosta seguro, Aurora traz um equil\u00edbrio moderno ao seu guarda-roupa de joias \u2013 refinado por si s\u00f3, radiante quando combinado com outras pe\u00e7as.<\/p>","protected":false},"excerpt":{"rendered":"<p class=\"p1\">Um cl\u00e1ssico moderno com contraste e personalidade.<\/p>\n<p class=\"p1\"><b><\/b>O <strong>Pulseira Aurora com clipes de papel em dois tons e diamantes<\/strong> Reimagina o design intemporal do t\u00e9nis com um toque arrojado em dois tons. Uma fileira luminosa de diamantes cultivados em laborat\u00f3rio \u2014 totalizando 1,0 quilate \u2014 contrasta elegantemente com os elos polidos em ouro amarelo 18k, criando um jogo impressionante de brilho e estrutura.<\/p>\n<p class=\"p2\">A sua silhueta em metal misto oferece versatilidade sem esfor\u00e7o, combinando facilmente com pe\u00e7as b\u00e1sicas em tons prateados, assim como com as suas pe\u00e7as favoritas em ouro. Com um fecho de lagosta seguro, Aurora traz um equil\u00edbrio moderno ao seu guarda-roupa de joias \u2014 refinado por si s\u00f3, radiante quando combinado com outras pe\u00e7as.<\/p>","protected":false},"featured_media":7750,"template":"","meta":{"_acf_changed":false},"product_brand":[],"product_cat":[55,1379,1336],"product_tag":[231,237,235,243],"class_list":{"0":"post-7749","1":"product","2":"type-product","3":"status-publish","4":"has-post-thumbnail","6":"product_cat-bracelets","7":"product_cat-paperclip-bracelets","8":"product_cat-tennis-bracelets","9":"product_tag-bracelet","10":"product_tag-diamond-bracelet","11":"product_tag-paperclip-bracelet","12":"product_tag-tennis-bracelet","14":"first","15":"instock","16":"featured","17":"taxable","18":"shipping-taxable","19":"purchasable","20":"product-type-simple"},"acf":[],"jetpack_sharing_enabled":true,"_links":{"self":[{"href":"https:\/\/lumierediamonds.eu\/pt\/wp-json\/wp\/v2\/product\/7749","targetHints":{"allow":["GET"]}}],"collection":[{"href":"https:\/\/lumierediamonds.eu\/pt\/wp-json\/wp\/v2\/product"}],"about":[{"href":"https:\/\/lumierediamonds.eu\/pt\/wp-json\/wp\/v2\/types\/product"}],"version-history":[{"count":4,"href":"https:\/\/lumierediamonds.eu\/pt\/wp-json\/wp\/v2\/product\/7749\/revisions"}],"predecessor-version":[{"id":11508,"href":"https:\/\/lumierediamonds.eu\/pt\/wp-json\/wp\/v2\/product\/7749\/revisions\/11508"}],"wp:featuredmedia":[{"embeddable":true,"href":"https:\/\/lumierediamonds.eu\/pt\/wp-json\/wp\/v2\/media\/7750"}],"wp:attachment":[{"href":"https:\/\/lumierediamonds.eu\/pt\/wp-json\/wp\/v2\/media?parent=7749"}],"wp:term":[{"taxonomy":"product_brand","embeddable":true,"href":"https:\/\/lumierediamonds.eu\/pt\/wp-json\/wp\/v2\/product_brand?post=7749"},{"taxonomy":"product_cat","embeddable":true,"href":"https:\/\/lumierediamonds.eu\/pt\/wp-json\/wp\/v2\/product_cat?post=7749"},{"taxonomy":"product_tag","embeddable":true,"href":"https:\/\/lumierediamonds.eu\/pt\/wp-json\/wp\/v2\/product_tag?post=7749"}],"curies":[{"name":"wp","href":"https:\/\/api.w.org\/{rel}","templated":true}]}}