{"id":7767,"date":"2025-01-04T13:08:45","date_gmt":"2025-01-04T12:08:45","guid":{"rendered":"https:\/\/lumierediamonds.eu\/?post_type=product&#038;p=7767"},"modified":"2025-12-10T14:08:46","modified_gmt":"2025-12-10T13:08:46","slug":"a-pulseira-de-diamantes-iconica","status":"publish","type":"product","link":"https:\/\/lumierediamonds.eu\/pt\/produto\/a-pulseira-de-diamantes-iconica\/","title":{"rendered":"A pulseira de t\u00e9nis Icon Diamond"},"content":{"rendered":"<p class=\"p1\">Intemporal, com um toque contempor\u00e2neo.<b><\/b><\/p>\n<p class=\"p3\"><strong>A pulseira de t\u00e9nis Icon Diamond<\/strong> apresenta 2 quilates de diamantes brilhantes cultivados em laborat\u00f3rio, cada um deles engastado num design cl\u00e1ssico de quatro pontas para refletir a luz e real\u00e7ar o brilho. Trabalhado em ouro branco 18k luminoso, a estrutura fina e flex\u00edvel move-se naturalmente com o seu pulso para um ajuste confort\u00e1vel durante todo o dia. Um fecho de caixa seguro mant\u00e9m-no no lugar, tornando-o t\u00e3o pr\u00e1tico quanto elegante.<\/p>\n<p class=\"p3\">Esta \u00e9 a pulseira de t\u00e9nis no seu melhor: refinada, radiante e infinitamente vers\u00e1til. Use-a sozinha para um toque subtil ou combine-a com outras pe\u00e7as para elevar qualquer look.<\/p>","protected":false},"excerpt":{"rendered":"<p class=\"p1\">Intemporal, com um toque contempor\u00e2neo.<b><\/b><\/p>\n<p class=\"p3\"><strong>A pulseira de t\u00e9nis Icon Diamond<\/strong> apresenta 2 quilates de diamantes brilhantes cultivados em laborat\u00f3rio, cada um deles engastado num design cl\u00e1ssico de quatro pontas para refletir a luz e real\u00e7ar o brilho. Trabalhado em ouro branco 18k luminoso, a estrutura fina e flex\u00edvel move-se naturalmente com o seu pulso para um ajuste confort\u00e1vel durante todo o dia. Um fecho de caixa seguro mant\u00e9m-no no lugar, tornando-o t\u00e3o pr\u00e1tico quanto elegante.<\/p>\n<p class=\"p3\">Esta \u00e9 a pulseira de t\u00e9nis no seu melhor: refinada, radiante e infinitamente vers\u00e1til. Use-a sozinha para um toque subtil ou combine-a com outras pe\u00e7as para elevar qualquer look.<\/p>","protected":false},"featured_media":7768,"template":"","meta":{"_acf_changed":false},"product_brand":[],"product_cat":[55,1336],"product_tag":[369,231,368,237,245,367,366,362,364,365,243,363],"class_list":{"0":"post-7767","1":"product","2":"type-product","3":"status-publish","4":"has-post-thumbnail","6":"product_cat-bracelets","7":"product_cat-tennis-bracelets","8":"product_tag-2-carat-bracelet","9":"product_tag-bracelet","10":"product_tag-classic-tennis-bracelet","11":"product_tag-diamond-bracelet","12":"product_tag-diamond-tennis-bracelet","13":"product_tag-elegant-bracelets","14":"product_tag-everyday-luxury","15":"product_tag-four-prong-bracelet","16":"product_tag-lab-grown-diamonds","17":"product_tag-minimalist-bracelet","18":"product_tag-tennis-bracelet","19":"product_tag-white-gold-bracelet","20":"pa_metal-white-gold","22":"first","23":"instock","24":"taxable","25":"shipping-taxable","26":"purchasable","27":"product-type-simple"},"acf":[],"jetpack_sharing_enabled":true,"_links":{"self":[{"href":"https:\/\/lumierediamonds.eu\/pt\/wp-json\/wp\/v2\/product\/7767","targetHints":{"allow":["GET"]}}],"collection":[{"href":"https:\/\/lumierediamonds.eu\/pt\/wp-json\/wp\/v2\/product"}],"about":[{"href":"https:\/\/lumierediamonds.eu\/pt\/wp-json\/wp\/v2\/types\/product"}],"version-history":[{"count":4,"href":"https:\/\/lumierediamonds.eu\/pt\/wp-json\/wp\/v2\/product\/7767\/revisions"}],"predecessor-version":[{"id":11530,"href":"https:\/\/lumierediamonds.eu\/pt\/wp-json\/wp\/v2\/product\/7767\/revisions\/11530"}],"wp:featuredmedia":[{"embeddable":true,"href":"https:\/\/lumierediamonds.eu\/pt\/wp-json\/wp\/v2\/media\/7768"}],"wp:attachment":[{"href":"https:\/\/lumierediamonds.eu\/pt\/wp-json\/wp\/v2\/media?parent=7767"}],"wp:term":[{"taxonomy":"product_brand","embeddable":true,"href":"https:\/\/lumierediamonds.eu\/pt\/wp-json\/wp\/v2\/product_brand?post=7767"},{"taxonomy":"product_cat","embeddable":true,"href":"https:\/\/lumierediamonds.eu\/pt\/wp-json\/wp\/v2\/product_cat?post=7767"},{"taxonomy":"product_tag","embeddable":true,"href":"https:\/\/lumierediamonds.eu\/pt\/wp-json\/wp\/v2\/product_tag?post=7767"}],"curies":[{"name":"wp","href":"https:\/\/api.w.org\/{rel}","templated":true}]}}