{"id":8073,"date":"2025-01-09T01:30:04","date_gmt":"2025-01-09T00:30:04","guid":{"rendered":"https:\/\/lumierediamonds.eu\/?post_type=product&#038;p=8073"},"modified":"2025-08-06T11:12:05","modified_gmt":"2025-08-06T09:12:05","slug":"alianca-com-diamantes-em-espiral","status":"publish","type":"product","link":"https:\/\/lumierediamonds.eu\/pt\/produto\/alianca-com-diamantes-em-espiral\/","title":{"rendered":"Alian\u00e7a com diamantes torcidos"},"content":{"rendered":"<p class=\"p1\">Elegante e simb\u00f3lico, o <strong>Alian\u00e7a com diamantes torcidos<\/strong> apresenta uma silhueta graciosa inspirada no infinito, que representa uni\u00e3o e amor eterno. Feito em ouro branco ou rosa 18k, \u00e0 sua escolha, \u00e9 adornado com 0,20 quilates de diamantes micropav\u00e9 cultivados em laborat\u00f3rio \u2014 delicadamente engastados para criar um brilho suave e cont\u00ednuo.<\/p>\n<p class=\"p1\">Uma express\u00e3o intemporal de liga\u00e7\u00e3o, esta alian\u00e7a \u00e9 perfeita como anel de casamento, presente de anivers\u00e1rio ou uma adi\u00e7\u00e3o significativa ao seu conjunto de joias do dia a dia. O seu perfil fino garante conforto, enquanto o design entrela\u00e7ado adiciona um toque refinado a qualquer cole\u00e7\u00e3o de joias.<\/p>","protected":false},"excerpt":{"rendered":"<p class=\"p1\">Elegante e simb\u00f3lico, o <strong>Alian\u00e7a com diamantes torcidos<\/strong> apresenta uma silhueta graciosa inspirada no infinito, que representa uni\u00e3o e amor eterno. Feito em ouro branco ou rosa 18k, \u00e0 sua escolha, \u00e9 adornado com 0,20 quilates de diamantes micropav\u00e9 cultivados em laborat\u00f3rio \u2014 delicadamente engastados para criar um brilho suave e cont\u00ednuo.<\/p>\n<p class=\"p1\">Uma express\u00e3o intemporal de liga\u00e7\u00e3o, esta alian\u00e7a \u00e9 perfeita como anel de casamento, presente de anivers\u00e1rio ou uma adi\u00e7\u00e3o significativa ao seu conjunto de joias do dia a dia. O seu perfil fino garante conforto, enquanto o design entrela\u00e7ado adiciona um toque refinado a qualquer cole\u00e7\u00e3o de joias.<\/p>","protected":false},"featured_media":8074,"template":"","meta":{"_acf_changed":false},"product_brand":[],"product_cat":[58,251,52,57],"product_tag":[460,459,410,412,457,458,464,256,461,463,462],"class_list":{"0":"post-8073","1":"product","2":"type-product","3":"status-publish","4":"has-post-thumbnail","6":"product_cat-casual-rings","7":"product_cat-eternity-bands","8":"product_cat-rings","9":"product_cat-wedding-bands","10":"product_tag-18k-rose-gold-wedding-band","11":"product_tag-18k-white-gold-diamond-ring","12":"product_tag-elegant-diamond-ring","13":"product_tag-fine-jewelry-for-women","14":"product_tag-infinity-diamond-band","15":"product_tag-infinity-wedding-ring","16":"product_tag-infinity-inspired-jewelry","17":"product_tag-lab-grown-diamond-ring","18":"product_tag-micropave-diamond-band","19":"product_tag-modern-diamond-band","20":"product_tag-timeless-wedding-band","21":"pa_metal-rose-gold","22":"pa_metal-white-gold","24":"first","25":"instock","26":"taxable","27":"shipping-taxable","28":"purchasable","29":"product-type-variable"},"acf":[],"jetpack_sharing_enabled":true,"_links":{"self":[{"href":"https:\/\/lumierediamonds.eu\/pt\/wp-json\/wp\/v2\/product\/8073","targetHints":{"allow":["GET"]}}],"collection":[{"href":"https:\/\/lumierediamonds.eu\/pt\/wp-json\/wp\/v2\/product"}],"about":[{"href":"https:\/\/lumierediamonds.eu\/pt\/wp-json\/wp\/v2\/types\/product"}],"version-history":[{"count":3,"href":"https:\/\/lumierediamonds.eu\/pt\/wp-json\/wp\/v2\/product\/8073\/revisions"}],"predecessor-version":[{"id":10214,"href":"https:\/\/lumierediamonds.eu\/pt\/wp-json\/wp\/v2\/product\/8073\/revisions\/10214"}],"wp:featuredmedia":[{"embeddable":true,"href":"https:\/\/lumierediamonds.eu\/pt\/wp-json\/wp\/v2\/media\/8074"}],"wp:attachment":[{"href":"https:\/\/lumierediamonds.eu\/pt\/wp-json\/wp\/v2\/media?parent=8073"}],"wp:term":[{"taxonomy":"product_brand","embeddable":true,"href":"https:\/\/lumierediamonds.eu\/pt\/wp-json\/wp\/v2\/product_brand?post=8073"},{"taxonomy":"product_cat","embeddable":true,"href":"https:\/\/lumierediamonds.eu\/pt\/wp-json\/wp\/v2\/product_cat?post=8073"},{"taxonomy":"product_tag","embeddable":true,"href":"https:\/\/lumierediamonds.eu\/pt\/wp-json\/wp\/v2\/product_tag?post=8073"}],"curies":[{"name":"wp","href":"https:\/\/api.w.org\/{rel}","templated":true}]}}