{"id":8101,"date":"2025-01-09T02:14:31","date_gmt":"2025-01-09T01:14:31","guid":{"rendered":"https:\/\/lumierediamonds.eu\/?post_type=product&#038;p=8101"},"modified":"2025-09-30T18:40:41","modified_gmt":"2025-09-30T16:40:41","slug":"pulseira-de-diamantes-com-pave-triplo","status":"publish","type":"product","link":"https:\/\/lumierediamonds.eu\/pt\/produto\/pulseira-de-diamantes-com-pave-triplo\/","title":{"rendered":"Alian\u00e7a com pav\u00e9 triplo de diamantes"},"content":{"rendered":"<p class=\"p1\"><span class=\"s1\">O<b> Alian\u00e7a com pav\u00e9 triplo de diamantes<\/b><\/span> \u00e9 uma celebra\u00e7\u00e3o do brilho suave. Com tr\u00eas filas meticulosamente colocadas de diamantes micropav\u00e9 cultivados em laborat\u00f3rio, este design proporciona um brilho radiante numa silhueta fina e confort\u00e1vel.<\/p>\n<p class=\"p1\">Fabricada em ouro amarelo, branco ou rosa de 18k, a pulseira totaliza 0,34 quilates e foi concebida para captar a luz em cada movimento. Quer seja usada a solo para um look subtil e polido ou empilhada para uma textura adicional, \u00e9 a escolha ideal para uma alian\u00e7a de casamento, prenda de anivers\u00e1rio ou uma pe\u00e7a do dia a dia com um glamour tranquilo.<\/p>","protected":false},"excerpt":{"rendered":"<p class=\"p1\"><span class=\"s1\">O<b> Alian\u00e7a com pav\u00e9 triplo de diamantes<\/b><\/span> \u00e9 uma celebra\u00e7\u00e3o do brilho suave. Com tr\u00eas filas meticulosamente colocadas de diamantes micropav\u00e9 cultivados em laborat\u00f3rio, este design proporciona um brilho radiante numa silhueta fina e confort\u00e1vel.<\/p>\n<p class=\"p1\">Fabricada em ouro amarelo, branco ou rosa de 18k, a pulseira totaliza 0,33 quilates e foi concebida para captar a luz em cada movimento. Quer seja usada a solo para um look subtil e polido ou empilhada para uma textura adicional, \u00e9 a escolha ideal para uma alian\u00e7a de casamento, prenda de anivers\u00e1rio ou uma pe\u00e7a do dia a dia com um glamour discreto.<\/p>","protected":false},"featured_media":8103,"template":"","meta":{"_acf_changed":false},"product_brand":[],"product_cat":[58,251,23,52,57],"product_tag":[452,477,476,291,252,412,256,479,474,472,478,475],"class_list":{"0":"post-8101","1":"product","2":"type-product","3":"status-publish","4":"has-post-thumbnail","6":"product_cat-casual-rings","7":"product_cat-eternity-bands","8":"product_cat-love-engagement","9":"product_cat-rings","10":"product_cat-wedding-bands","11":"product_tag-18k-yellow-gold-ring","12":"product_tag-anniversary-diamond-band","13":"product_tag-elegant-wedding-ring","14":"product_tag-eternity-band","15":"product_tag-eternity-ring","16":"product_tag-fine-jewelry-for-women","17":"product_tag-lab-grown-diamond-ring","18":"product_tag-luxury-wedding-jewelry","19":"product_tag-micropave-diamond-wedding-band","20":"product_tag-modern-diamond-jewelry","21":"product_tag-stacking-diamond-ring","22":"product_tag-trio-diamond-band","23":"pa_metal-yellow-gold","25":"first","26":"instock","27":"featured","28":"taxable","29":"shipping-taxable","30":"purchasable","31":"product-type-variable"},"acf":[],"jetpack_sharing_enabled":true,"_links":{"self":[{"href":"https:\/\/lumierediamonds.eu\/pt\/wp-json\/wp\/v2\/product\/8101","targetHints":{"allow":["GET"]}}],"collection":[{"href":"https:\/\/lumierediamonds.eu\/pt\/wp-json\/wp\/v2\/product"}],"about":[{"href":"https:\/\/lumierediamonds.eu\/pt\/wp-json\/wp\/v2\/types\/product"}],"version-history":[{"count":5,"href":"https:\/\/lumierediamonds.eu\/pt\/wp-json\/wp\/v2\/product\/8101\/revisions"}],"predecessor-version":[{"id":11326,"href":"https:\/\/lumierediamonds.eu\/pt\/wp-json\/wp\/v2\/product\/8101\/revisions\/11326"}],"wp:featuredmedia":[{"embeddable":true,"href":"https:\/\/lumierediamonds.eu\/pt\/wp-json\/wp\/v2\/media\/8103"}],"wp:attachment":[{"href":"https:\/\/lumierediamonds.eu\/pt\/wp-json\/wp\/v2\/media?parent=8101"}],"wp:term":[{"taxonomy":"product_brand","embeddable":true,"href":"https:\/\/lumierediamonds.eu\/pt\/wp-json\/wp\/v2\/product_brand?post=8101"},{"taxonomy":"product_cat","embeddable":true,"href":"https:\/\/lumierediamonds.eu\/pt\/wp-json\/wp\/v2\/product_cat?post=8101"},{"taxonomy":"product_tag","embeddable":true,"href":"https:\/\/lumierediamonds.eu\/pt\/wp-json\/wp\/v2\/product_tag?post=8101"}],"curies":[{"name":"wp","href":"https:\/\/api.w.org\/{rel}","templated":true}]}}