{"id":8154,"date":"2025-01-09T12:10:57","date_gmt":"2025-01-09T11:10:57","guid":{"rendered":"https:\/\/lumierediamonds.eu\/?post_type=product&#038;p=8154"},"modified":"2025-08-18T16:27:58","modified_gmt":"2025-08-18T14:27:58","slug":"fita-de-bordo","status":"publish","type":"product","link":"https:\/\/lumierediamonds.eu\/pt\/produto\/fita-de-bordo\/","title":{"rendered":"Banda de borda"},"content":{"rendered":"<p class=\"p1\">Impressionante e moderno, o <strong>Banda de borda<\/strong> \u00e9 definido pelo seu arrojado motivo em pir\u00e2mide, trazendo textura e dimens\u00e3o a uma silhueta intemporal. Com o seu design escultural e elegante, este anel capta a luz de forma maravilhosa, oferecendo um toque contempor\u00e2neo e mantendo uma sofistica\u00e7\u00e3o sem esfor\u00e7o.<\/p>\n<p class=\"p1\">Fabricada em ouro amarelo, branco ou rosa de 18 quilates, bem como em platina, a Edge Band \u00e9 suficientemente vers\u00e1til para ser usada a solo como uma pe\u00e7a de afirma\u00e7\u00e3o ou empilhada com os seus an\u00e9is favoritos para um visual distinto em camadas. Minimalista mas ousada, foi concebida para a utilizadora moderna que valoriza o estilo e os pormenores.<\/p>","protected":false},"excerpt":{"rendered":"<p class=\"p1\">Impressionante e moderno, o <strong>Banda de borda<\/strong> \u00e9 definido pelo seu arrojado motivo em pir\u00e2mide, trazendo textura e dimens\u00e3o a uma silhueta intemporal. Com o seu design escultural e elegante, este anel capta a luz de forma maravilhosa, oferecendo um toque contempor\u00e2neo e mantendo uma sofistica\u00e7\u00e3o sem esfor\u00e7o.<\/p>\n<p class=\"p1\">Fabricada em ouro amarelo, branco ou rosa de 18 quilates, bem como em platina, a Edge Band \u00e9 suficientemente vers\u00e1til para ser usada a solo como uma pe\u00e7a de afirma\u00e7\u00e3o ou empilhada com os seus an\u00e9is favoritos para um visual distinto em camadas. Minimalista mas ousada, foi concebida para a utilizadora moderna que valoriza o estilo e os pormenores.<\/p>","protected":false},"featured_media":8162,"template":"","meta":{"_acf_changed":false},"product_brand":[],"product_cat":[23,52,57],"product_tag":[502,495,519,520,501,497,505,503,518,522,521,523,462],"class_list":{"0":"post-8154","1":"product","2":"type-product","3":"status-publish","4":"has-post-thumbnail","6":"product_cat-love-engagement","7":"product_cat-rings","8":"product_cat-wedding-bands","9":"product_tag-18k-gold-band","10":"product_tag-18k-white-gold-band","11":"product_tag-geometric-ring","12":"product_tag-geometric-wedding-band","13":"product_tag-minimalist-wedding-ring","14":"product_tag-modern-wedding-band","15":"product_tag-platinum-wedding-band","16":"product_tag-platinum-wedding-ring","17":"product_tag-pyramid-ring","18":"product_tag-satin-gold-wedding-band","19":"product_tag-satin-wedding-band","20":"product_tag-satin-wedding-ring","21":"product_tag-timeless-wedding-band","22":"pa_metal-rose-gold","23":"pa_metal-white-gold","24":"pa_metal-yellow-gold","25":"pa_metal-platinum","27":"first","28":"instock","29":"taxable","30":"shipping-taxable","31":"purchasable","32":"product-type-variable"},"acf":[],"jetpack_sharing_enabled":true,"_links":{"self":[{"href":"https:\/\/lumierediamonds.eu\/pt\/wp-json\/wp\/v2\/product\/8154","targetHints":{"allow":["GET"]}}],"collection":[{"href":"https:\/\/lumierediamonds.eu\/pt\/wp-json\/wp\/v2\/product"}],"about":[{"href":"https:\/\/lumierediamonds.eu\/pt\/wp-json\/wp\/v2\/types\/product"}],"version-history":[{"count":3,"href":"https:\/\/lumierediamonds.eu\/pt\/wp-json\/wp\/v2\/product\/8154\/revisions"}],"predecessor-version":[{"id":10241,"href":"https:\/\/lumierediamonds.eu\/pt\/wp-json\/wp\/v2\/product\/8154\/revisions\/10241"}],"wp:featuredmedia":[{"embeddable":true,"href":"https:\/\/lumierediamonds.eu\/pt\/wp-json\/wp\/v2\/media\/8162"}],"wp:attachment":[{"href":"https:\/\/lumierediamonds.eu\/pt\/wp-json\/wp\/v2\/media?parent=8154"}],"wp:term":[{"taxonomy":"product_brand","embeddable":true,"href":"https:\/\/lumierediamonds.eu\/pt\/wp-json\/wp\/v2\/product_brand?post=8154"},{"taxonomy":"product_cat","embeddable":true,"href":"https:\/\/lumierediamonds.eu\/pt\/wp-json\/wp\/v2\/product_cat?post=8154"},{"taxonomy":"product_tag","embeddable":true,"href":"https:\/\/lumierediamonds.eu\/pt\/wp-json\/wp\/v2\/product_tag?post=8154"}],"curies":[{"name":"wp","href":"https:\/\/api.w.org\/{rel}","templated":true}]}}