{"id":8618,"date":"2025-06-10T16:19:11","date_gmt":"2025-06-10T14:19:11","guid":{"rendered":"https:\/\/lumierediamonds.eu\/?post_type=product&#038;p=8618"},"modified":"2025-11-24T18:11:48","modified_gmt":"2025-11-24T17:11:48","slug":"pulseira-de-tenis-roma-oval-com-diamantes-engastados","status":"publish","type":"product","link":"https:\/\/lumierediamonds.eu\/pt\/produto\/pulseira-de-tenis-roma-oval-com-diamantes-engastados\/","title":{"rendered":"Pulseira Roma com diamantes em bisel oval"},"content":{"rendered":"<p class=\"p1\">Um design inspirado no patrim\u00f3nio reimaginado para a vida moderna - gracioso, pr\u00e1tico e infinitamente us\u00e1vel.<b><\/b><\/p>\n<p class=\"p2\">O <span class=\"s1\"><b>Pulseira de t\u00e9nis Roma com corte oval<\/b><\/span> apresenta uma linha cont\u00ednua de diamantes cultivados em laborat\u00f3rio de corte oval, cada um colocado em moldes suaves para uma alternativa segura e de baixa manuten\u00e7\u00e3o \u00e0s configura\u00e7\u00f5es tradicionais de pinos - ideal para aqueles com estilos de vida activos ou que preferem uma eleg\u00e2ncia sem esfor\u00e7o.<\/p>\n<p class=\"p2\">O seu design discreto n\u00e3o s\u00f3 protege cada diamante, como tamb\u00e9m confere um subtil encanto vintage, elevado por uma silhueta limpa e moderna. Dispon\u00edvel em ouro branco, amarelo ou rosa de 18 quilates e presa com um discreto fecho de caixa, a <span class=\"s1\">Pulseira Roma<\/span> acrescenta um toque refinado, quer seja utilizado sozinho ou em camadas.<\/p>","protected":false},"excerpt":{"rendered":"<p class=\"p1\">Um design inspirado no patrim\u00f3nio reimaginado para a vida moderna - gracioso, pr\u00e1tico e infinitamente us\u00e1vel.<b><\/b><\/p>\n<p class=\"p2\">O <span class=\"s1\"><b>Pulseira de t\u00e9nis Roma com corte oval<\/b><\/span> apresenta uma linha cont\u00ednua de diamantes cultivados em laborat\u00f3rio de corte oval, cada um colocado em moldes suaves para uma alternativa segura e de baixa manuten\u00e7\u00e3o \u00e0s configura\u00e7\u00f5es tradicionais de pinos - ideal para aqueles com estilos de vida activos ou que preferem uma eleg\u00e2ncia sem esfor\u00e7o.<\/p>\n<p class=\"p2\">O seu design discreto n\u00e3o s\u00f3 protege cada diamante, como tamb\u00e9m confere um subtil encanto vintage, elevado por uma silhueta limpa e moderna. Dispon\u00edvel em ouro branco, amarelo ou rosa de 18 quilates e presa com um discreto fecho de caixa, a <span class=\"s1\">Pulseira Roma<\/span> acrescenta um toque refinado, quer seja utilizado sozinho ou em camadas.<\/p>","protected":false},"featured_media":8711,"template":"","meta":{"_acf_changed":false},"product_brand":[],"product_cat":[55],"product_tag":[653,603,656,607,654,655,590,250,657,593],"class_list":{"0":"post-8618","1":"product","2":"type-product","3":"status-publish","4":"has-post-thumbnail","6":"product_cat-bracelets","7":"product_tag-18k-gold-tennis-bracelet","8":"product_tag-bezel-set-diamond-bracelet","9":"product_tag-elegant-tennis-bracelet","10":"product_tag-gold-and-diamond-bracelet","11":"product_tag-lab-grown-diamond-tennis-bracelet","12":"product_tag-luxury-fine-jewelry","13":"product_tag-modern-diamond-bracelet","14":"product_tag-oval-diamond-bracelet","15":"product_tag-roma-collection","16":"product_tag-statement-diamond-bracelet","17":"pa_metal-rose-gold","18":"pa_metal-white-gold","19":"pa_metal-yellow-gold","21":"first","22":"instock","23":"taxable","24":"shipping-taxable","25":"purchasable","26":"product-type-variable"},"acf":[],"jetpack_sharing_enabled":true,"_links":{"self":[{"href":"https:\/\/lumierediamonds.eu\/pt\/wp-json\/wp\/v2\/product\/8618","targetHints":{"allow":["GET"]}}],"collection":[{"href":"https:\/\/lumierediamonds.eu\/pt\/wp-json\/wp\/v2\/product"}],"about":[{"href":"https:\/\/lumierediamonds.eu\/pt\/wp-json\/wp\/v2\/types\/product"}],"version-history":[{"count":7,"href":"https:\/\/lumierediamonds.eu\/pt\/wp-json\/wp\/v2\/product\/8618\/revisions"}],"predecessor-version":[{"id":11519,"href":"https:\/\/lumierediamonds.eu\/pt\/wp-json\/wp\/v2\/product\/8618\/revisions\/11519"}],"wp:featuredmedia":[{"embeddable":true,"href":"https:\/\/lumierediamonds.eu\/pt\/wp-json\/wp\/v2\/media\/8711"}],"wp:attachment":[{"href":"https:\/\/lumierediamonds.eu\/pt\/wp-json\/wp\/v2\/media?parent=8618"}],"wp:term":[{"taxonomy":"product_brand","embeddable":true,"href":"https:\/\/lumierediamonds.eu\/pt\/wp-json\/wp\/v2\/product_brand?post=8618"},{"taxonomy":"product_cat","embeddable":true,"href":"https:\/\/lumierediamonds.eu\/pt\/wp-json\/wp\/v2\/product_cat?post=8618"},{"taxonomy":"product_tag","embeddable":true,"href":"https:\/\/lumierediamonds.eu\/pt\/wp-json\/wp\/v2\/product_tag?post=8618"}],"curies":[{"name":"wp","href":"https:\/\/api.w.org\/{rel}","templated":true}]}}