{"id":8950,"date":"2025-06-17T00:28:39","date_gmt":"2025-06-16T22:28:39","guid":{"rendered":"https:\/\/lumierediamonds.eu\/product\/the-gala-diamond-crossover-ring\/"},"modified":"2025-12-12T17:40:07","modified_gmt":"2025-12-12T16:40:07","slug":"anel-cruzado-com-diamantes-gala","status":"publish","type":"product","link":"https:\/\/lumierediamonds.eu\/pt\/produto\/anel-cruzado-com-diamantes-gala\/","title":{"rendered":"Anel Crossover Gala Diamond"},"content":{"rendered":"<p class=\"p1\"><span class=\"s1\">O<b> Anel Crossover Gala Diamond<\/b><\/span> apresenta duas faixas entrela\u00e7adas de diamantes cultivados em laborat\u00f3rio com crava\u00e7\u00e3o pav\u00e9 \u2014 uma com uma \u00fanica fileira e a outra com duas \u2014 para um visual em camadas que capta a luz de todos os \u00e2ngulos. Trabalhada em ouro 18k polido, a silhueta cruzada adiciona profundidade e movimento, equilibrando o estilo moderno com a eleg\u00e2ncia intemporal.<\/p>\n<p class=\"p1\">Quer seja usada para elevar o seu dia a dia ou como uma pe\u00e7a marcante, a Gala traz brilho ousado e charme gracioso ao seu guarda-roupa de joias.<\/p>","protected":false},"excerpt":{"rendered":"<p class=\"p1\"><span class=\"s1\">O<b> Anel Crossover Gala Diamond<\/b><\/span> apresenta duas faixas entrela\u00e7adas de diamantes cultivados em laborat\u00f3rio com crava\u00e7\u00e3o pav\u00e9 \u2014 uma com uma \u00fanica fileira e a outra com duas \u2014 para um visual em camadas que capta a luz de todos os \u00e2ngulos. Trabalhada em ouro 18k polido, a silhueta cruzada adiciona profundidade e movimento, equilibrando o estilo moderno com a eleg\u00e2ncia intemporal.<\/p>\n<p class=\"p1\">Quer seja usada para elevar o seu dia a dia ou como uma pe\u00e7a marcante, a Gala traz brilho ousado e charme gracioso ao seu guarda-roupa de joias.<\/p>","protected":false},"featured_media":8965,"template":"","meta":{"_acf_changed":false},"product_brand":[],"product_cat":[58,52],"product_tag":[680,678,682,638,679,535,683,681],"class_list":{"0":"post-8950","1":"product","2":"type-product","3":"status-publish","4":"has-post-thumbnail","6":"product_cat-casual-rings","7":"product_cat-rings","8":"product_tag-18k-gold-ring","9":"product_tag-diamond-crossover-ring","10":"product_tag-elegant-ring-for-women","11":"product_tag-fine-jewelry","12":"product_tag-lab-grown-diamond-ring-2","13":"product_tag-modern-diamond-ring","14":"product_tag-stackable-rings","15":"product_tag-twisted-diamond-band","16":"pa_metal-white-gold","17":"pa_metal-yellow-gold","19":"first","20":"instock","21":"taxable","22":"shipping-taxable","23":"purchasable","24":"product-type-variable"},"acf":[],"jetpack_sharing_enabled":true,"_links":{"self":[{"href":"https:\/\/lumierediamonds.eu\/pt\/wp-json\/wp\/v2\/product\/8950","targetHints":{"allow":["GET"]}}],"collection":[{"href":"https:\/\/lumierediamonds.eu\/pt\/wp-json\/wp\/v2\/product"}],"about":[{"href":"https:\/\/lumierediamonds.eu\/pt\/wp-json\/wp\/v2\/types\/product"}],"version-history":[{"count":6,"href":"https:\/\/lumierediamonds.eu\/pt\/wp-json\/wp\/v2\/product\/8950\/revisions"}],"predecessor-version":[{"id":14382,"href":"https:\/\/lumierediamonds.eu\/pt\/wp-json\/wp\/v2\/product\/8950\/revisions\/14382"}],"wp:featuredmedia":[{"embeddable":true,"href":"https:\/\/lumierediamonds.eu\/pt\/wp-json\/wp\/v2\/media\/8965"}],"wp:attachment":[{"href":"https:\/\/lumierediamonds.eu\/pt\/wp-json\/wp\/v2\/media?parent=8950"}],"wp:term":[{"taxonomy":"product_brand","embeddable":true,"href":"https:\/\/lumierediamonds.eu\/pt\/wp-json\/wp\/v2\/product_brand?post=8950"},{"taxonomy":"product_cat","embeddable":true,"href":"https:\/\/lumierediamonds.eu\/pt\/wp-json\/wp\/v2\/product_cat?post=8950"},{"taxonomy":"product_tag","embeddable":true,"href":"https:\/\/lumierediamonds.eu\/pt\/wp-json\/wp\/v2\/product_tag?post=8950"}],"curies":[{"name":"wp","href":"https:\/\/api.w.org\/{rel}","templated":true}]}}