{"id":8952,"date":"2025-06-17T00:28:39","date_gmt":"2025-06-16T22:28:39","guid":{"rendered":"https:\/\/lumierediamonds.eu\/product\/the-riviera-diamond-drop-earrings\/"},"modified":"2025-10-24T13:21:08","modified_gmt":"2025-10-24T11:21:08","slug":"brincos-com-pingentes-em-forma-de-diamante-riviera","status":"publish","type":"product","link":"https:\/\/lumierediamonds.eu\/pt\/produto\/brincos-com-pingentes-em-forma-de-diamante-riviera\/","title":{"rendered":"Brincos Riviera Diamond Drop"},"content":{"rendered":"<p data-start=\"106\" data-end=\"444\">Impressionante sem esfor\u00e7o, o<strong data-start=\"106\" data-end=\"206\"> Brincos Riviera Diamond Drop <\/strong>traz uma nova abordagem \u00e0 eleg\u00e2ncia cl\u00e1ssica.<\/p>\n<p data-start=\"106\" data-end=\"444\">Com diamantes cultivados em laborat\u00f3rio em cascata, eles criam uma linha elegante de brilho que capta a luz a cada movimento. Feitos em ouro branco 18k, a sua silhueta alongada adiciona um brilho gracioso e fluidez a qualquer look.<\/p>\n<p data-start=\"446\" data-end=\"579\">Ideais para ocasi\u00f5es especiais ou noites elegantes, s\u00e3o pe\u00e7as intemporais, mas contempor\u00e2neas, que se destacam pela sua sofistica\u00e7\u00e3o subtil.<\/p>","protected":false},"excerpt":{"rendered":"<p data-start=\"106\" data-end=\"444\">Impressionante sem esfor\u00e7o, o<strong data-start=\"106\" data-end=\"206\"> Brincos Riviera Diamond Drop <\/strong>traz uma nova abordagem \u00e0 eleg\u00e2ncia cl\u00e1ssica.<\/p>\n<p data-start=\"106\" data-end=\"444\">Com diamantes cultivados em laborat\u00f3rio em cascata, eles criam uma linha elegante de brilho que capta a luz a cada movimento. Feitos em ouro branco 18k, a sua silhueta alongada adiciona um brilho gracioso e fluidez a qualquer look.<\/p>\n<p data-start=\"446\" data-end=\"579\">Ideais para ocasi\u00f5es especiais ou noites elegantes, s\u00e3o pe\u00e7as intemporais, mas contempor\u00e2neas, que se destacam pela sua sofistica\u00e7\u00e3o subtil.<\/p>","protected":false},"featured_media":8968,"template":"","meta":{"_acf_changed":false},"product_brand":[],"product_cat":[761,54],"product_tag":[420,690,691,597,397,693,692,393],"class_list":{"0":"post-8952","1":"product","2":"type-product","3":"status-publish","4":"has-post-thumbnail","6":"product_cat-drop-earrings","7":"product_cat-earrings","8":"product_tag-bridal-earrings","9":"product_tag-diamond-drop-earrings","10":"product_tag-elegant-earrings","11":"product_tag-evening-jewelry","12":"product_tag-lab-grown-diamond-earrings","13":"product_tag-riviera-collection","14":"product_tag-tennis-drop-earrings","15":"product_tag-white-gold-earrings","16":"pa_metal-white-gold","18":"first","19":"instock","20":"taxable","21":"shipping-taxable","22":"purchasable","23":"product-type-simple"},"acf":[],"jetpack_sharing_enabled":true,"_links":{"self":[{"href":"https:\/\/lumierediamonds.eu\/pt\/wp-json\/wp\/v2\/product\/8952","targetHints":{"allow":["GET"]}}],"collection":[{"href":"https:\/\/lumierediamonds.eu\/pt\/wp-json\/wp\/v2\/product"}],"about":[{"href":"https:\/\/lumierediamonds.eu\/pt\/wp-json\/wp\/v2\/types\/product"}],"version-history":[{"count":8,"href":"https:\/\/lumierediamonds.eu\/pt\/wp-json\/wp\/v2\/product\/8952\/revisions"}],"predecessor-version":[{"id":11491,"href":"https:\/\/lumierediamonds.eu\/pt\/wp-json\/wp\/v2\/product\/8952\/revisions\/11491"}],"wp:featuredmedia":[{"embeddable":true,"href":"https:\/\/lumierediamonds.eu\/pt\/wp-json\/wp\/v2\/media\/8968"}],"wp:attachment":[{"href":"https:\/\/lumierediamonds.eu\/pt\/wp-json\/wp\/v2\/media?parent=8952"}],"wp:term":[{"taxonomy":"product_brand","embeddable":true,"href":"https:\/\/lumierediamonds.eu\/pt\/wp-json\/wp\/v2\/product_brand?post=8952"},{"taxonomy":"product_cat","embeddable":true,"href":"https:\/\/lumierediamonds.eu\/pt\/wp-json\/wp\/v2\/product_cat?post=8952"},{"taxonomy":"product_tag","embeddable":true,"href":"https:\/\/lumierediamonds.eu\/pt\/wp-json\/wp\/v2\/product_tag?post=8952"}],"curies":[{"name":"wp","href":"https:\/\/api.w.org\/{rel}","templated":true}]}}