{"id":9272,"date":"2025-07-14T17:05:49","date_gmt":"2025-07-14T15:05:49","guid":{"rendered":"https:\/\/lumierediamonds.eu\/?post_type=product&#038;p=9272"},"modified":"2025-11-20T18:38:40","modified_gmt":"2025-11-20T17:38:40","slug":"pingente-de-diamante-com-aureola-lucia","status":"publish","type":"product","link":"https:\/\/lumierediamonds.eu\/pt\/produto\/pingente-de-diamante-com-aureola-lucia\/","title":{"rendered":"Pingente Lucia Halo Diamond"},"content":{"rendered":"<p class=\"p1\"><span class=\"s1\">Elegante e intemporal, o<b> Pingente Lucia Halo Diamond <\/b>brilha com um brilho intenso.<\/span> Um diamante redondo cultivado em laborat\u00f3rio fica no centro, rodeado por uma aur\u00e9ola de pedras menores que captam a luz de todos os \u00e2ngulos. Montado numa corrente fina \u00e0 sua escolha em ouro amarelo ou branco de 18 quilates, ele adiciona um toque de brilho e eleg\u00e2ncia a qualquer roupa, elevando tudo, desde looks do dia a dia at\u00e9 ocasi\u00f5es especiais.<\/p>\n<p class=\"p1\">Dispon\u00edvel em quatro tamanhos \u2014 0,5, 0,75, 1 e 1,5 quilates \u2014, \u00e9 uma pe\u00e7a cl\u00e1ssica feita para brilhar, de dia ou de noite.<\/p>","protected":false},"excerpt":{"rendered":"<p class=\"p1\"><span class=\"s1\">Elegante e intemporal, o<b> Pingente Lucia Halo Diamond <\/b>brilha com um brilho intenso.<\/span> Um diamante redondo cultivado em laborat\u00f3rio fica no centro, rodeado por uma aur\u00e9ola de pedras menores que captam a luz de todos os \u00e2ngulos. Montado numa corrente fina \u00e0 sua escolha em ouro amarelo ou branco de 18 quilates, ele adiciona um toque de brilho e eleg\u00e2ncia a qualquer roupa, elevando tudo, desde looks do dia a dia at\u00e9 ocasi\u00f5es especiais.<\/p>\n<p class=\"p1\">Dispon\u00edvel em quatro tamanhos \u2014 0,5, 0,75, 1 e 1,5 quilates \u2014, \u00e9 uma pe\u00e7a cl\u00e1ssica feita para brilhar, de dia ou de noite.<\/p>","protected":false},"featured_media":9302,"template":"","meta":{"_acf_changed":false},"product_brand":[],"product_cat":[552,53,759],"product_tag":[635,748,746,744,745,751,747,749,750],"class_list":{"0":"post-9272","1":"product","2":"type-product","3":"status-publish","4":"has-post-thumbnail","6":"product_cat-diamond-essentials","7":"product_cat-necklaces-pendants","8":"product_cat-pendants","9":"product_tag-18k-gold-necklace","10":"product_tag-cable-chain-necklace","11":"product_tag-fine-diamond-jewelry","12":"product_tag-halo-diamond-pendant","13":"product_tag-lab-grown-diamond-pendant","14":"product_tag-luxury-pendant","15":"product_tag-minimalist-pendant","16":"product_tag-round-brilliant-pendant","17":"product_tag-timeless-jewelry","18":"pa_metal-white-gold","19":"pa_metal-yellow-gold","21":"first","22":"instock","23":"taxable","24":"shipping-taxable","25":"purchasable","26":"product-type-variable"},"acf":[],"jetpack_sharing_enabled":true,"_links":{"self":[{"href":"https:\/\/lumierediamonds.eu\/pt\/wp-json\/wp\/v2\/product\/9272","targetHints":{"allow":["GET"]}}],"collection":[{"href":"https:\/\/lumierediamonds.eu\/pt\/wp-json\/wp\/v2\/product"}],"about":[{"href":"https:\/\/lumierediamonds.eu\/pt\/wp-json\/wp\/v2\/types\/product"}],"version-history":[{"count":6,"href":"https:\/\/lumierediamonds.eu\/pt\/wp-json\/wp\/v2\/product\/9272\/revisions"}],"predecessor-version":[{"id":11466,"href":"https:\/\/lumierediamonds.eu\/pt\/wp-json\/wp\/v2\/product\/9272\/revisions\/11466"}],"wp:featuredmedia":[{"embeddable":true,"href":"https:\/\/lumierediamonds.eu\/pt\/wp-json\/wp\/v2\/media\/9302"}],"wp:attachment":[{"href":"https:\/\/lumierediamonds.eu\/pt\/wp-json\/wp\/v2\/media?parent=9272"}],"wp:term":[{"taxonomy":"product_brand","embeddable":true,"href":"https:\/\/lumierediamonds.eu\/pt\/wp-json\/wp\/v2\/product_brand?post=9272"},{"taxonomy":"product_cat","embeddable":true,"href":"https:\/\/lumierediamonds.eu\/pt\/wp-json\/wp\/v2\/product_cat?post=9272"},{"taxonomy":"product_tag","embeddable":true,"href":"https:\/\/lumierediamonds.eu\/pt\/wp-json\/wp\/v2\/product_tag?post=9272"}],"curies":[{"name":"wp","href":"https:\/\/api.w.org\/{rel}","templated":true}]}}