{"id":9794,"date":"2025-07-20T23:25:58","date_gmt":"2025-07-20T21:25:58","guid":{"rendered":"https:\/\/lumierediamonds.eu\/?post_type=product&#038;p=9794"},"modified":"2025-10-23T10:54:28","modified_gmt":"2025-10-23T08:54:28","slug":"brincos-pequenos-em-forma-de-argola","status":"publish","type":"product","link":"https:\/\/lumierediamonds.eu\/pt\/produto\/brincos-pequenos-em-forma-de-argola\/","title":{"rendered":"Brincos pequenos em forma de argola Elle"},"content":{"rendered":"<p data-start=\"66\" data-end=\"390\">Minimalista e refinado, o <strong data-start=\"98\" data-end=\"126\">Brincos pequenos em forma de argola Elle<\/strong> s\u00e3o um elemento essencial da modernidade.<\/p>\n<p data-start=\"66\" data-end=\"390\">Fabricados em ouro amarelo, branco ou rosa de 18 quilates, \u00e0 sua escolha, estes brincos polidos foram concebidos para oferecer sofistica\u00e7\u00e3o sem esfor\u00e7o e versatilidade no dia a dia. O seu design elegante e o fecho articulado garantem conforto e eleg\u00e2ncia em todas as ocasi\u00f5es.<\/p>","protected":false},"excerpt":{"rendered":"<p data-start=\"66\" data-end=\"390\">Minimalista e refinado, o <strong data-start=\"98\" data-end=\"126\">Brincos pequenos em forma de argola Elle<\/strong> s\u00e3o um elemento essencial da modernidade.<\/p>\n<p data-start=\"66\" data-end=\"390\">Fabricados em ouro amarelo, branco ou rosa de 18 quilates, \u00e0 sua escolha, estes brincos polidos foram concebidos para oferecer sofistica\u00e7\u00e3o sem esfor\u00e7o e versatilidade no dia a dia. O seu design elegante e o fecho articulado garantem conforto e eleg\u00e2ncia em todas as ocasi\u00f5es.<\/p>","protected":false},"featured_media":9532,"template":"","meta":{"_acf_changed":false},"product_brand":[],"product_cat":[54,752,762,879],"product_tag":[823,828,824,770,826,827,822,787,825],"class_list":{"0":"post-9794","1":"product","2":"type-product","3":"status-publish","4":"has-post-thumbnail","6":"product_cat-earrings","7":"product_cat-gold-essentials","8":"product_cat-hoop-earrings","9":"product_cat-huggies","10":"product_tag-18k-hoop-earrings","11":"product_tag-elle-collection","12":"product_tag-everyday-gold-earrings","13":"product_tag-minimalist-earrings","14":"product_tag-rose-gold-jewelry","15":"product_tag-sleek-hoop-earrings","16":"product_tag-small-gold-hoops","17":"product_tag-white-gold-hoops","18":"product_tag-yellow-gold-hoops","19":"pa_metal-rose-gold","20":"pa_metal-white-gold","21":"pa_metal-yellow-gold","23":"first","24":"instock","25":"taxable","26":"shipping-taxable","27":"purchasable","28":"product-type-variable"},"acf":[],"jetpack_sharing_enabled":true,"_links":{"self":[{"href":"https:\/\/lumierediamonds.eu\/pt\/wp-json\/wp\/v2\/product\/9794","targetHints":{"allow":["GET"]}}],"collection":[{"href":"https:\/\/lumierediamonds.eu\/pt\/wp-json\/wp\/v2\/product"}],"about":[{"href":"https:\/\/lumierediamonds.eu\/pt\/wp-json\/wp\/v2\/types\/product"}],"version-history":[{"count":3,"href":"https:\/\/lumierediamonds.eu\/pt\/wp-json\/wp\/v2\/product\/9794\/revisions"}],"predecessor-version":[{"id":9967,"href":"https:\/\/lumierediamonds.eu\/pt\/wp-json\/wp\/v2\/product\/9794\/revisions\/9967"}],"wp:featuredmedia":[{"embeddable":true,"href":"https:\/\/lumierediamonds.eu\/pt\/wp-json\/wp\/v2\/media\/9532"}],"wp:attachment":[{"href":"https:\/\/lumierediamonds.eu\/pt\/wp-json\/wp\/v2\/media?parent=9794"}],"wp:term":[{"taxonomy":"product_brand","embeddable":true,"href":"https:\/\/lumierediamonds.eu\/pt\/wp-json\/wp\/v2\/product_brand?post=9794"},{"taxonomy":"product_cat","embeddable":true,"href":"https:\/\/lumierediamonds.eu\/pt\/wp-json\/wp\/v2\/product_cat?post=9794"},{"taxonomy":"product_tag","embeddable":true,"href":"https:\/\/lumierediamonds.eu\/pt\/wp-json\/wp\/v2\/product_tag?post=9794"}],"curies":[{"name":"wp","href":"https:\/\/api.w.org\/{rel}","templated":true}]}}