{"id":9796,"date":"2025-07-20T23:25:58","date_gmt":"2025-07-20T21:25:58","guid":{"rendered":"https:\/\/lumierediamonds.eu\/?post_type=product&#038;p=9796"},"modified":"2025-10-24T13:00:22","modified_gmt":"2025-10-24T11:00:22","slug":"brincos-de-borboleta-com-diamantes-nala","status":"publish","type":"product","link":"https:\/\/lumierediamonds.eu\/pt\/produto\/brincos-de-borboleta-com-diamantes-nala\/","title":{"rendered":"Brincos Nala Diamond Butterfly"},"content":{"rendered":"<p data-start=\"207\" data-end=\"492\">Divertido e feminino, o<strong data-start=\"207\" data-end=\"319\"> Brincos Nala Diamond Butterfly <\/strong>s\u00e3o uma adi\u00e7\u00e3o encantadora a qualquer cole\u00e7\u00e3o de joias.<\/p>\n<p data-start=\"207\" data-end=\"492\">Feito em ouro amarelo ou branco de 18 quilates, cada brinco tem a forma de uma graciosa borboleta, delicadamente incrustada com 0,2 quilates de diamantes cultivados em laborat\u00f3rio que brilham a cada movimento.<\/p>\n<p data-start=\"494\" data-end=\"658\">Um presente alegre para qualquer idade \u2014 seja para celebrar o esp\u00edrito jovem ou simplesmente para desfrutar de um momento descontra\u00eddo \u2014, eles trazem um toque de brilho e liberdade ao estilo do dia a dia.<\/p>","protected":false},"excerpt":{"rendered":"<p data-start=\"207\" data-end=\"492\">Divertido e feminino, o<strong data-start=\"207\" data-end=\"319\"> Brincos Nala Diamond Butterfly <\/strong>s\u00e3o uma adi\u00e7\u00e3o encantadora a qualquer cole\u00e7\u00e3o de joias.<\/p>\n<p data-start=\"207\" data-end=\"492\">Feito em ouro amarelo ou branco de 18 quilates, cada brinco tem a forma de uma graciosa borboleta, delicadamente incrustada com 0,2 quilates de diamantes cultivados em laborat\u00f3rio que brilham a cada movimento.<\/p>\n<p data-start=\"494\" data-end=\"658\">Um presente alegre para qualquer idade \u2014 seja para celebrar o esp\u00edrito jovem ou simplesmente para desfrutar de um momento descontra\u00eddo \u2014, eles trazem um toque de brilho e liberdade ao estilo do dia a dia.<\/p>","protected":false},"featured_media":9591,"template":"","meta":{"_acf_changed":false},"product_brand":[],"product_cat":[552,54,760],"product_tag":[778,777,779,780,366,397,782,781,393],"class_list":{"0":"post-9796","1":"product","2":"type-product","3":"status-publish","4":"has-post-thumbnail","6":"product_cat-diamond-essentials","7":"product_cat-earrings","8":"product_cat-stud-earrings","9":"product_tag-18k-yellow-gold-studs","10":"product_tag-butterfly-earrings","11":"product_tag-dainty-diamond-studs","12":"product_tag-diamond-butterfly-jewelry","13":"product_tag-everyday-luxury","14":"product_tag-lab-grown-diamond-earrings","15":"product_tag-petite-earrings","16":"product_tag-whimsical-fine-jewelry","17":"product_tag-white-gold-earrings","18":"pa_metal-white-gold","19":"pa_metal-yellow-gold","21":"first","22":"instock","23":"taxable","24":"shipping-taxable","25":"purchasable","26":"product-type-variable"},"acf":[],"jetpack_sharing_enabled":true,"_links":{"self":[{"href":"https:\/\/lumierediamonds.eu\/pt\/wp-json\/wp\/v2\/product\/9796","targetHints":{"allow":["GET"]}}],"collection":[{"href":"https:\/\/lumierediamonds.eu\/pt\/wp-json\/wp\/v2\/product"}],"about":[{"href":"https:\/\/lumierediamonds.eu\/pt\/wp-json\/wp\/v2\/types\/product"}],"version-history":[{"count":5,"href":"https:\/\/lumierediamonds.eu\/pt\/wp-json\/wp\/v2\/product\/9796\/revisions"}],"predecessor-version":[{"id":9972,"href":"https:\/\/lumierediamonds.eu\/pt\/wp-json\/wp\/v2\/product\/9796\/revisions\/9972"}],"wp:featuredmedia":[{"embeddable":true,"href":"https:\/\/lumierediamonds.eu\/pt\/wp-json\/wp\/v2\/media\/9591"}],"wp:attachment":[{"href":"https:\/\/lumierediamonds.eu\/pt\/wp-json\/wp\/v2\/media?parent=9796"}],"wp:term":[{"taxonomy":"product_brand","embeddable":true,"href":"https:\/\/lumierediamonds.eu\/pt\/wp-json\/wp\/v2\/product_brand?post=9796"},{"taxonomy":"product_cat","embeddable":true,"href":"https:\/\/lumierediamonds.eu\/pt\/wp-json\/wp\/v2\/product_cat?post=9796"},{"taxonomy":"product_tag","embeddable":true,"href":"https:\/\/lumierediamonds.eu\/pt\/wp-json\/wp\/v2\/product_tag?post=9796"}],"curies":[{"name":"wp","href":"https:\/\/api.w.org\/{rel}","templated":true}]}}