{"id":9798,"date":"2025-07-20T23:25:58","date_gmt":"2025-07-20T21:25:58","guid":{"rendered":"https:\/\/lumierediamonds.eu\/product\/mini-rope-gold-band\/"},"modified":"2025-07-21T00:09:00","modified_gmt":"2025-07-20T22:09:00","slug":"mini-pulseira-de-ouro-com-corda","status":"publish","type":"product","link":"https:\/\/lumierediamonds.eu\/pt\/produto\/mini-pulseira-de-ouro-com-corda\/","title":{"rendered":"Mini faixa dourada com cord\u00e3o"},"content":{"rendered":"<p class=\"p1\">Uma vers\u00e3o refinada da eleg\u00e2ncia quotidiana, a Mini Rope Gold Band apresenta um design delicado que brilha em ouro amarelo de 18k polido. Com a sua leveza e 2 mm de largura, \u00e9 a pe\u00e7a minimalista perfeita - ideal para empilhar, oferecer ou usar sozinha como uma declara\u00e7\u00e3o de luxo discreta. Fabricada em ouro de 18k com certifica\u00e7\u00e3o LBMA, oferece uma qualidade duradoura e um estilo intemporal.<\/p>","protected":false},"excerpt":{"rendered":"<p class=\"p1\">Uma vers\u00e3o refinada da eleg\u00e2ncia quotidiana, a Mini Rope Gold Band apresenta um design delicado que brilha em ouro amarelo de 18k polido. Com uma sensa\u00e7\u00e3o de leveza e 2 mm de largura, \u00e9 a pe\u00e7a minimalista perfeita - ideal para empilhar, oferecer ou usar sozinha como uma declara\u00e7\u00e3o de luxo discreta.<\/p>","protected":false},"featured_media":9498,"template":"","meta":{"_acf_changed":false},"product_brand":[],"product_cat":[752,52],"product_tag":[680,820,817,638,815,821,814,816,818,819],"class_list":{"0":"post-9798","1":"product","2":"type-product","3":"status-publish","4":"has-post-thumbnail","6":"product_cat-gold-essentials","7":"product_cat-rings","8":"product_tag-18k-gold-ring","9":"product_tag-delicate-gold-ring","10":"product_tag-everyday-gold-jewelry","11":"product_tag-fine-jewelry","12":"product_tag-minimalist-ring","13":"product_tag-quiet-luxury","14":"product_tag-rope-ring","15":"product_tag-stackable-gold-band","16":"product_tag-twisted-gold-band","17":"product_tag-yellow-gold-ring","18":"pa_metal-yellow-gold","20":"first","21":"instock","22":"taxable","23":"shipping-taxable","24":"purchasable","25":"product-type-simple"},"acf":[],"jetpack_sharing_enabled":true,"_links":{"self":[{"href":"https:\/\/lumierediamonds.eu\/pt\/wp-json\/wp\/v2\/product\/9798","targetHints":{"allow":["GET"]}}],"collection":[{"href":"https:\/\/lumierediamonds.eu\/pt\/wp-json\/wp\/v2\/product"}],"about":[{"href":"https:\/\/lumierediamonds.eu\/pt\/wp-json\/wp\/v2\/types\/product"}],"version-history":[{"count":1,"href":"https:\/\/lumierediamonds.eu\/pt\/wp-json\/wp\/v2\/product\/9798\/revisions"}],"predecessor-version":[{"id":9851,"href":"https:\/\/lumierediamonds.eu\/pt\/wp-json\/wp\/v2\/product\/9798\/revisions\/9851"}],"wp:featuredmedia":[{"embeddable":true,"href":"https:\/\/lumierediamonds.eu\/pt\/wp-json\/wp\/v2\/media\/9498"}],"wp:attachment":[{"href":"https:\/\/lumierediamonds.eu\/pt\/wp-json\/wp\/v2\/media?parent=9798"}],"wp:term":[{"taxonomy":"product_brand","embeddable":true,"href":"https:\/\/lumierediamonds.eu\/pt\/wp-json\/wp\/v2\/product_brand?post=9798"},{"taxonomy":"product_cat","embeddable":true,"href":"https:\/\/lumierediamonds.eu\/pt\/wp-json\/wp\/v2\/product_cat?post=9798"},{"taxonomy":"product_tag","embeddable":true,"href":"https:\/\/lumierediamonds.eu\/pt\/wp-json\/wp\/v2\/product_tag?post=9798"}],"curies":[{"name":"wp","href":"https:\/\/api.w.org\/{rel}","templated":true}]}}