{"id":9807,"date":"2025-07-20T23:26:01","date_gmt":"2025-07-20T21:26:01","guid":{"rendered":"https:\/\/lumierediamonds.eu\/product\/cleo-interlinked-diamond-earrings\/"},"modified":"2025-11-17T13:53:02","modified_gmt":"2025-11-17T12:53:02","slug":"brincos-de-diamantes-interligados-cleo","status":"publish","type":"product","link":"https:\/\/lumierediamonds.eu\/pt\/produto\/brincos-de-diamantes-interligados-cleo\/","title":{"rendered":"Brincos Cleo com diamantes interligados"},"content":{"rendered":"<p data-start=\"234\" data-end=\"572\">Chique e minimalista, o<strong data-start=\"234\" data-end=\"324\"> Brincos Cleo <\/strong>ofere\u00e7a uma mensagem subtil \u00e0 qual recorrer\u00e1 todos os dias.<br data-start=\"324\" data-end=\"327\" \/>Feitos em ouro amarelo 18k, cada brinco apresenta dois c\u00edrculos entrela\u00e7ados \u2014 um polido e outro com pav\u00e9 de diamantes cultivados em laborat\u00f3rio para dar o toque certo de brilho. Leves e f\u00e1ceis de usar, eles prendem-se com seguran\u00e7a com fechos cl\u00e1ssicos de press\u00e3o.<\/p>\n<p data-start=\"574\" data-end=\"640\">Um s\u00edmbolo intemporal de conex\u00e3o, concebido para uma eleg\u00e2ncia descontra\u00edda.<\/p>","protected":false},"excerpt":{"rendered":"<p data-start=\"234\" data-end=\"572\">Chique e minimalista, o<strong data-start=\"234\" data-end=\"324\"> Brincos Cleo <\/strong>ofere\u00e7a uma mensagem subtil \u00e0 qual recorrer\u00e1 todos os dias.<br data-start=\"324\" data-end=\"327\" \/>Feitos em ouro amarelo 18k, cada brinco apresenta dois c\u00edrculos entrela\u00e7ados \u2014 um polido e outro com pav\u00e9 de diamantes cultivados em laborat\u00f3rio para dar o toque certo de brilho. Leves e f\u00e1ceis de usar, eles prendem-se com seguran\u00e7a com fechos cl\u00e1ssicos de press\u00e3o.<\/p>\n<p data-start=\"574\" data-end=\"640\">Um s\u00edmbolo intemporal de conex\u00e3o, concebido para uma eleg\u00e2ncia descontra\u00edda.<\/p>","protected":false},"featured_media":9526,"template":"","meta":{"_acf_changed":false},"product_brand":[],"product_cat":[552,54,760],"product_tag":[356,802,806,803,804,801,498,805,770,394],"class_list":{"0":"post-9807","1":"product","2":"type-product","3":"status-publish","4":"has-post-thumbnail","6":"product_cat-diamond-essentials","7":"product_cat-earrings","8":"product_cat-stud-earrings","9":"product_tag-18k-yellow-gold","10":"product_tag-circle-motif-earrings","11":"product_tag-cleo-collection","12":"product_tag-dainty-gold-earrings","13":"product_tag-everyday-sparkle","14":"product_tag-interlinked-diamond-earrings","15":"product_tag-lab-grown-diamond-jewelry","16":"product_tag-luxury-gold-hoops","17":"product_tag-minimalist-earrings","18":"product_tag-pave-diamond-earrings","19":"pa_metal-yellow-gold","21":"first","22":"instock","23":"taxable","24":"shipping-taxable","25":"purchasable","26":"product-type-simple"},"acf":[],"jetpack_sharing_enabled":true,"_links":{"self":[{"href":"https:\/\/lumierediamonds.eu\/pt\/wp-json\/wp\/v2\/product\/9807","targetHints":{"allow":["GET"]}}],"collection":[{"href":"https:\/\/lumierediamonds.eu\/pt\/wp-json\/wp\/v2\/product"}],"about":[{"href":"https:\/\/lumierediamonds.eu\/pt\/wp-json\/wp\/v2\/types\/product"}],"version-history":[{"count":3,"href":"https:\/\/lumierediamonds.eu\/pt\/wp-json\/wp\/v2\/product\/9807\/revisions"}],"predecessor-version":[{"id":9963,"href":"https:\/\/lumierediamonds.eu\/pt\/wp-json\/wp\/v2\/product\/9807\/revisions\/9963"}],"wp:featuredmedia":[{"embeddable":true,"href":"https:\/\/lumierediamonds.eu\/pt\/wp-json\/wp\/v2\/media\/9526"}],"wp:attachment":[{"href":"https:\/\/lumierediamonds.eu\/pt\/wp-json\/wp\/v2\/media?parent=9807"}],"wp:term":[{"taxonomy":"product_brand","embeddable":true,"href":"https:\/\/lumierediamonds.eu\/pt\/wp-json\/wp\/v2\/product_brand?post=9807"},{"taxonomy":"product_cat","embeddable":true,"href":"https:\/\/lumierediamonds.eu\/pt\/wp-json\/wp\/v2\/product_cat?post=9807"},{"taxonomy":"product_tag","embeddable":true,"href":"https:\/\/lumierediamonds.eu\/pt\/wp-json\/wp\/v2\/product_tag?post=9807"}],"curies":[{"name":"wp","href":"https:\/\/api.w.org\/{rel}","templated":true}]}}