{"id":9819,"date":"2025-07-20T23:26:04","date_gmt":"2025-07-20T21:26:04","guid":{"rendered":"https:\/\/lumierediamonds.eu\/product\/amore-diamond-heart-drop-earrings\/"},"modified":"2025-10-17T15:56:40","modified_gmt":"2025-10-17T13:56:40","slug":"brincos-com-pingente-em-forma-de-coracao-com-diamantes-amore","status":"publish","type":"product","link":"https:\/\/lumierediamonds.eu\/pt\/produto\/brincos-com-pingente-em-forma-de-coracao-com-diamantes-amore\/","title":{"rendered":"Brincos Amore Diamond Heart Drop"},"content":{"rendered":"<p data-start=\"263\" data-end=\"390\">Doce, mas marcante, o <strong>Brincos Amore<\/strong> d\u00ea um toque divertido e rom\u00e2ntico ao seu visual.<\/p>\n<p data-start=\"392\" data-end=\"660\">Feitas em ouro amarelo 18k, cada gota apresenta uma cascata de cora\u00e7\u00f5es alternados polidos e pav\u00e9 de diamantes, com 66 diamantes cultivados em laborat\u00f3rio, totalizando 0,38 quilates. Concebidas para se moverem consigo e com fechos push-back seguros, elas brilham com significado e charme.<\/p>\n<p data-start=\"662\" data-end=\"714\">Um presente perfeito de amor \u2014 ou uma lembran\u00e7a pessoal dele.<\/p>","protected":false},"excerpt":{"rendered":"<p data-start=\"263\" data-end=\"390\">Doce, mas marcante, o <strong>Brincos Amore<\/strong> d\u00ea um toque divertido e rom\u00e2ntico ao seu visual.<\/p>\n<p data-start=\"392\" data-end=\"660\">Feitas em ouro amarelo 18k, cada gota apresenta uma cascata de cora\u00e7\u00f5es alternados polidos e pav\u00e9 de diamantes, com 66 diamantes cultivados em laborat\u00f3rio, totalizando 0,38 quilates. Concebidas para se moverem consigo e com fechos push-back seguros, elas brilham com significado e charme.<\/p>\n<p data-start=\"662\" data-end=\"714\">Um presente perfeito de amor \u2014 ou uma lembran\u00e7a pessoal dele.<\/p>","protected":false},"featured_media":9556,"template":"","meta":{"_acf_changed":false},"product_brand":[],"product_cat":[552,761,54],"product_tag":[686,776,775,773,663,772,397,394,774],"class_list":{"0":"post-9819","1":"product","2":"type-product","3":"status-publish","4":"has-post-thumbnail","6":"product_cat-diamond-essentials","7":"product_cat-drop-earrings","8":"product_cat-earrings","9":"product_tag-18k-yellow-gold-earrings","10":"product_tag-amore-collection","11":"product_tag-dangling-earrings","12":"product_tag-diamond-heart-jewelry","13":"product_tag-fine-gold-jewelry","14":"product_tag-heart-drop-earrings","15":"product_tag-lab-grown-diamond-earrings","16":"product_tag-pave-diamond-earrings","17":"product_tag-romantic-earrings","18":"pa_metal-yellow-gold","20":"first","21":"instock","22":"taxable","23":"shipping-taxable","24":"purchasable","25":"product-type-simple"},"acf":[],"jetpack_sharing_enabled":true,"_links":{"self":[{"href":"https:\/\/lumierediamonds.eu\/pt\/wp-json\/wp\/v2\/product\/9819","targetHints":{"allow":["GET"]}}],"collection":[{"href":"https:\/\/lumierediamonds.eu\/pt\/wp-json\/wp\/v2\/product"}],"about":[{"href":"https:\/\/lumierediamonds.eu\/pt\/wp-json\/wp\/v2\/types\/product"}],"version-history":[{"count":3,"href":"https:\/\/lumierediamonds.eu\/pt\/wp-json\/wp\/v2\/product\/9819\/revisions"}],"predecessor-version":[{"id":9958,"href":"https:\/\/lumierediamonds.eu\/pt\/wp-json\/wp\/v2\/product\/9819\/revisions\/9958"}],"wp:featuredmedia":[{"embeddable":true,"href":"https:\/\/lumierediamonds.eu\/pt\/wp-json\/wp\/v2\/media\/9556"}],"wp:attachment":[{"href":"https:\/\/lumierediamonds.eu\/pt\/wp-json\/wp\/v2\/media?parent=9819"}],"wp:term":[{"taxonomy":"product_brand","embeddable":true,"href":"https:\/\/lumierediamonds.eu\/pt\/wp-json\/wp\/v2\/product_brand?post=9819"},{"taxonomy":"product_cat","embeddable":true,"href":"https:\/\/lumierediamonds.eu\/pt\/wp-json\/wp\/v2\/product_cat?post=9819"},{"taxonomy":"product_tag","embeddable":true,"href":"https:\/\/lumierediamonds.eu\/pt\/wp-json\/wp\/v2\/product_tag?post=9819"}],"curies":[{"name":"wp","href":"https:\/\/api.w.org\/{rel}","templated":true}]}}