{"id":9933,"date":"2025-07-21T16:24:42","date_gmt":"2025-07-21T14:24:42","guid":{"rendered":"https:\/\/lumierediamonds.eu\/product\/eden-pave-diamond-hoop-earrings\/"},"modified":"2025-11-24T15:59:23","modified_gmt":"2025-11-24T14:59:23","slug":"brincos-de-argola-com-diamantes-eden-pave","status":"publish","type":"product","link":"https:\/\/lumierediamonds.eu\/pt\/produto\/brincos-de-argola-com-diamantes-eden-pave\/","title":{"rendered":"Brincos de argola com diamantes Eden Pav\u00e9"},"content":{"rendered":"<p data-start=\"142\" data-end=\"490\">O <strong data-start=\"142\" data-end=\"206\">Brincos Eden<\/strong> s\u00e3o uma nova vers\u00e3o do cl\u00e1ssico brinco de argola dourado.<br data-start=\"206\" data-end=\"209\" \/>Feitos em ouro amarelo 18k e adornados com uma fileira de diamantes cultivados em laborat\u00f3rio em pav\u00e9, eles oferecem um equil\u00edbrio refinado entre brilho e eleg\u00e2ncia. A sua forma suavemente curvada envolve a orelha para um ajuste elegante e confort\u00e1vel \u2014 ideal para elevar os looks do dia a dia ou dar um toque final ao estilo noturno.<\/p>\n<p data-start=\"492\" data-end=\"532\">Sem esfor\u00e7o, intemporal e feito para brilhar.<\/p>","protected":false},"excerpt":{"rendered":"<p data-start=\"142\" data-end=\"490\">O <strong data-start=\"142\" data-end=\"206\">Brincos Eden<\/strong> s\u00e3o uma nova vers\u00e3o do cl\u00e1ssico brinco de argola dourado.<br data-start=\"206\" data-end=\"209\" \/>Feitos em ouro amarelo 18k e adornados com uma fileira de diamantes cultivados em laborat\u00f3rio em pav\u00e9, eles oferecem um equil\u00edbrio refinado entre brilho e eleg\u00e2ncia. A sua forma suavemente curvada envolve a orelha para um ajuste elegante e confort\u00e1vel \u2014 ideal para elevar os looks do dia a dia ou dar um toque final ao estilo noturno.<\/p>\n<p data-start=\"492\" data-end=\"532\">Um cl\u00e1ssico moderno concebido com eleg\u00e2ncia duradoura.<\/p>","protected":false},"featured_media":9903,"template":"","meta":{"_acf_changed":false},"product_brand":[],"product_cat":[552,54,879],"product_tag":[881,883,798,412,225,498,880,882,834],"class_list":{"0":"post-9933","1":"product","2":"type-product","3":"status-publish","4":"has-post-thumbnail","6":"product_cat-diamond-essentials","7":"product_cat-earrings","8":"product_cat-huggies","9":"product_tag-18k-diamond-earrings","10":"product_tag-elegant-hoops","11":"product_tag-everyday-earrings","12":"product_tag-fine-jewelry-for-women","13":"product_tag-huggie-earrings","14":"product_tag-lab-grown-diamond-jewelry","15":"product_tag-pave-hoop-earrings","16":"product_tag-small-diamond-hoops","17":"product_tag-yellow-gold-earrings","18":"pa_metal-yellow-gold","20":"first","21":"instock","22":"taxable","23":"shipping-taxable","24":"purchasable","25":"product-type-simple"},"acf":[],"jetpack_sharing_enabled":true,"_links":{"self":[{"href":"https:\/\/lumierediamonds.eu\/pt\/wp-json\/wp\/v2\/product\/9933","targetHints":{"allow":["GET"]}}],"collection":[{"href":"https:\/\/lumierediamonds.eu\/pt\/wp-json\/wp\/v2\/product"}],"about":[{"href":"https:\/\/lumierediamonds.eu\/pt\/wp-json\/wp\/v2\/types\/product"}],"version-history":[{"count":2,"href":"https:\/\/lumierediamonds.eu\/pt\/wp-json\/wp\/v2\/product\/9933\/revisions"}],"predecessor-version":[{"id":9964,"href":"https:\/\/lumierediamonds.eu\/pt\/wp-json\/wp\/v2\/product\/9933\/revisions\/9964"}],"wp:featuredmedia":[{"embeddable":true,"href":"https:\/\/lumierediamonds.eu\/pt\/wp-json\/wp\/v2\/media\/9903"}],"wp:attachment":[{"href":"https:\/\/lumierediamonds.eu\/pt\/wp-json\/wp\/v2\/media?parent=9933"}],"wp:term":[{"taxonomy":"product_brand","embeddable":true,"href":"https:\/\/lumierediamonds.eu\/pt\/wp-json\/wp\/v2\/product_brand?post=9933"},{"taxonomy":"product_cat","embeddable":true,"href":"https:\/\/lumierediamonds.eu\/pt\/wp-json\/wp\/v2\/product_cat?post=9933"},{"taxonomy":"product_tag","embeddable":true,"href":"https:\/\/lumierediamonds.eu\/pt\/wp-json\/wp\/v2\/product_tag?post=9933"}],"curies":[{"name":"wp","href":"https:\/\/api.w.org\/{rel}","templated":true}]}}