{"id":9939,"date":"2025-07-21T16:24:43","date_gmt":"2025-07-21T14:24:43","guid":{"rendered":"https:\/\/lumierediamonds.eu\/product\/vita-interlocking-trinity-ring\/"},"modified":"2025-12-16T20:44:18","modified_gmt":"2025-12-16T19:44:18","slug":"anel-trindade-entrelacado-vita","status":"publish","type":"product","link":"https:\/\/lumierediamonds.eu\/pt\/produto\/anel-trindade-entrelacado-vita\/","title":{"rendered":"Anel Vita Interlocking Trinity"},"content":{"rendered":"<p class=\"p1\">Um s\u00edmbolo de unidade e movimento, o anel Vita Interlocking Trinity Ring apresenta tr\u00eas faixas entrela\u00e7adas em ouro amarelo, branco e rosa de 18k. Concebido para rolar fluidamente com cada movimento, este estilo ic\u00f3nico oferece uma eleg\u00e2ncia moderna e um significado intemporal num design \u00fanico e sem falhas. Fabricado em ouro de 18k com certifica\u00e7\u00e3o LBMA, \u00e9 uma escolha significativa para casamentos, anivers\u00e1rios ou sofistica\u00e7\u00e3o quotidiana.<\/p>","protected":false},"excerpt":{"rendered":"<p class=\"p1\">Um s\u00edmbolo de unidade e movimento, o anel Vita Interlocking Trinity Ring apresenta tr\u00eas faixas entrela\u00e7adas em ouro amarelo, branco e rosa de 18k. Concebido para rolar fluidamente com cada movimento, este estilo ic\u00f3nico oferece uma eleg\u00e2ncia moderna e um significado intemporal num design \u00fanico e sem falhas.<\/p>","protected":false},"featured_media":9878,"template":"","meta":{"_acf_changed":false},"product_brand":[],"product_cat":[52,898],"product_tag":[680,638,903,899,904,900,902,905,901],"class_list":{"0":"post-9939","1":"product","2":"type-product","3":"status-publish","4":"has-post-thumbnail","6":"product_cat-rings","7":"product_cat-statement-rings","8":"product_tag-18k-gold-ring","9":"product_tag-fine-jewelry","10":"product_tag-interlocking-bands","11":"product_tag-rolling-ring","12":"product_tag-symbolic-ring","13":"product_tag-trinity-gold-ring","14":"product_tag-unity-ring","15":"product_tag-wedding-ring-alternative","16":"product_tag-yellow-white-rose-gold-ring","17":"pa_metal-18k-tri-color-gold","19":"first","20":"instock","21":"taxable","22":"shipping-taxable","23":"purchasable","24":"product-type-simple"},"acf":[],"jetpack_sharing_enabled":true,"_links":{"self":[{"href":"https:\/\/lumierediamonds.eu\/pt\/wp-json\/wp\/v2\/product\/9939","targetHints":{"allow":["GET"]}}],"collection":[{"href":"https:\/\/lumierediamonds.eu\/pt\/wp-json\/wp\/v2\/product"}],"about":[{"href":"https:\/\/lumierediamonds.eu\/pt\/wp-json\/wp\/v2\/types\/product"}],"version-history":[{"count":2,"href":"https:\/\/lumierediamonds.eu\/pt\/wp-json\/wp\/v2\/product\/9939\/revisions"}],"predecessor-version":[{"id":14413,"href":"https:\/\/lumierediamonds.eu\/pt\/wp-json\/wp\/v2\/product\/9939\/revisions\/14413"}],"wp:featuredmedia":[{"embeddable":true,"href":"https:\/\/lumierediamonds.eu\/pt\/wp-json\/wp\/v2\/media\/9878"}],"wp:attachment":[{"href":"https:\/\/lumierediamonds.eu\/pt\/wp-json\/wp\/v2\/media?parent=9939"}],"wp:term":[{"taxonomy":"product_brand","embeddable":true,"href":"https:\/\/lumierediamonds.eu\/pt\/wp-json\/wp\/v2\/product_brand?post=9939"},{"taxonomy":"product_cat","embeddable":true,"href":"https:\/\/lumierediamonds.eu\/pt\/wp-json\/wp\/v2\/product_cat?post=9939"},{"taxonomy":"product_tag","embeddable":true,"href":"https:\/\/lumierediamonds.eu\/pt\/wp-json\/wp\/v2\/product_tag?post=9939"}],"curies":[{"name":"wp","href":"https:\/\/api.w.org\/{rel}","templated":true}]}}